{"id":11769,"date":"2020-06-12T06:07:42","date_gmt":"2020-06-12T06:07:42","guid":{"rendered":"https:\/\/knjigoljubac.ba\/?post_type=product&#038;p=11769"},"modified":"2020-06-12T06:07:43","modified_gmt":"2020-06-12T06:07:43","slug":"u-pozaru-svetova-ivo-andric-jedan-evropski-zivot","status":"publish","type":"product","link":"https:\/\/knjigoljubac.ba\/bs\/product\/u-pozaru-svetova-ivo-andric-jedan-evropski-zivot\/","title":{"rendered":"U po\u017earu svetova: Ivo Andri\u0107 \u2013 jedan evropski \u017eivot"},"content":{"rendered":"<p>Naslov knjige\u00a0<em>U po\u017earu svetova<\/em>\u00a0parafraza je re\u010denice iz Andri\u0107eve pri\u010de \u201e\u017dena na kamenu\u201c jer, prema re\u010dima autora ove knjige, najbolje ilustruje Andri\u0107ev politi\u010dki \u017eivot: \u201eSagoreti bez ostatka, izgubiti se u op\u0161tem po\u017earu svetova kao vatra u vatri.\u201c Na nekoliko stotina stranica Martens detaljno, i na osnovu temeljnog poznavanja Andri\u0107evog dela, prepiske, arhivske gra\u0111e i kori\u0161\u0107ene literature, opisuje Andri\u0107ev \u017eivot od ro\u0111enja u Bosni, preko sarajevskog atentata i diplomatske slu\u017ebe u evropskim prestonicama i Tre\u0107em rajhu, pa do \u017eivota u Beogradu pod okupacijom, kada pi\u0161e dela koja \u0107e mu doneti svetsku slavu, a priklanjanje Andri\u0107a novoj vlasti posle oslobo\u0111enja posebno su intrigantan deo ove iscrpne i pouzdane biografske studije.<\/p>\n<p>\u201eU pitanju je zadivljuju\u0107a biografija knji\u017eevnog genija u politi\u010dki burnom vremenu, koji svoje mo\u0107no stvarala\u010dko oru\u0111e nije iskoristio kao patos akcije i oredeljenja nego kao doprinos dostojanstvu velike literature.\u201c Andreas Brajten\u0161tajn<\/p>\n<p>\u201eKnjiga\u00a0<em>U po\u017earu svetova<\/em>\u00a0na mnogo \u0107e se na\u010dina \u010ditati u zemlji i u zemljama iz kojih je Ivo Andri\u0107 potekao, ali nijedan ne\u0107e biti sli\u010dan na\u010dinu na koji se \u010dita u Njema\u010dkoj, ili na koji \u0107e se \u010ditati na drugim europskim jezicima na koje \u0107e biti prevedena. Veli\u010dina Martensove knjige u tome je \u0161to je uspio napisati tekst koji je mogu\u0107e obuhvatiti iz kulturolo\u0161ki tako udaljenih perspektiva i iz toliko razli\u010ditih interesa.\u201c Miljenko Jergovi\u0107<\/p>\n<p>\u201eIvo Andri\u0107 bio je prvi koji se u svojim knjigama zapitao mogu li Evropa i Islam zajedno. Izvanredna Martensova biografija Ive Andri\u0107a \u010dita se kao uzbudljiv roman XX veka.\u201c Volfgang \u0160najder<\/p>\n<p>\u201eMartensova knjiga o Andri\u0107u na svojevrstan na\u010din potvr\u0111uje tezu da autori ro\u0111eni izvan jugoslovenskog istorijskog prostora, kojima srpski nije maternji, ali njime suvereno vladaju, mogu da napi\u0161u knjige koje na\u0161oj kulturi nedostaju.\u201c Muharem Bazdulj<\/p>","protected":false},"excerpt":{"rendered":"<div><span class=\"naslov\"><span class=\"naslov\">Pisac:Mihael\u00a0 Martens<\/span><\/span><\/div>\n<div>Format: 17.5&#215;24.5 cm<\/div>\n<div><span class=\"naslov\">Broj strana:\u00a0<\/span>302<\/div>\n<div><span class=\"naslov\">Pismo:\u00a0<\/span>Latinica<\/div>\n<div><span class=\"naslov\">Povez:\u00a0<\/span>Tvrd<\/div>\n<div><span class=\"naslov\">Godina izdanja:<br \/>\n<\/span>2. april 2020.<\/div>\n<div><span class=\"naslov\">ISBN:\u00a0<\/span>978-86-521-3573-8<\/div>\n<div><span class=\"naslov\">Prevodilac:\u00a0<\/span>Valeria Fr\u00f6hlich<\/div>","protected":false},"featured_media":11770,"template":"","meta":[],"product_brand":[],"product_cat":[275,325],"product_tag":[506,505],"class_list":{"0":"post-11769","1":"product","2":"type-product","3":"status-publish","4":"has-post-thumbnail","6":"product_cat-biografije-autobiografije-memoari","7":"product_cat-najnovije-u-knjizari","8":"product_tag-ivo-andric","9":"product_tag-mihael-martens","11":"first","12":"instock","13":"taxable","14":"shipping-taxable","15":"purchasable","16":"product-type-simple"},"yoast_head":"<!-- This site is optimized with the Yoast SEO plugin v27.5 - https:\/\/yoast.com\/product\/yoast-seo-wordpress\/ -->\n<title>U po\u017earu svetova: Ivo Andri\u0107 \u2013 jedan evropski \u017eivot - KNJIGOLJUBAC<\/title>\n<meta name=\"robots\" content=\"index, follow, max-snippet:-1, max-image-preview:large, max-video-preview:-1\" \/>\n<link rel=\"canonical\" href=\"https:\/\/knjigoljubac.ba\/bs\/product\/u-pozaru-svetova-ivo-andric-jedan-evropski-zivot\/\" \/>\n<meta property=\"og:locale\" content=\"bs_BA\" \/>\n<meta property=\"og:type\" content=\"article\" \/>\n<meta property=\"og:title\" content=\"U po\u017earu svetova: Ivo Andri\u0107 \u2013 jedan evropski \u017eivot - KNJIGOLJUBAC\" \/>\n<meta property=\"og:description\" content=\"Pisac:Mihael\u00a0 Martens Format: 17.5x24.5 cm Broj strana:\u00a0302 Pismo:\u00a0Latinica Povez:\u00a0Tvrd Godina izdanja: 2. april 2020. ISBN:\u00a0978-86-521-3573-8 Prevodilac:\u00a0Valeria Fr\u00f6hlich\" \/>\n<meta property=\"og:url\" content=\"https:\/\/knjigoljubac.ba\/bs\/product\/u-pozaru-svetova-ivo-andric-jedan-evropski-zivot\/\" \/>\n<meta property=\"og:site_name\" content=\"KNJIGOLJUBAC\" \/>\n<meta property=\"article:publisher\" content=\"https:\/\/www.facebook.com\/knjigoljubacba-106067741319857\/?ref=pages_you_manage\" \/>\n<meta property=\"article:modified_time\" content=\"2020-06-12T06:07:43+00:00\" \/>\n<meta property=\"og:image\" content=\"https:\/\/knjigoljubac.ba\/wp-content\/uploads\/2020\/06\/u_pozaru_svetova_ivo_andric_jedan_evropski_zivot-mihael_martens_v.jpg\" \/>\n\t<meta property=\"og:image:width\" content=\"147\" \/>\n\t<meta property=\"og:image:height\" content=\"226\" \/>\n\t<meta property=\"og:image:type\" content=\"image\/jpeg\" \/>\n<meta name=\"twitter:card\" content=\"summary_large_image\" \/>\n<meta name=\"twitter:label1\" content=\"Est. reading time\" \/>\n\t<meta name=\"twitter:data1\" content=\"2 minute\" \/>\n<script type=\"application\/ld+json\" class=\"yoast-schema-graph\">{\"@context\":\"https:\\\/\\\/schema.org\",\"@graph\":[{\"@type\":\"WebPage\",\"@id\":\"https:\\\/\\\/knjigoljubac.ba\\\/product\\\/u-pozaru-svetova-ivo-andric-jedan-evropski-zivot\\\/\",\"url\":\"https:\\\/\\\/knjigoljubac.ba\\\/product\\\/u-pozaru-svetova-ivo-andric-jedan-evropski-zivot\\\/\",\"name\":\"U po\u017earu svetova: Ivo Andri\u0107 \u2013 jedan evropski \u017eivot - KNJIGOLJUBAC\",\"isPartOf\":{\"@id\":\"https:\\\/\\\/knjigoljubac.ba\\\/#website\"},\"primaryImageOfPage\":{\"@id\":\"https:\\\/\\\/knjigoljubac.ba\\\/product\\\/u-pozaru-svetova-ivo-andric-jedan-evropski-zivot\\\/#primaryimage\"},\"image\":{\"@id\":\"https:\\\/\\\/knjigoljubac.ba\\\/product\\\/u-pozaru-svetova-ivo-andric-jedan-evropski-zivot\\\/#primaryimage\"},\"thumbnailUrl\":\"https:\\\/\\\/knjigoljubac.ba\\\/wp-content\\\/uploads\\\/2020\\\/06\\\/u_pozaru_svetova_ivo_andric_jedan_evropski_zivot-mihael_martens_v.jpg\",\"datePublished\":\"2020-06-12T06:07:42+00:00\",\"dateModified\":\"2020-06-12T06:07:43+00:00\",\"breadcrumb\":{\"@id\":\"https:\\\/\\\/knjigoljubac.ba\\\/product\\\/u-pozaru-svetova-ivo-andric-jedan-evropski-zivot\\\/#breadcrumb\"},\"inLanguage\":\"bs-BA\",\"potentialAction\":[{\"@type\":\"ReadAction\",\"target\":[\"https:\\\/\\\/knjigoljubac.ba\\\/product\\\/u-pozaru-svetova-ivo-andric-jedan-evropski-zivot\\\/\"]}]},{\"@type\":\"ImageObject\",\"inLanguage\":\"bs-BA\",\"@id\":\"https:\\\/\\\/knjigoljubac.ba\\\/product\\\/u-pozaru-svetova-ivo-andric-jedan-evropski-zivot\\\/#primaryimage\",\"url\":\"https:\\\/\\\/knjigoljubac.ba\\\/wp-content\\\/uploads\\\/2020\\\/06\\\/u_pozaru_svetova_ivo_andric_jedan_evropski_zivot-mihael_martens_v.jpg\",\"contentUrl\":\"https:\\\/\\\/knjigoljubac.ba\\\/wp-content\\\/uploads\\\/2020\\\/06\\\/u_pozaru_svetova_ivo_andric_jedan_evropski_zivot-mihael_martens_v.jpg\",\"width\":147,\"height\":226},{\"@type\":\"BreadcrumbList\",\"@id\":\"https:\\\/\\\/knjigoljubac.ba\\\/product\\\/u-pozaru-svetova-ivo-andric-jedan-evropski-zivot\\\/#breadcrumb\",\"itemListElement\":[{\"@type\":\"ListItem\",\"position\":1,\"name\":\"Po\u010detna stranica\",\"item\":\"https:\\\/\\\/knjigoljubac.ba\\\/\"},{\"@type\":\"ListItem\",\"position\":2,\"name\":\"Trgovina\",\"item\":\"https:\\\/\\\/knjigoljubac.ba\\\/trgovina\\\/\"},{\"@type\":\"ListItem\",\"position\":3,\"name\":\"U po\u017earu svetova: Ivo Andri\u0107 \u2013 jedan evropski \u017eivot\"}]},{\"@type\":\"WebSite\",\"@id\":\"https:\\\/\\\/knjigoljubac.ba\\\/#website\",\"url\":\"https:\\\/\\\/knjigoljubac.ba\\\/\",\"name\":\"KNJIGOLJUBAC\",\"description\":\"Va\u0161a online knji\u017eara\",\"publisher\":{\"@id\":\"https:\\\/\\\/knjigoljubac.ba\\\/#organization\"},\"potentialAction\":[{\"@type\":\"SearchAction\",\"target\":{\"@type\":\"EntryPoint\",\"urlTemplate\":\"https:\\\/\\\/knjigoljubac.ba\\\/?s={search_term_string}\"},\"query-input\":{\"@type\":\"PropertyValueSpecification\",\"valueRequired\":true,\"valueName\":\"search_term_string\"}}],\"inLanguage\":\"bs-BA\"},{\"@type\":\"Organization\",\"@id\":\"https:\\\/\\\/knjigoljubac.ba\\\/#organization\",\"name\":\"KNJIGOLJUBAC\",\"url\":\"https:\\\/\\\/knjigoljubac.ba\\\/\",\"logo\":{\"@type\":\"ImageObject\",\"inLanguage\":\"bs-BA\",\"@id\":\"https:\\\/\\\/knjigoljubac.ba\\\/#\\\/schema\\\/logo\\\/image\\\/\",\"url\":\"https:\\\/\\\/knjigoljubac.ba\\\/wp-content\\\/uploads\\\/2021\\\/09\\\/logo-novi-1024x465.png\",\"contentUrl\":\"https:\\\/\\\/knjigoljubac.ba\\\/wp-content\\\/uploads\\\/2021\\\/09\\\/logo-novi-1024x465.png\",\"width\":1024,\"height\":465,\"caption\":\"KNJIGOLJUBAC\"},\"image\":{\"@id\":\"https:\\\/\\\/knjigoljubac.ba\\\/#\\\/schema\\\/logo\\\/image\\\/\"},\"sameAs\":[\"https:\\\/\\\/www.facebook.com\\\/knjigoljubacba-106067741319857\\\/?ref=pages_you_manage\",\"https:\\\/\\\/www.instagram.com\\\/knjigoljubacbrcko\\\/\"]}]}<\/script>\n<!-- \/ Yoast SEO plugin. -->","yoast_head_json":{"title":"U po\u017earu svetova: Ivo Andri\u0107 \u2013 jedan evropski \u017eivot - KNJIGOLJUBAC","robots":{"index":"index","follow":"follow","max-snippet":"max-snippet:-1","max-image-preview":"max-image-preview:large","max-video-preview":"max-video-preview:-1"},"canonical":"https:\/\/knjigoljubac.ba\/bs\/product\/u-pozaru-svetova-ivo-andric-jedan-evropski-zivot\/","og_locale":"bs_BA","og_type":"article","og_title":"U po\u017earu svetova: Ivo Andri\u0107 \u2013 jedan evropski \u017eivot - KNJIGOLJUBAC","og_description":"Pisac:Mihael\u00a0 Martens Format: 17.5x24.5 cm Broj strana:\u00a0302 Pismo:\u00a0Latinica Povez:\u00a0Tvrd Godina izdanja: 2. april 2020. ISBN:\u00a0978-86-521-3573-8 Prevodilac:\u00a0Valeria Fr\u00f6hlich","og_url":"https:\/\/knjigoljubac.ba\/bs\/product\/u-pozaru-svetova-ivo-andric-jedan-evropski-zivot\/","og_site_name":"KNJIGOLJUBAC","article_publisher":"https:\/\/www.facebook.com\/knjigoljubacba-106067741319857\/?ref=pages_you_manage","article_modified_time":"2020-06-12T06:07:43+00:00","og_image":[{"width":147,"height":226,"url":"https:\/\/knjigoljubac.ba\/wp-content\/uploads\/2020\/06\/u_pozaru_svetova_ivo_andric_jedan_evropski_zivot-mihael_martens_v.jpg","type":"image\/jpeg"}],"twitter_card":"summary_large_image","twitter_misc":{"Est. reading time":"2 minute"},"schema":{"@context":"https:\/\/schema.org","@graph":[{"@type":"WebPage","@id":"https:\/\/knjigoljubac.ba\/product\/u-pozaru-svetova-ivo-andric-jedan-evropski-zivot\/","url":"https:\/\/knjigoljubac.ba\/product\/u-pozaru-svetova-ivo-andric-jedan-evropski-zivot\/","name":"U po\u017earu svetova: Ivo Andri\u0107 \u2013 jedan evropski \u017eivot - KNJIGOLJUBAC","isPartOf":{"@id":"https:\/\/knjigoljubac.ba\/#website"},"primaryImageOfPage":{"@id":"https:\/\/knjigoljubac.ba\/product\/u-pozaru-svetova-ivo-andric-jedan-evropski-zivot\/#primaryimage"},"image":{"@id":"https:\/\/knjigoljubac.ba\/product\/u-pozaru-svetova-ivo-andric-jedan-evropski-zivot\/#primaryimage"},"thumbnailUrl":"https:\/\/knjigoljubac.ba\/wp-content\/uploads\/2020\/06\/u_pozaru_svetova_ivo_andric_jedan_evropski_zivot-mihael_martens_v.jpg","datePublished":"2020-06-12T06:07:42+00:00","dateModified":"2020-06-12T06:07:43+00:00","breadcrumb":{"@id":"https:\/\/knjigoljubac.ba\/product\/u-pozaru-svetova-ivo-andric-jedan-evropski-zivot\/#breadcrumb"},"inLanguage":"bs-BA","potentialAction":[{"@type":"ReadAction","target":["https:\/\/knjigoljubac.ba\/product\/u-pozaru-svetova-ivo-andric-jedan-evropski-zivot\/"]}]},{"@type":"ImageObject","inLanguage":"bs-BA","@id":"https:\/\/knjigoljubac.ba\/product\/u-pozaru-svetova-ivo-andric-jedan-evropski-zivot\/#primaryimage","url":"https:\/\/knjigoljubac.ba\/wp-content\/uploads\/2020\/06\/u_pozaru_svetova_ivo_andric_jedan_evropski_zivot-mihael_martens_v.jpg","contentUrl":"https:\/\/knjigoljubac.ba\/wp-content\/uploads\/2020\/06\/u_pozaru_svetova_ivo_andric_jedan_evropski_zivot-mihael_martens_v.jpg","width":147,"height":226},{"@type":"BreadcrumbList","@id":"https:\/\/knjigoljubac.ba\/product\/u-pozaru-svetova-ivo-andric-jedan-evropski-zivot\/#breadcrumb","itemListElement":[{"@type":"ListItem","position":1,"name":"Po\u010detna stranica","item":"https:\/\/knjigoljubac.ba\/"},{"@type":"ListItem","position":2,"name":"Trgovina","item":"https:\/\/knjigoljubac.ba\/trgovina\/"},{"@type":"ListItem","position":3,"name":"U po\u017earu svetova: Ivo Andri\u0107 \u2013 jedan evropski \u017eivot"}]},{"@type":"WebSite","@id":"https:\/\/knjigoljubac.ba\/#website","url":"https:\/\/knjigoljubac.ba\/","name":"KNJIGOLJUBAC","description":"Va\u0161a online knji\u017eara","publisher":{"@id":"https:\/\/knjigoljubac.ba\/#organization"},"potentialAction":[{"@type":"SearchAction","target":{"@type":"EntryPoint","urlTemplate":"https:\/\/knjigoljubac.ba\/?s={search_term_string}"},"query-input":{"@type":"PropertyValueSpecification","valueRequired":true,"valueName":"search_term_string"}}],"inLanguage":"bs-BA"},{"@type":"Organization","@id":"https:\/\/knjigoljubac.ba\/#organization","name":"KNJIGOLJUBAC","url":"https:\/\/knjigoljubac.ba\/","logo":{"@type":"ImageObject","inLanguage":"bs-BA","@id":"https:\/\/knjigoljubac.ba\/#\/schema\/logo\/image\/","url":"https:\/\/knjigoljubac.ba\/wp-content\/uploads\/2021\/09\/logo-novi-1024x465.png","contentUrl":"https:\/\/knjigoljubac.ba\/wp-content\/uploads\/2021\/09\/logo-novi-1024x465.png","width":1024,"height":465,"caption":"KNJIGOLJUBAC"},"image":{"@id":"https:\/\/knjigoljubac.ba\/#\/schema\/logo\/image\/"},"sameAs":["https:\/\/www.facebook.com\/knjigoljubacba-106067741319857\/?ref=pages_you_manage","https:\/\/www.instagram.com\/knjigoljubacbrcko\/"]}]}},"jetpack_sharing_enabled":true,"_links":{"self":[{"href":"https:\/\/knjigoljubac.ba\/bs\/wp-json\/wp\/v2\/product\/11769","targetHints":{"allow":["GET"]}}],"collection":[{"href":"https:\/\/knjigoljubac.ba\/bs\/wp-json\/wp\/v2\/product"}],"about":[{"href":"https:\/\/knjigoljubac.ba\/bs\/wp-json\/wp\/v2\/types\/product"}],"wp:featuredmedia":[{"embeddable":true,"href":"https:\/\/knjigoljubac.ba\/bs\/wp-json\/wp\/v2\/media\/11770"}],"wp:attachment":[{"href":"https:\/\/knjigoljubac.ba\/bs\/wp-json\/wp\/v2\/media?parent=11769"}],"wp:term":[{"taxonomy":"product_brand","embeddable":true,"href":"https:\/\/knjigoljubac.ba\/bs\/wp-json\/wp\/v2\/product_brand?post=11769"},{"taxonomy":"product_cat","embeddable":true,"href":"https:\/\/knjigoljubac.ba\/bs\/wp-json\/wp\/v2\/product_cat?post=11769"},{"taxonomy":"product_tag","embeddable":true,"href":"https:\/\/knjigoljubac.ba\/bs\/wp-json\/wp\/v2\/product_tag?post=11769"}],"curies":[{"name":"wp","href":"https:\/\/api.w.org\/{rel}","templated":true}]}}