{"id":11712,"date":"2020-04-23T18:29:07","date_gmt":"2020-04-23T18:29:07","guid":{"rendered":"https:\/\/knjigoljubac.ba\/?post_type=product&#038;p=11712"},"modified":"2020-04-23T18:33:07","modified_gmt":"2020-04-23T18:33:07","slug":"prijatelji","status":"publish","type":"product","link":"https:\/\/knjigoljubac.ba\/bs\/product\/prijatelji\/","title":{"rendered":"Pertle"},"content":{"rendered":"<p>Knjiga godine\u00a0<em>Sunday Timesa<\/em>\u00a0i\u00a0<em>Kirkus Reviewsa.<br \/>\n<\/em><br \/>\nDobitnik nagrade\u00a0<em>Bridge<\/em>\u00a0za roman godine.<\/p>\n<p>Prevedeno na vi\u0161e od 30 jezika.<\/p>\n<p>\u201eNije sigurno da li Starnone stoji iza pseudonima Elene Ferante, ali jeste da\u00a0<em>Pertle<\/em>\u00a0nadilaze njene romane.\u201c\u00a0<em>Guardian<\/em><\/p>\n<p>\u201eAko si zaboravio, po\u0161tovani gospodine, podseti\u0107u te: ja sam tvoja \u017eena.\u201c Ovako po\u010dinje Vandino pismo mu\u017eu koji je oti\u0161ao od ku\u0107e, prepustiv\u0161i je buri nemo\u0107nog besa i pitanjima bez odgovora.<\/p>\n<p>Ven\u010dali su se mladi, bili su nezavisni, ali se onda svet oko njih promenio. Porodi\u010dni \u017eivot je postao optere\u0107enje.<\/p>\n<p>Zato je on sada u Rimu, zaljubljen u ljupku neznanku s kojom su dani uvek veseli, a ona je ostala s decom u Napulju da sagledava njihov sve hladniji odnos.<\/p>\n<p>\u0160ta smo spremni da \u017ertvujemo da se ne bismo ose\u0107ali kao da smo u klopci? I \u0161ta gubimo kad odlu\u010dimo da se vratimo? Jer ni\u0161ta nije radikalnije od napu\u0161tanja porodice i ni\u0161ta nije \u010dvr\u0161\u0107e od nevidljivih spona koje vezuju ljude. Ponekad je dovoljan neki gotovo bezna\u010dajan postupak da ono \u0161to smo poku\u0161ali da zaboravimo ponovo ispliva na povr\u0161inu.<\/p>\n<p>Domeniko Starnone nam poklanja dirljivu i vrlo sna\u017enu pri\u010du o bekstvu, povratku i svim proma\u0161ajima, onim koji nam deluju neprebrodivo i onim koji nas prate celog \u017eivota.<\/p>\n<p>\u201eSjajna i o\u0161tra poput slomljenog kristala, emocijama nabijena pri\u010da o ljubavi, porodici i posledicama koje snosimo kada pod pritiskom \u017eivotne rutine olako donesemo pogre\u0161ne odluke.\u201c\u00a0<em>Guardian<\/em><\/p>","protected":false},"excerpt":{"rendered":"<div><span class=\"naslov\"><span class=\"naslov\">Pisac: Domeniko Starnone<\/span><\/span><\/div>\n<div><span class=\"naslov\">Format: <\/span>13&#215;20 cm<\/div>\n<div><span class=\"naslov\">Broj strana:\u00a0<\/span>168<\/div>\n<div><span class=\"naslov\">Pismo:\u00a0<\/span>Latinica<\/div>\n<div><span class=\"naslov\">Povez:\u00a0<\/span>Mek<\/div>\n<div><span class=\"naslov\">Godina izdanja:<\/span>\u00a02019.<\/div>\n<div>Izdava\u010d: Laguna<\/div>\n<div><span class=\"naslov\">Prevodilac:\u00a0<\/span>Gordana Breberina<\/div>","protected":false},"featured_media":11714,"template":"","meta":[],"product_brand":[],"product_cat":[325],"product_tag":[497,498,484],"class_list":{"0":"post-11712","1":"product","2":"type-product","3":"status-publish","4":"has-post-thumbnail","6":"product_cat-najnovije-u-knjizari","7":"product_tag-domeniko-starnone","8":"product_tag-pertle","9":"product_tag-www-knjigoljubac-ba","11":"first","12":"instock","13":"taxable","14":"shipping-taxable","15":"purchasable","16":"product-type-simple"},"yoast_head":"<!-- This site is optimized with the Yoast SEO plugin v27.5 - https:\/\/yoast.com\/product\/yoast-seo-wordpress\/ -->\n<title>Pertle - KNJIGOLJUBAC<\/title>\n<meta name=\"robots\" content=\"index, follow, max-snippet:-1, max-image-preview:large, max-video-preview:-1\" \/>\n<link rel=\"canonical\" href=\"https:\/\/knjigoljubac.ba\/bs\/product\/prijatelji\/\" \/>\n<meta property=\"og:locale\" content=\"bs_BA\" \/>\n<meta property=\"og:type\" content=\"article\" \/>\n<meta property=\"og:title\" content=\"Pertle - KNJIGOLJUBAC\" \/>\n<meta property=\"og:description\" content=\"Pisac: Domeniko Starnone Format: 13x20 cm Broj strana:\u00a0168 Pismo:\u00a0Latinica Povez:\u00a0Mek Godina izdanja:\u00a02019. Izdava\u010d: Laguna Prevodilac:\u00a0Gordana Breberina\" \/>\n<meta property=\"og:url\" content=\"https:\/\/knjigoljubac.ba\/bs\/product\/prijatelji\/\" \/>\n<meta property=\"og:site_name\" content=\"KNJIGOLJUBAC\" \/>\n<meta property=\"article:publisher\" content=\"https:\/\/www.facebook.com\/knjigoljubacba-106067741319857\/?ref=pages_you_manage\" \/>\n<meta property=\"article:modified_time\" content=\"2020-04-23T18:33:07+00:00\" \/>\n<meta property=\"og:image\" content=\"https:\/\/knjigoljubac.ba\/wp-content\/uploads\/2020\/04\/pertle-domeniko_starnone_v.jpg\" \/>\n\t<meta property=\"og:image:width\" content=\"160\" \/>\n\t<meta property=\"og:image:height\" content=\"226\" \/>\n\t<meta property=\"og:image:type\" content=\"image\/jpeg\" \/>\n<meta name=\"twitter:card\" content=\"summary_large_image\" \/>\n<meta name=\"twitter:label1\" content=\"Est. reading time\" \/>\n\t<meta name=\"twitter:data1\" content=\"1 minuta\" \/>\n<script type=\"application\/ld+json\" class=\"yoast-schema-graph\">{\"@context\":\"https:\\\/\\\/schema.org\",\"@graph\":[{\"@type\":\"WebPage\",\"@id\":\"https:\\\/\\\/knjigoljubac.ba\\\/product\\\/prijatelji\\\/\",\"url\":\"https:\\\/\\\/knjigoljubac.ba\\\/product\\\/prijatelji\\\/\",\"name\":\"Pertle - KNJIGOLJUBAC\",\"isPartOf\":{\"@id\":\"https:\\\/\\\/knjigoljubac.ba\\\/#website\"},\"primaryImageOfPage\":{\"@id\":\"https:\\\/\\\/knjigoljubac.ba\\\/product\\\/prijatelji\\\/#primaryimage\"},\"image\":{\"@id\":\"https:\\\/\\\/knjigoljubac.ba\\\/product\\\/prijatelji\\\/#primaryimage\"},\"thumbnailUrl\":\"https:\\\/\\\/knjigoljubac.ba\\\/wp-content\\\/uploads\\\/2020\\\/04\\\/pertle-domeniko_starnone_v.jpg\",\"datePublished\":\"2020-04-23T18:29:07+00:00\",\"dateModified\":\"2020-04-23T18:33:07+00:00\",\"breadcrumb\":{\"@id\":\"https:\\\/\\\/knjigoljubac.ba\\\/product\\\/prijatelji\\\/#breadcrumb\"},\"inLanguage\":\"bs-BA\",\"potentialAction\":[{\"@type\":\"ReadAction\",\"target\":[\"https:\\\/\\\/knjigoljubac.ba\\\/product\\\/prijatelji\\\/\"]}]},{\"@type\":\"ImageObject\",\"inLanguage\":\"bs-BA\",\"@id\":\"https:\\\/\\\/knjigoljubac.ba\\\/product\\\/prijatelji\\\/#primaryimage\",\"url\":\"https:\\\/\\\/knjigoljubac.ba\\\/wp-content\\\/uploads\\\/2020\\\/04\\\/pertle-domeniko_starnone_v.jpg\",\"contentUrl\":\"https:\\\/\\\/knjigoljubac.ba\\\/wp-content\\\/uploads\\\/2020\\\/04\\\/pertle-domeniko_starnone_v.jpg\",\"width\":160,\"height\":226},{\"@type\":\"BreadcrumbList\",\"@id\":\"https:\\\/\\\/knjigoljubac.ba\\\/product\\\/prijatelji\\\/#breadcrumb\",\"itemListElement\":[{\"@type\":\"ListItem\",\"position\":1,\"name\":\"Po\u010detna stranica\",\"item\":\"https:\\\/\\\/knjigoljubac.ba\\\/\"},{\"@type\":\"ListItem\",\"position\":2,\"name\":\"Trgovina\",\"item\":\"https:\\\/\\\/knjigoljubac.ba\\\/trgovina\\\/\"},{\"@type\":\"ListItem\",\"position\":3,\"name\":\"Pertle\"}]},{\"@type\":\"WebSite\",\"@id\":\"https:\\\/\\\/knjigoljubac.ba\\\/#website\",\"url\":\"https:\\\/\\\/knjigoljubac.ba\\\/\",\"name\":\"KNJIGOLJUBAC\",\"description\":\"Va\u0161a online knji\u017eara\",\"publisher\":{\"@id\":\"https:\\\/\\\/knjigoljubac.ba\\\/#organization\"},\"potentialAction\":[{\"@type\":\"SearchAction\",\"target\":{\"@type\":\"EntryPoint\",\"urlTemplate\":\"https:\\\/\\\/knjigoljubac.ba\\\/?s={search_term_string}\"},\"query-input\":{\"@type\":\"PropertyValueSpecification\",\"valueRequired\":true,\"valueName\":\"search_term_string\"}}],\"inLanguage\":\"bs-BA\"},{\"@type\":\"Organization\",\"@id\":\"https:\\\/\\\/knjigoljubac.ba\\\/#organization\",\"name\":\"KNJIGOLJUBAC\",\"url\":\"https:\\\/\\\/knjigoljubac.ba\\\/\",\"logo\":{\"@type\":\"ImageObject\",\"inLanguage\":\"bs-BA\",\"@id\":\"https:\\\/\\\/knjigoljubac.ba\\\/#\\\/schema\\\/logo\\\/image\\\/\",\"url\":\"https:\\\/\\\/knjigoljubac.ba\\\/wp-content\\\/uploads\\\/2021\\\/09\\\/logo-novi-1024x465.png\",\"contentUrl\":\"https:\\\/\\\/knjigoljubac.ba\\\/wp-content\\\/uploads\\\/2021\\\/09\\\/logo-novi-1024x465.png\",\"width\":1024,\"height\":465,\"caption\":\"KNJIGOLJUBAC\"},\"image\":{\"@id\":\"https:\\\/\\\/knjigoljubac.ba\\\/#\\\/schema\\\/logo\\\/image\\\/\"},\"sameAs\":[\"https:\\\/\\\/www.facebook.com\\\/knjigoljubacba-106067741319857\\\/?ref=pages_you_manage\",\"https:\\\/\\\/www.instagram.com\\\/knjigoljubacbrcko\\\/\"]}]}<\/script>\n<!-- \/ Yoast SEO plugin. -->","yoast_head_json":{"title":"Pertle - KNJIGOLJUBAC","robots":{"index":"index","follow":"follow","max-snippet":"max-snippet:-1","max-image-preview":"max-image-preview:large","max-video-preview":"max-video-preview:-1"},"canonical":"https:\/\/knjigoljubac.ba\/bs\/product\/prijatelji\/","og_locale":"bs_BA","og_type":"article","og_title":"Pertle - KNJIGOLJUBAC","og_description":"Pisac: Domeniko Starnone Format: 13x20 cm Broj strana:\u00a0168 Pismo:\u00a0Latinica Povez:\u00a0Mek Godina izdanja:\u00a02019. Izdava\u010d: Laguna Prevodilac:\u00a0Gordana Breberina","og_url":"https:\/\/knjigoljubac.ba\/bs\/product\/prijatelji\/","og_site_name":"KNJIGOLJUBAC","article_publisher":"https:\/\/www.facebook.com\/knjigoljubacba-106067741319857\/?ref=pages_you_manage","article_modified_time":"2020-04-23T18:33:07+00:00","og_image":[{"width":160,"height":226,"url":"https:\/\/knjigoljubac.ba\/wp-content\/uploads\/2020\/04\/pertle-domeniko_starnone_v.jpg","type":"image\/jpeg"}],"twitter_card":"summary_large_image","twitter_misc":{"Est. reading time":"1 minuta"},"schema":{"@context":"https:\/\/schema.org","@graph":[{"@type":"WebPage","@id":"https:\/\/knjigoljubac.ba\/product\/prijatelji\/","url":"https:\/\/knjigoljubac.ba\/product\/prijatelji\/","name":"Pertle - KNJIGOLJUBAC","isPartOf":{"@id":"https:\/\/knjigoljubac.ba\/#website"},"primaryImageOfPage":{"@id":"https:\/\/knjigoljubac.ba\/product\/prijatelji\/#primaryimage"},"image":{"@id":"https:\/\/knjigoljubac.ba\/product\/prijatelji\/#primaryimage"},"thumbnailUrl":"https:\/\/knjigoljubac.ba\/wp-content\/uploads\/2020\/04\/pertle-domeniko_starnone_v.jpg","datePublished":"2020-04-23T18:29:07+00:00","dateModified":"2020-04-23T18:33:07+00:00","breadcrumb":{"@id":"https:\/\/knjigoljubac.ba\/product\/prijatelji\/#breadcrumb"},"inLanguage":"bs-BA","potentialAction":[{"@type":"ReadAction","target":["https:\/\/knjigoljubac.ba\/product\/prijatelji\/"]}]},{"@type":"ImageObject","inLanguage":"bs-BA","@id":"https:\/\/knjigoljubac.ba\/product\/prijatelji\/#primaryimage","url":"https:\/\/knjigoljubac.ba\/wp-content\/uploads\/2020\/04\/pertle-domeniko_starnone_v.jpg","contentUrl":"https:\/\/knjigoljubac.ba\/wp-content\/uploads\/2020\/04\/pertle-domeniko_starnone_v.jpg","width":160,"height":226},{"@type":"BreadcrumbList","@id":"https:\/\/knjigoljubac.ba\/product\/prijatelji\/#breadcrumb","itemListElement":[{"@type":"ListItem","position":1,"name":"Po\u010detna stranica","item":"https:\/\/knjigoljubac.ba\/"},{"@type":"ListItem","position":2,"name":"Trgovina","item":"https:\/\/knjigoljubac.ba\/trgovina\/"},{"@type":"ListItem","position":3,"name":"Pertle"}]},{"@type":"WebSite","@id":"https:\/\/knjigoljubac.ba\/#website","url":"https:\/\/knjigoljubac.ba\/","name":"KNJIGOLJUBAC","description":"Va\u0161a online knji\u017eara","publisher":{"@id":"https:\/\/knjigoljubac.ba\/#organization"},"potentialAction":[{"@type":"SearchAction","target":{"@type":"EntryPoint","urlTemplate":"https:\/\/knjigoljubac.ba\/?s={search_term_string}"},"query-input":{"@type":"PropertyValueSpecification","valueRequired":true,"valueName":"search_term_string"}}],"inLanguage":"bs-BA"},{"@type":"Organization","@id":"https:\/\/knjigoljubac.ba\/#organization","name":"KNJIGOLJUBAC","url":"https:\/\/knjigoljubac.ba\/","logo":{"@type":"ImageObject","inLanguage":"bs-BA","@id":"https:\/\/knjigoljubac.ba\/#\/schema\/logo\/image\/","url":"https:\/\/knjigoljubac.ba\/wp-content\/uploads\/2021\/09\/logo-novi-1024x465.png","contentUrl":"https:\/\/knjigoljubac.ba\/wp-content\/uploads\/2021\/09\/logo-novi-1024x465.png","width":1024,"height":465,"caption":"KNJIGOLJUBAC"},"image":{"@id":"https:\/\/knjigoljubac.ba\/#\/schema\/logo\/image\/"},"sameAs":["https:\/\/www.facebook.com\/knjigoljubacba-106067741319857\/?ref=pages_you_manage","https:\/\/www.instagram.com\/knjigoljubacbrcko\/"]}]}},"jetpack_sharing_enabled":true,"_links":{"self":[{"href":"https:\/\/knjigoljubac.ba\/bs\/wp-json\/wp\/v2\/product\/11712","targetHints":{"allow":["GET"]}}],"collection":[{"href":"https:\/\/knjigoljubac.ba\/bs\/wp-json\/wp\/v2\/product"}],"about":[{"href":"https:\/\/knjigoljubac.ba\/bs\/wp-json\/wp\/v2\/types\/product"}],"wp:featuredmedia":[{"embeddable":true,"href":"https:\/\/knjigoljubac.ba\/bs\/wp-json\/wp\/v2\/media\/11714"}],"wp:attachment":[{"href":"https:\/\/knjigoljubac.ba\/bs\/wp-json\/wp\/v2\/media?parent=11712"}],"wp:term":[{"taxonomy":"product_brand","embeddable":true,"href":"https:\/\/knjigoljubac.ba\/bs\/wp-json\/wp\/v2\/product_brand?post=11712"},{"taxonomy":"product_cat","embeddable":true,"href":"https:\/\/knjigoljubac.ba\/bs\/wp-json\/wp\/v2\/product_cat?post=11712"},{"taxonomy":"product_tag","embeddable":true,"href":"https:\/\/knjigoljubac.ba\/bs\/wp-json\/wp\/v2\/product_tag?post=11712"}],"curies":[{"name":"wp","href":"https:\/\/api.w.org\/{rel}","templated":true}]}}