{"id":11697,"date":"2020-04-23T17:28:18","date_gmt":"2020-04-23T17:28:18","guid":{"rendered":"https:\/\/knjigoljubac.ba\/?post_type=product&#038;p=11697"},"modified":"2020-10-17T07:26:04","modified_gmt":"2020-10-17T07:26:04","slug":"moravska-noc","status":"publish","type":"product","link":"https:\/\/knjigoljubac.ba\/bs\/product\/moravska-noc\/","title":{"rendered":"Moravska no\u0107"},"content":{"rendered":"<p>Porodin, centralna Srbija, ne\u0161to pre pono\u0107i. Sedam osoba pribli\u017eava se obali reke na kojoj je usidren brod\u00a0<em>Moravska no\u0107<\/em>. U svoj plutaju\u0107i dom pozvao ih je pisac koji je odlu\u010dio da se povu\u010de sa knji\u017eevne scene. Sedmorica prijatelja ne znaju za\u0161to su pozvani tako iznenada: neke je probudio telefon, neke kucanje glasnika na vrata ili kamen\u010di\u0107 ba\u010den na prozor. Jo\u0161 ve\u0107e iznena\u0111enje \u010deka ih na brodu, gde ih ovaj ozlogla\u0161eni \u017eenomrzac do\u010dekuje u dru\u0161tvu jedne \u017eene. Ko je ta \u017eena? Njegova ljubavnica? Prostitutka? Ili mo\u017eda asistentkinja? Pitanja naviru, ali pisac ne \u017eeli jo\u0161 ni\u0161ta da govori, \u010ditava no\u0107 je pred njim. Duga no\u0107 u kojoj \u0107e pri\u010dati o svom \u201ekru\u017enom putovanju\u201c od Balkana do \u0160panije, Nema\u010dke i Austrije, o putu koji je prevalio u potrazi za sopstvenim korenima, ali i be\u017ee\u0107i od \u017eene koja ga progoni da bi mu do\u0161la glave. A mo\u017eda je to ba\u0161 ova \u017eena koja zajedno s njima do\u010dekuje svitanje?<\/p>\n<p>Mo\u0107na, \u017eivopisna, ispovedna, ali istovremeno i satiri\u010dna,\u00a0<em>Moravska no\u0107<\/em>\u00a0istra\u017euje svest i se\u0107anja pisca na zalasku karijere, idu\u0107i tragom njegovih strahova, besova i zadovoljstava, koji su neodvojivi od novije istorije Srednje Evrope.<\/p>\n<p>\u201e\u010cuveni austrijski pisac osvr\u0107e se u ovoj elegi\u010dnoj pripovesti na svoje delo i na u\u017easno stole\u0107e.\u00a0<em>Moravska no\u0107<\/em>\u00a0je delom duboko promi\u0161ljanje istorije, a delom naprosto predivno napisana pri\u010da\u2026 Veli\u010danstveno!\u201c\u00a0<em>Kirkus Reviews<\/em><\/p>","protected":false},"excerpt":{"rendered":"<div><span class=\"naslov\">Pisac: Peter Handke<\/span><\/div>\n<div><span class=\"naslov\">Format: <\/span>13&#215;20 cm<\/div>\n<div><span class=\"naslov\">Broj strana:\u00a0<\/span>384<\/div>\n<div><span class=\"naslov\">Pismo:\u00a0<\/span>Latinica<\/div>\n<div><span class=\"naslov\">Povez:\u00a0<\/span>Mek<\/div>\n<div><span class=\"naslov\">Prevodilac:\u00a0<\/span>\u017darko Radakovi\u0107<\/div>","protected":false},"featured_media":11699,"template":"","meta":[],"product_brand":[],"product_cat":[301],"product_tag":[495,484],"class_list":{"0":"post-11697","1":"product","2":"type-product","3":"status-publish","4":"has-post-thumbnail","6":"product_cat-proza","7":"product_tag-peter-handke","8":"product_tag-www-knjigoljubac-ba","10":"first","11":"instock","12":"taxable","13":"shipping-taxable","14":"purchasable","15":"product-type-simple"},"yoast_head":"<!-- This site is optimized with the Yoast SEO plugin v27.5 - https:\/\/yoast.com\/product\/yoast-seo-wordpress\/ -->\n<title>Moravska no\u0107 - KNJIGOLJUBAC<\/title>\n<meta name=\"robots\" content=\"index, follow, max-snippet:-1, max-image-preview:large, max-video-preview:-1\" \/>\n<link rel=\"canonical\" href=\"https:\/\/knjigoljubac.ba\/bs\/product\/moravska-noc\/\" \/>\n<meta property=\"og:locale\" content=\"bs_BA\" \/>\n<meta property=\"og:type\" content=\"article\" \/>\n<meta property=\"og:title\" content=\"Moravska no\u0107 - KNJIGOLJUBAC\" \/>\n<meta property=\"og:description\" content=\"Pisac: Peter Handke Format: 13x20 cm Broj strana:\u00a0384 Pismo:\u00a0Latinica Povez:\u00a0Mek Prevodilac:\u00a0\u017darko Radakovi\u0107\" \/>\n<meta property=\"og:url\" content=\"https:\/\/knjigoljubac.ba\/bs\/product\/moravska-noc\/\" \/>\n<meta property=\"og:site_name\" content=\"KNJIGOLJUBAC\" \/>\n<meta property=\"article:publisher\" content=\"https:\/\/www.facebook.com\/knjigoljubacba-106067741319857\/?ref=pages_you_manage\" \/>\n<meta property=\"article:modified_time\" content=\"2020-10-17T07:26:04+00:00\" \/>\n<meta property=\"og:image\" content=\"https:\/\/knjigoljubac.ba\/wp-content\/uploads\/2020\/04\/moravska_noc-peter_handke_v.jpg\" \/>\n\t<meta property=\"og:image:width\" content=\"160\" \/>\n\t<meta property=\"og:image:height\" content=\"226\" \/>\n\t<meta property=\"og:image:type\" content=\"image\/jpeg\" \/>\n<meta name=\"twitter:card\" content=\"summary_large_image\" \/>\n<meta name=\"twitter:label1\" content=\"Est. reading time\" \/>\n\t<meta name=\"twitter:data1\" content=\"1 minuta\" \/>\n<script type=\"application\/ld+json\" class=\"yoast-schema-graph\">{\"@context\":\"https:\\\/\\\/schema.org\",\"@graph\":[{\"@type\":\"WebPage\",\"@id\":\"https:\\\/\\\/knjigoljubac.ba\\\/product\\\/moravska-noc\\\/\",\"url\":\"https:\\\/\\\/knjigoljubac.ba\\\/product\\\/moravska-noc\\\/\",\"name\":\"Moravska no\u0107 - KNJIGOLJUBAC\",\"isPartOf\":{\"@id\":\"https:\\\/\\\/knjigoljubac.ba\\\/#website\"},\"primaryImageOfPage\":{\"@id\":\"https:\\\/\\\/knjigoljubac.ba\\\/product\\\/moravska-noc\\\/#primaryimage\"},\"image\":{\"@id\":\"https:\\\/\\\/knjigoljubac.ba\\\/product\\\/moravska-noc\\\/#primaryimage\"},\"thumbnailUrl\":\"https:\\\/\\\/knjigoljubac.ba\\\/wp-content\\\/uploads\\\/2020\\\/04\\\/moravska_noc-peter_handke_v.jpg\",\"datePublished\":\"2020-04-23T17:28:18+00:00\",\"dateModified\":\"2020-10-17T07:26:04+00:00\",\"breadcrumb\":{\"@id\":\"https:\\\/\\\/knjigoljubac.ba\\\/product\\\/moravska-noc\\\/#breadcrumb\"},\"inLanguage\":\"bs-BA\",\"potentialAction\":[{\"@type\":\"ReadAction\",\"target\":[\"https:\\\/\\\/knjigoljubac.ba\\\/product\\\/moravska-noc\\\/\"]}]},{\"@type\":\"ImageObject\",\"inLanguage\":\"bs-BA\",\"@id\":\"https:\\\/\\\/knjigoljubac.ba\\\/product\\\/moravska-noc\\\/#primaryimage\",\"url\":\"https:\\\/\\\/knjigoljubac.ba\\\/wp-content\\\/uploads\\\/2020\\\/04\\\/moravska_noc-peter_handke_v.jpg\",\"contentUrl\":\"https:\\\/\\\/knjigoljubac.ba\\\/wp-content\\\/uploads\\\/2020\\\/04\\\/moravska_noc-peter_handke_v.jpg\",\"width\":160,\"height\":226},{\"@type\":\"BreadcrumbList\",\"@id\":\"https:\\\/\\\/knjigoljubac.ba\\\/product\\\/moravska-noc\\\/#breadcrumb\",\"itemListElement\":[{\"@type\":\"ListItem\",\"position\":1,\"name\":\"Po\u010detna stranica\",\"item\":\"https:\\\/\\\/knjigoljubac.ba\\\/\"},{\"@type\":\"ListItem\",\"position\":2,\"name\":\"Trgovina\",\"item\":\"https:\\\/\\\/knjigoljubac.ba\\\/trgovina\\\/\"},{\"@type\":\"ListItem\",\"position\":3,\"name\":\"Moravska no\u0107\"}]},{\"@type\":\"WebSite\",\"@id\":\"https:\\\/\\\/knjigoljubac.ba\\\/#website\",\"url\":\"https:\\\/\\\/knjigoljubac.ba\\\/\",\"name\":\"KNJIGOLJUBAC\",\"description\":\"Va\u0161a online knji\u017eara\",\"publisher\":{\"@id\":\"https:\\\/\\\/knjigoljubac.ba\\\/#organization\"},\"potentialAction\":[{\"@type\":\"SearchAction\",\"target\":{\"@type\":\"EntryPoint\",\"urlTemplate\":\"https:\\\/\\\/knjigoljubac.ba\\\/?s={search_term_string}\"},\"query-input\":{\"@type\":\"PropertyValueSpecification\",\"valueRequired\":true,\"valueName\":\"search_term_string\"}}],\"inLanguage\":\"bs-BA\"},{\"@type\":\"Organization\",\"@id\":\"https:\\\/\\\/knjigoljubac.ba\\\/#organization\",\"name\":\"KNJIGOLJUBAC\",\"url\":\"https:\\\/\\\/knjigoljubac.ba\\\/\",\"logo\":{\"@type\":\"ImageObject\",\"inLanguage\":\"bs-BA\",\"@id\":\"https:\\\/\\\/knjigoljubac.ba\\\/#\\\/schema\\\/logo\\\/image\\\/\",\"url\":\"https:\\\/\\\/knjigoljubac.ba\\\/wp-content\\\/uploads\\\/2021\\\/09\\\/logo-novi-1024x465.png\",\"contentUrl\":\"https:\\\/\\\/knjigoljubac.ba\\\/wp-content\\\/uploads\\\/2021\\\/09\\\/logo-novi-1024x465.png\",\"width\":1024,\"height\":465,\"caption\":\"KNJIGOLJUBAC\"},\"image\":{\"@id\":\"https:\\\/\\\/knjigoljubac.ba\\\/#\\\/schema\\\/logo\\\/image\\\/\"},\"sameAs\":[\"https:\\\/\\\/www.facebook.com\\\/knjigoljubacba-106067741319857\\\/?ref=pages_you_manage\",\"https:\\\/\\\/www.instagram.com\\\/knjigoljubacbrcko\\\/\"]}]}<\/script>\n<!-- \/ Yoast SEO plugin. -->","yoast_head_json":{"title":"Moravska no\u0107 - KNJIGOLJUBAC","robots":{"index":"index","follow":"follow","max-snippet":"max-snippet:-1","max-image-preview":"max-image-preview:large","max-video-preview":"max-video-preview:-1"},"canonical":"https:\/\/knjigoljubac.ba\/bs\/product\/moravska-noc\/","og_locale":"bs_BA","og_type":"article","og_title":"Moravska no\u0107 - KNJIGOLJUBAC","og_description":"Pisac: Peter Handke Format: 13x20 cm Broj strana:\u00a0384 Pismo:\u00a0Latinica Povez:\u00a0Mek Prevodilac:\u00a0\u017darko Radakovi\u0107","og_url":"https:\/\/knjigoljubac.ba\/bs\/product\/moravska-noc\/","og_site_name":"KNJIGOLJUBAC","article_publisher":"https:\/\/www.facebook.com\/knjigoljubacba-106067741319857\/?ref=pages_you_manage","article_modified_time":"2020-10-17T07:26:04+00:00","og_image":[{"width":160,"height":226,"url":"https:\/\/knjigoljubac.ba\/wp-content\/uploads\/2020\/04\/moravska_noc-peter_handke_v.jpg","type":"image\/jpeg"}],"twitter_card":"summary_large_image","twitter_misc":{"Est. reading time":"1 minuta"},"schema":{"@context":"https:\/\/schema.org","@graph":[{"@type":"WebPage","@id":"https:\/\/knjigoljubac.ba\/product\/moravska-noc\/","url":"https:\/\/knjigoljubac.ba\/product\/moravska-noc\/","name":"Moravska no\u0107 - KNJIGOLJUBAC","isPartOf":{"@id":"https:\/\/knjigoljubac.ba\/#website"},"primaryImageOfPage":{"@id":"https:\/\/knjigoljubac.ba\/product\/moravska-noc\/#primaryimage"},"image":{"@id":"https:\/\/knjigoljubac.ba\/product\/moravska-noc\/#primaryimage"},"thumbnailUrl":"https:\/\/knjigoljubac.ba\/wp-content\/uploads\/2020\/04\/moravska_noc-peter_handke_v.jpg","datePublished":"2020-04-23T17:28:18+00:00","dateModified":"2020-10-17T07:26:04+00:00","breadcrumb":{"@id":"https:\/\/knjigoljubac.ba\/product\/moravska-noc\/#breadcrumb"},"inLanguage":"bs-BA","potentialAction":[{"@type":"ReadAction","target":["https:\/\/knjigoljubac.ba\/product\/moravska-noc\/"]}]},{"@type":"ImageObject","inLanguage":"bs-BA","@id":"https:\/\/knjigoljubac.ba\/product\/moravska-noc\/#primaryimage","url":"https:\/\/knjigoljubac.ba\/wp-content\/uploads\/2020\/04\/moravska_noc-peter_handke_v.jpg","contentUrl":"https:\/\/knjigoljubac.ba\/wp-content\/uploads\/2020\/04\/moravska_noc-peter_handke_v.jpg","width":160,"height":226},{"@type":"BreadcrumbList","@id":"https:\/\/knjigoljubac.ba\/product\/moravska-noc\/#breadcrumb","itemListElement":[{"@type":"ListItem","position":1,"name":"Po\u010detna stranica","item":"https:\/\/knjigoljubac.ba\/"},{"@type":"ListItem","position":2,"name":"Trgovina","item":"https:\/\/knjigoljubac.ba\/trgovina\/"},{"@type":"ListItem","position":3,"name":"Moravska no\u0107"}]},{"@type":"WebSite","@id":"https:\/\/knjigoljubac.ba\/#website","url":"https:\/\/knjigoljubac.ba\/","name":"KNJIGOLJUBAC","description":"Va\u0161a online knji\u017eara","publisher":{"@id":"https:\/\/knjigoljubac.ba\/#organization"},"potentialAction":[{"@type":"SearchAction","target":{"@type":"EntryPoint","urlTemplate":"https:\/\/knjigoljubac.ba\/?s={search_term_string}"},"query-input":{"@type":"PropertyValueSpecification","valueRequired":true,"valueName":"search_term_string"}}],"inLanguage":"bs-BA"},{"@type":"Organization","@id":"https:\/\/knjigoljubac.ba\/#organization","name":"KNJIGOLJUBAC","url":"https:\/\/knjigoljubac.ba\/","logo":{"@type":"ImageObject","inLanguage":"bs-BA","@id":"https:\/\/knjigoljubac.ba\/#\/schema\/logo\/image\/","url":"https:\/\/knjigoljubac.ba\/wp-content\/uploads\/2021\/09\/logo-novi-1024x465.png","contentUrl":"https:\/\/knjigoljubac.ba\/wp-content\/uploads\/2021\/09\/logo-novi-1024x465.png","width":1024,"height":465,"caption":"KNJIGOLJUBAC"},"image":{"@id":"https:\/\/knjigoljubac.ba\/#\/schema\/logo\/image\/"},"sameAs":["https:\/\/www.facebook.com\/knjigoljubacba-106067741319857\/?ref=pages_you_manage","https:\/\/www.instagram.com\/knjigoljubacbrcko\/"]}]}},"jetpack_sharing_enabled":true,"_links":{"self":[{"href":"https:\/\/knjigoljubac.ba\/bs\/wp-json\/wp\/v2\/product\/11697","targetHints":{"allow":["GET"]}}],"collection":[{"href":"https:\/\/knjigoljubac.ba\/bs\/wp-json\/wp\/v2\/product"}],"about":[{"href":"https:\/\/knjigoljubac.ba\/bs\/wp-json\/wp\/v2\/types\/product"}],"wp:featuredmedia":[{"embeddable":true,"href":"https:\/\/knjigoljubac.ba\/bs\/wp-json\/wp\/v2\/media\/11699"}],"wp:attachment":[{"href":"https:\/\/knjigoljubac.ba\/bs\/wp-json\/wp\/v2\/media?parent=11697"}],"wp:term":[{"taxonomy":"product_brand","embeddable":true,"href":"https:\/\/knjigoljubac.ba\/bs\/wp-json\/wp\/v2\/product_brand?post=11697"},{"taxonomy":"product_cat","embeddable":true,"href":"https:\/\/knjigoljubac.ba\/bs\/wp-json\/wp\/v2\/product_cat?post=11697"},{"taxonomy":"product_tag","embeddable":true,"href":"https:\/\/knjigoljubac.ba\/bs\/wp-json\/wp\/v2\/product_tag?post=11697"}],"curies":[{"name":"wp","href":"https:\/\/api.w.org\/{rel}","templated":true}]}}