{"id":11604,"date":"2020-04-04T06:51:41","date_gmt":"2020-04-04T06:51:41","guid":{"rendered":"https:\/\/knjigoljubac.ba\/?post_type=product&#038;p=11604"},"modified":"2020-04-04T06:53:48","modified_gmt":"2020-04-04T06:53:48","slug":"put-do-kuce-svakog-jutra-sve-je-duzi","status":"publish","type":"product","link":"https:\/\/knjigoljubac.ba\/bs\/product\/put-do-kuce-svakog-jutra-sve-je-duzi\/","title":{"rendered":"Put do ku\u0107e svakog jutra sve je du\u017ei"},"content":{"rendered":"<div id=\"knjiga-wrapper\" class=\"row\">\n<div id=\"sadrzaj\" class=\"col-xs-24 col-sm-16 col-md-14 col-lg-14 col-md-pull-6 col-lg-pull-6\">\n<div id=\"tabovi\">\n<div class=\"tab-content\">\n<div id=\"oknjizitab\" class=\"tab-pane active\" role=\"tabpanel\">\n<div>\n<p>Mala knjiga sa velikom porukom koja \u0107e dugo ostati u srcima \u010ditalaca.<\/p>\n<p><em>Zar ovo nije najbolje od svih \u017eivotnih doba, razmi\u0161lja jedan starac posmatraju\u0107i svog unuka, taj de\u010dak je taman dovoljno veliki da razume kako svet funkcioni\u0161e, ali je i dalje dovoljno mlad da odbije da to prihvati.<\/em><\/p>\n<p>Deda i Noa sede na klupi i razgovaraju. Ispod klupe raste zumbul, a to je cve\u0107e koje je baka gajila u svojoj ba\u0161ti. Deda i Noa mogu da razgovaraju o svemu. O \u017eivotnim pitanjima, kako onim najbitnijim, tako i onim usputnim. Deda poku\u0161ava da se seti kako se zaljubio u baku i kako ju je izgubio. Jo\u0161 uvek mo\u017ee da je zamisli pored sebe i pla\u0161i se onog dana kada je se vi\u0161e ne\u0107e se\u0107ati.<\/p>\n<p>Deda uvi\u0111a da se svet koji poznaje sada menja. Zato \u017eeli da ostane tu na klupi sa Noom, gde je miris zumbula i dalje jak. Ali uspomene je sve te\u017ee prizvati, pa su deda i Noa sada primorani da nau\u010de kako da urade ono najte\u017ee: da se rastanu.<\/p>\n<p>Onako kako to samo on ume, Fredrik Bakman ovde daje ne\u017ean prikaz borbe starog \u010doveka da zadr\u017ei svoje najdra\u017ee uspomene, kao i na\u010dina na koji njegova sudbina uti\u010de na njegove najbli\u017ee.<\/p>\n<p>\u201ePisana sa razumevanjem i saose\u0107anjem, ova divna pri\u010da podse\u0107a nas na to da su svakodnevne sitnice \u010desto na\u0161e najve\u0107e blago.\u201c f<em>ictionofile.wordpress.com<\/em><\/p>\n<\/div>\n<\/div>\n<\/div>\n<\/div>\n<\/div>\n<\/div>\n<div class=\"karusel-wrapper\">\n<div class=\"karusel-naslov\">Od istog aut<\/div>\n<\/div>","protected":false},"excerpt":{"rendered":"<div><span class=\"naslov\">Pisac: Fredrik Bakman<\/span><\/div>\n<div><span class=\"naslov\">Format: <\/span>13&#215;18 cm<\/div>\n<div><span class=\"naslov\">Broj strana:\u00a0<\/span>90<\/div>\n<div><span class=\"naslov\">Pismo:\u00a0<\/span>Latinica<\/div>\n<div><span class=\"naslov\">Povez:\u00a0<\/span>Tvrd<\/div>\n<div><span class=\"naslov\">Godina izdanja:<br \/>\n<\/span>12. jun 2019.<\/div>\n<div>Izdava\u010d: Laguna<\/div>\n<div><span class=\"naslov\">Prevodilac:\u00a0<\/span>Nikola Peri\u0161i\u0107<\/div>","protected":false},"featured_media":11606,"template":"","meta":[],"product_brand":[],"product_cat":[325],"product_tag":[476,334],"class_list":{"0":"post-11604","1":"product","2":"type-product","3":"status-publish","4":"has-post-thumbnail","6":"product_cat-najnovije-u-knjizari","7":"product_tag-fredrik-bakman","8":"product_tag-knjigoljubac","10":"first","11":"instock","12":"taxable","13":"shipping-taxable","14":"purchasable","15":"product-type-simple"},"yoast_head":"<!-- This site is optimized with the Yoast SEO plugin v27.5 - https:\/\/yoast.com\/product\/yoast-seo-wordpress\/ -->\n<title>Put do ku\u0107e svakog jutra sve je du\u017ei - KNJIGOLJUBAC<\/title>\n<meta name=\"robots\" content=\"index, follow, max-snippet:-1, max-image-preview:large, max-video-preview:-1\" \/>\n<link rel=\"canonical\" href=\"https:\/\/knjigoljubac.ba\/bs\/product\/put-do-kuce-svakog-jutra-sve-je-duzi\/\" \/>\n<meta property=\"og:locale\" content=\"bs_BA\" \/>\n<meta property=\"og:type\" content=\"article\" \/>\n<meta property=\"og:title\" content=\"Put do ku\u0107e svakog jutra sve je du\u017ei - KNJIGOLJUBAC\" \/>\n<meta property=\"og:description\" content=\"Pisac: Fredrik Bakman Format: 13x18 cm Broj strana:\u00a090 Pismo:\u00a0Latinica Povez:\u00a0Tvrd Godina izdanja: 12. jun 2019. Izdava\u010d: Laguna Prevodilac:\u00a0Nikola Peri\u0161i\u0107\" \/>\n<meta property=\"og:url\" content=\"https:\/\/knjigoljubac.ba\/bs\/product\/put-do-kuce-svakog-jutra-sve-je-duzi\/\" \/>\n<meta property=\"og:site_name\" content=\"KNJIGOLJUBAC\" \/>\n<meta property=\"article:publisher\" content=\"https:\/\/www.facebook.com\/knjigoljubacba-106067741319857\/?ref=pages_you_manage\" \/>\n<meta property=\"article:modified_time\" content=\"2020-04-04T06:53:48+00:00\" \/>\n<meta property=\"og:image\" content=\"https:\/\/knjigoljubac.ba\/wp-content\/uploads\/2020\/04\/put_do_kuce_svakog_jutra_sve_je_duzi-fredrik_bakman_s.jpg\" \/>\n\t<meta property=\"og:image:width\" content=\"160\" \/>\n\t<meta property=\"og:image:height\" content=\"226\" \/>\n\t<meta property=\"og:image:type\" content=\"image\/jpeg\" \/>\n<meta name=\"twitter:card\" content=\"summary_large_image\" \/>\n<meta name=\"twitter:label1\" content=\"Est. reading time\" \/>\n\t<meta name=\"twitter:data1\" content=\"1 minuta\" \/>\n<script type=\"application\/ld+json\" class=\"yoast-schema-graph\">{\"@context\":\"https:\\\/\\\/schema.org\",\"@graph\":[{\"@type\":\"WebPage\",\"@id\":\"https:\\\/\\\/knjigoljubac.ba\\\/product\\\/put-do-kuce-svakog-jutra-sve-je-duzi\\\/\",\"url\":\"https:\\\/\\\/knjigoljubac.ba\\\/product\\\/put-do-kuce-svakog-jutra-sve-je-duzi\\\/\",\"name\":\"Put do ku\u0107e svakog jutra sve je du\u017ei - KNJIGOLJUBAC\",\"isPartOf\":{\"@id\":\"https:\\\/\\\/knjigoljubac.ba\\\/#website\"},\"primaryImageOfPage\":{\"@id\":\"https:\\\/\\\/knjigoljubac.ba\\\/product\\\/put-do-kuce-svakog-jutra-sve-je-duzi\\\/#primaryimage\"},\"image\":{\"@id\":\"https:\\\/\\\/knjigoljubac.ba\\\/product\\\/put-do-kuce-svakog-jutra-sve-je-duzi\\\/#primaryimage\"},\"thumbnailUrl\":\"https:\\\/\\\/knjigoljubac.ba\\\/wp-content\\\/uploads\\\/2020\\\/04\\\/put_do_kuce_svakog_jutra_sve_je_duzi-fredrik_bakman_s.jpg\",\"datePublished\":\"2020-04-04T06:51:41+00:00\",\"dateModified\":\"2020-04-04T06:53:48+00:00\",\"breadcrumb\":{\"@id\":\"https:\\\/\\\/knjigoljubac.ba\\\/product\\\/put-do-kuce-svakog-jutra-sve-je-duzi\\\/#breadcrumb\"},\"inLanguage\":\"bs-BA\",\"potentialAction\":[{\"@type\":\"ReadAction\",\"target\":[\"https:\\\/\\\/knjigoljubac.ba\\\/product\\\/put-do-kuce-svakog-jutra-sve-je-duzi\\\/\"]}]},{\"@type\":\"ImageObject\",\"inLanguage\":\"bs-BA\",\"@id\":\"https:\\\/\\\/knjigoljubac.ba\\\/product\\\/put-do-kuce-svakog-jutra-sve-je-duzi\\\/#primaryimage\",\"url\":\"https:\\\/\\\/knjigoljubac.ba\\\/wp-content\\\/uploads\\\/2020\\\/04\\\/put_do_kuce_svakog_jutra_sve_je_duzi-fredrik_bakman_s.jpg\",\"contentUrl\":\"https:\\\/\\\/knjigoljubac.ba\\\/wp-content\\\/uploads\\\/2020\\\/04\\\/put_do_kuce_svakog_jutra_sve_je_duzi-fredrik_bakman_s.jpg\",\"width\":160,\"height\":226},{\"@type\":\"BreadcrumbList\",\"@id\":\"https:\\\/\\\/knjigoljubac.ba\\\/product\\\/put-do-kuce-svakog-jutra-sve-je-duzi\\\/#breadcrumb\",\"itemListElement\":[{\"@type\":\"ListItem\",\"position\":1,\"name\":\"Po\u010detna stranica\",\"item\":\"https:\\\/\\\/knjigoljubac.ba\\\/\"},{\"@type\":\"ListItem\",\"position\":2,\"name\":\"Trgovina\",\"item\":\"https:\\\/\\\/knjigoljubac.ba\\\/trgovina\\\/\"},{\"@type\":\"ListItem\",\"position\":3,\"name\":\"Put do ku\u0107e svakog jutra sve je du\u017ei\"}]},{\"@type\":\"WebSite\",\"@id\":\"https:\\\/\\\/knjigoljubac.ba\\\/#website\",\"url\":\"https:\\\/\\\/knjigoljubac.ba\\\/\",\"name\":\"KNJIGOLJUBAC\",\"description\":\"Va\u0161a online knji\u017eara\",\"publisher\":{\"@id\":\"https:\\\/\\\/knjigoljubac.ba\\\/#organization\"},\"potentialAction\":[{\"@type\":\"SearchAction\",\"target\":{\"@type\":\"EntryPoint\",\"urlTemplate\":\"https:\\\/\\\/knjigoljubac.ba\\\/?s={search_term_string}\"},\"query-input\":{\"@type\":\"PropertyValueSpecification\",\"valueRequired\":true,\"valueName\":\"search_term_string\"}}],\"inLanguage\":\"bs-BA\"},{\"@type\":\"Organization\",\"@id\":\"https:\\\/\\\/knjigoljubac.ba\\\/#organization\",\"name\":\"KNJIGOLJUBAC\",\"url\":\"https:\\\/\\\/knjigoljubac.ba\\\/\",\"logo\":{\"@type\":\"ImageObject\",\"inLanguage\":\"bs-BA\",\"@id\":\"https:\\\/\\\/knjigoljubac.ba\\\/#\\\/schema\\\/logo\\\/image\\\/\",\"url\":\"https:\\\/\\\/knjigoljubac.ba\\\/wp-content\\\/uploads\\\/2021\\\/09\\\/logo-novi-1024x465.png\",\"contentUrl\":\"https:\\\/\\\/knjigoljubac.ba\\\/wp-content\\\/uploads\\\/2021\\\/09\\\/logo-novi-1024x465.png\",\"width\":1024,\"height\":465,\"caption\":\"KNJIGOLJUBAC\"},\"image\":{\"@id\":\"https:\\\/\\\/knjigoljubac.ba\\\/#\\\/schema\\\/logo\\\/image\\\/\"},\"sameAs\":[\"https:\\\/\\\/www.facebook.com\\\/knjigoljubacba-106067741319857\\\/?ref=pages_you_manage\",\"https:\\\/\\\/www.instagram.com\\\/knjigoljubacbrcko\\\/\"]}]}<\/script>\n<!-- \/ Yoast SEO plugin. -->","yoast_head_json":{"title":"Put do ku\u0107e svakog jutra sve je du\u017ei - KNJIGOLJUBAC","robots":{"index":"index","follow":"follow","max-snippet":"max-snippet:-1","max-image-preview":"max-image-preview:large","max-video-preview":"max-video-preview:-1"},"canonical":"https:\/\/knjigoljubac.ba\/bs\/product\/put-do-kuce-svakog-jutra-sve-je-duzi\/","og_locale":"bs_BA","og_type":"article","og_title":"Put do ku\u0107e svakog jutra sve je du\u017ei - KNJIGOLJUBAC","og_description":"Pisac: Fredrik Bakman Format: 13x18 cm Broj strana:\u00a090 Pismo:\u00a0Latinica Povez:\u00a0Tvrd Godina izdanja: 12. jun 2019. Izdava\u010d: Laguna Prevodilac:\u00a0Nikola Peri\u0161i\u0107","og_url":"https:\/\/knjigoljubac.ba\/bs\/product\/put-do-kuce-svakog-jutra-sve-je-duzi\/","og_site_name":"KNJIGOLJUBAC","article_publisher":"https:\/\/www.facebook.com\/knjigoljubacba-106067741319857\/?ref=pages_you_manage","article_modified_time":"2020-04-04T06:53:48+00:00","og_image":[{"width":160,"height":226,"url":"https:\/\/knjigoljubac.ba\/wp-content\/uploads\/2020\/04\/put_do_kuce_svakog_jutra_sve_je_duzi-fredrik_bakman_s.jpg","type":"image\/jpeg"}],"twitter_card":"summary_large_image","twitter_misc":{"Est. reading time":"1 minuta"},"schema":{"@context":"https:\/\/schema.org","@graph":[{"@type":"WebPage","@id":"https:\/\/knjigoljubac.ba\/product\/put-do-kuce-svakog-jutra-sve-je-duzi\/","url":"https:\/\/knjigoljubac.ba\/product\/put-do-kuce-svakog-jutra-sve-je-duzi\/","name":"Put do ku\u0107e svakog jutra sve je du\u017ei - KNJIGOLJUBAC","isPartOf":{"@id":"https:\/\/knjigoljubac.ba\/#website"},"primaryImageOfPage":{"@id":"https:\/\/knjigoljubac.ba\/product\/put-do-kuce-svakog-jutra-sve-je-duzi\/#primaryimage"},"image":{"@id":"https:\/\/knjigoljubac.ba\/product\/put-do-kuce-svakog-jutra-sve-je-duzi\/#primaryimage"},"thumbnailUrl":"https:\/\/knjigoljubac.ba\/wp-content\/uploads\/2020\/04\/put_do_kuce_svakog_jutra_sve_je_duzi-fredrik_bakman_s.jpg","datePublished":"2020-04-04T06:51:41+00:00","dateModified":"2020-04-04T06:53:48+00:00","breadcrumb":{"@id":"https:\/\/knjigoljubac.ba\/product\/put-do-kuce-svakog-jutra-sve-je-duzi\/#breadcrumb"},"inLanguage":"bs-BA","potentialAction":[{"@type":"ReadAction","target":["https:\/\/knjigoljubac.ba\/product\/put-do-kuce-svakog-jutra-sve-je-duzi\/"]}]},{"@type":"ImageObject","inLanguage":"bs-BA","@id":"https:\/\/knjigoljubac.ba\/product\/put-do-kuce-svakog-jutra-sve-je-duzi\/#primaryimage","url":"https:\/\/knjigoljubac.ba\/wp-content\/uploads\/2020\/04\/put_do_kuce_svakog_jutra_sve_je_duzi-fredrik_bakman_s.jpg","contentUrl":"https:\/\/knjigoljubac.ba\/wp-content\/uploads\/2020\/04\/put_do_kuce_svakog_jutra_sve_je_duzi-fredrik_bakman_s.jpg","width":160,"height":226},{"@type":"BreadcrumbList","@id":"https:\/\/knjigoljubac.ba\/product\/put-do-kuce-svakog-jutra-sve-je-duzi\/#breadcrumb","itemListElement":[{"@type":"ListItem","position":1,"name":"Po\u010detna stranica","item":"https:\/\/knjigoljubac.ba\/"},{"@type":"ListItem","position":2,"name":"Trgovina","item":"https:\/\/knjigoljubac.ba\/trgovina\/"},{"@type":"ListItem","position":3,"name":"Put do ku\u0107e svakog jutra sve je du\u017ei"}]},{"@type":"WebSite","@id":"https:\/\/knjigoljubac.ba\/#website","url":"https:\/\/knjigoljubac.ba\/","name":"KNJIGOLJUBAC","description":"Va\u0161a online knji\u017eara","publisher":{"@id":"https:\/\/knjigoljubac.ba\/#organization"},"potentialAction":[{"@type":"SearchAction","target":{"@type":"EntryPoint","urlTemplate":"https:\/\/knjigoljubac.ba\/?s={search_term_string}"},"query-input":{"@type":"PropertyValueSpecification","valueRequired":true,"valueName":"search_term_string"}}],"inLanguage":"bs-BA"},{"@type":"Organization","@id":"https:\/\/knjigoljubac.ba\/#organization","name":"KNJIGOLJUBAC","url":"https:\/\/knjigoljubac.ba\/","logo":{"@type":"ImageObject","inLanguage":"bs-BA","@id":"https:\/\/knjigoljubac.ba\/#\/schema\/logo\/image\/","url":"https:\/\/knjigoljubac.ba\/wp-content\/uploads\/2021\/09\/logo-novi-1024x465.png","contentUrl":"https:\/\/knjigoljubac.ba\/wp-content\/uploads\/2021\/09\/logo-novi-1024x465.png","width":1024,"height":465,"caption":"KNJIGOLJUBAC"},"image":{"@id":"https:\/\/knjigoljubac.ba\/#\/schema\/logo\/image\/"},"sameAs":["https:\/\/www.facebook.com\/knjigoljubacba-106067741319857\/?ref=pages_you_manage","https:\/\/www.instagram.com\/knjigoljubacbrcko\/"]}]}},"jetpack_sharing_enabled":true,"_links":{"self":[{"href":"https:\/\/knjigoljubac.ba\/bs\/wp-json\/wp\/v2\/product\/11604","targetHints":{"allow":["GET"]}}],"collection":[{"href":"https:\/\/knjigoljubac.ba\/bs\/wp-json\/wp\/v2\/product"}],"about":[{"href":"https:\/\/knjigoljubac.ba\/bs\/wp-json\/wp\/v2\/types\/product"}],"wp:featuredmedia":[{"embeddable":true,"href":"https:\/\/knjigoljubac.ba\/bs\/wp-json\/wp\/v2\/media\/11606"}],"wp:attachment":[{"href":"https:\/\/knjigoljubac.ba\/bs\/wp-json\/wp\/v2\/media?parent=11604"}],"wp:term":[{"taxonomy":"product_brand","embeddable":true,"href":"https:\/\/knjigoljubac.ba\/bs\/wp-json\/wp\/v2\/product_brand?post=11604"},{"taxonomy":"product_cat","embeddable":true,"href":"https:\/\/knjigoljubac.ba\/bs\/wp-json\/wp\/v2\/product_cat?post=11604"},{"taxonomy":"product_tag","embeddable":true,"href":"https:\/\/knjigoljubac.ba\/bs\/wp-json\/wp\/v2\/product_tag?post=11604"}],"curies":[{"name":"wp","href":"https:\/\/api.w.org\/{rel}","templated":true}]}}