{"id":11592,"date":"2020-03-24T08:55:32","date_gmt":"2020-03-24T08:55:32","guid":{"rendered":"https:\/\/knjigoljubac.ba\/?post_type=product&#038;p=11592"},"modified":"2020-03-24T08:56:45","modified_gmt":"2020-03-24T08:56:45","slug":"fotelja-na-seni","status":"publish","type":"product","link":"https:\/\/knjigoljubac.ba\/bs\/product\/fotelja-na-seni\/","title":{"rendered":"Fotelja na Seni"},"content":{"rendered":"<div id=\"knjiga-wrapper\" class=\"row\">\n<div id=\"sadrzaj\" class=\"col-xs-24 col-sm-16 col-md-14 col-lg-14 col-md-pull-6 col-lg-pull-6\">\n<div id=\"tabovi\">\n<div class=\"tab-content\">\n<div id=\"oknjizitab\" class=\"tab-pane active\" role=\"tabpanel\">\n<div>\n<p>\u010cetiri vijeka francuske istorije.<\/p>\n<p>Naciju ne \u010dini to \u0161to ljudi govore istim jezikom ili pripadaju istoj etni\u010dkoj grupi, nego to \u0161to su zajedno uradili velike stvari u pro\u0161losti i \u0161to \u017eele da urade jo\u0161 mnoge druge u budu\u0107nosti.\u00a0Ernest Renan<\/p>\n<p>Amin Maluf u ovom djelu putuje kroz istoriju svoje usvojene domovine iz 29. fotelje Francuske akademije, koju zauzima od 2011. godine. Pripovjedaju\u0107i nam o osamnaestorici koji su se smjenjivali na njegovom mjestu jo\u0161 od vladavine Luja XIII i kardinala Ri\u0161eljea, autor ne samo \u0161to ispisuje taj \u201edjelimi\u010dno izmi\u0161ljen rodoslov\u201c nego i slika burna vremena u kojima su oni \u017eivjeli: dvorske intrige, sukobe ideja, revolucije, ratove. Prvi \u201ebesmrtnik\u201c utopio se u Seni, pretposlednji je po\u010dinio samoubistvo u svom stanu s pogledom na Senu, a sama Akademija blista na obali Sene.<\/p>\n<p>Maluf nam vje\u0161tim perom do\u010darava \u010dudesne prizore iz \u017eivota akademik\u00e2, nekih zaboravljenih poput Kajave, koji u svoj prsten bje\u0161e ugradio jedan Molijerov zub, ili \u010duvenih kao \u0161to je Volter i njegov do\u010dek u Parizu po povratku iz izgnanstva \u2013 so\u010dne anegdote, potresne sudbine, burleskne pustolovine, pikantni citati, komi\u010dne pjesmice, prefinjeni humor, sve se ujedinilo da pru\u017ei zadovoljstvo \u010ditanja.<\/p>\n<p>Iz fotelje na Seni Maluf sa toplinom udahnjuje \u017eivot znamenitim \u201eprecima\u201c, tim lu\u010dono\u0161ama svojih vijekova \u010dija se djela susre\u0107u u zajedni\u010dkoj borbi za bolje \u010dovje\u010danstvo, i podsje\u0107a na svijetle trenutke pro\u0161losti Francuske, koja u neprestanim previranjima i preobra\u017eajima ne gubi svoju veli\u010dinu, duh i sjaj.<\/p>\n<\/div>\n<\/div>\n<\/div>\n<\/div>\n<\/div>\n<\/div>\n<div class=\"karusel-wrapper\">\n<div class=\"karusel-naslov\"><\/div>\n<\/div>","protected":false},"excerpt":{"rendered":"<div><span class=\"naslov\">Pisac: Amin Maluf<\/span><\/div>\n<div><span class=\"naslov\">Format: <\/span>13&#215;20 cm<\/div>\n<div><span class=\"naslov\">Broj strana:\u00a0<\/span>280<\/div>\n<div><span class=\"naslov\">Pismo:\u00a0<\/span>Latinica<\/div>\n<div><span class=\"naslov\">Povez:\u00a0<\/span>Mek<\/div>\n<div><span class=\"naslov\">Godina izdanja:<\/span>2017.<\/div>\n<div>Izdava\u010d: Laguna<\/div>","protected":false},"featured_media":11594,"template":"","meta":[],"product_brand":[],"product_cat":[326],"product_tag":[473,474,334],"class_list":{"0":"post-11592","1":"product","2":"type-product","3":"status-publish","4":"has-post-thumbnail","6":"product_cat-preporuceno","7":"product_tag-amin-maluf","8":"product_tag-fotelja-na-seni","9":"product_tag-knjigoljubac","11":"first","12":"instock","13":"taxable","14":"shipping-taxable","15":"purchasable","16":"product-type-simple"},"yoast_head":"<!-- This site is optimized with the Yoast SEO plugin v27.5 - https:\/\/yoast.com\/product\/yoast-seo-wordpress\/ -->\n<title>Fotelja na Seni - KNJIGOLJUBAC<\/title>\n<meta name=\"robots\" content=\"index, follow, max-snippet:-1, max-image-preview:large, max-video-preview:-1\" \/>\n<link rel=\"canonical\" href=\"https:\/\/knjigoljubac.ba\/bs\/product\/fotelja-na-seni\/\" \/>\n<meta property=\"og:locale\" content=\"bs_BA\" \/>\n<meta property=\"og:type\" content=\"article\" \/>\n<meta property=\"og:title\" content=\"Fotelja na Seni - KNJIGOLJUBAC\" \/>\n<meta property=\"og:description\" content=\"Pisac: Amin Maluf Format: 13x20 cm Broj strana:\u00a0280 Pismo:\u00a0Latinica Povez:\u00a0Mek Godina izdanja:2017. Izdava\u010d: Laguna\" \/>\n<meta property=\"og:url\" content=\"https:\/\/knjigoljubac.ba\/bs\/product\/fotelja-na-seni\/\" \/>\n<meta property=\"og:site_name\" content=\"KNJIGOLJUBAC\" \/>\n<meta property=\"article:publisher\" content=\"https:\/\/www.facebook.com\/knjigoljubacba-106067741319857\/?ref=pages_you_manage\" \/>\n<meta property=\"article:modified_time\" content=\"2020-03-24T08:56:45+00:00\" \/>\n<meta property=\"og:image\" content=\"https:\/\/knjigoljubac.ba\/wp-content\/uploads\/2020\/03\/fotelja_na_seni-amin_maluf_v.jpg\" \/>\n\t<meta property=\"og:image:width\" content=\"160\" \/>\n\t<meta property=\"og:image:height\" content=\"226\" \/>\n\t<meta property=\"og:image:type\" content=\"image\/jpeg\" \/>\n<meta name=\"twitter:card\" content=\"summary_large_image\" \/>\n<meta name=\"twitter:label1\" content=\"Est. reading time\" \/>\n\t<meta name=\"twitter:data1\" content=\"1 minuta\" \/>\n<script type=\"application\/ld+json\" class=\"yoast-schema-graph\">{\"@context\":\"https:\\\/\\\/schema.org\",\"@graph\":[{\"@type\":\"WebPage\",\"@id\":\"https:\\\/\\\/knjigoljubac.ba\\\/bs\\\/product\\\/fotelja-na-seni\\\/\",\"url\":\"https:\\\/\\\/knjigoljubac.ba\\\/bs\\\/product\\\/fotelja-na-seni\\\/\",\"name\":\"Fotelja na Seni - KNJIGOLJUBAC\",\"isPartOf\":{\"@id\":\"https:\\\/\\\/knjigoljubac.ba\\\/#website\"},\"primaryImageOfPage\":{\"@id\":\"https:\\\/\\\/knjigoljubac.ba\\\/bs\\\/product\\\/fotelja-na-seni\\\/#primaryimage\"},\"image\":{\"@id\":\"https:\\\/\\\/knjigoljubac.ba\\\/bs\\\/product\\\/fotelja-na-seni\\\/#primaryimage\"},\"thumbnailUrl\":\"https:\\\/\\\/knjigoljubac.ba\\\/wp-content\\\/uploads\\\/2020\\\/03\\\/fotelja_na_seni-amin_maluf_v.jpg\",\"datePublished\":\"2020-03-24T08:55:32+00:00\",\"dateModified\":\"2020-03-24T08:56:45+00:00\",\"breadcrumb\":{\"@id\":\"https:\\\/\\\/knjigoljubac.ba\\\/bs\\\/product\\\/fotelja-na-seni\\\/#breadcrumb\"},\"inLanguage\":\"bs-BA\",\"potentialAction\":[{\"@type\":\"ReadAction\",\"target\":[\"https:\\\/\\\/knjigoljubac.ba\\\/bs\\\/product\\\/fotelja-na-seni\\\/\"]}]},{\"@type\":\"ImageObject\",\"inLanguage\":\"bs-BA\",\"@id\":\"https:\\\/\\\/knjigoljubac.ba\\\/bs\\\/product\\\/fotelja-na-seni\\\/#primaryimage\",\"url\":\"https:\\\/\\\/knjigoljubac.ba\\\/wp-content\\\/uploads\\\/2020\\\/03\\\/fotelja_na_seni-amin_maluf_v.jpg\",\"contentUrl\":\"https:\\\/\\\/knjigoljubac.ba\\\/wp-content\\\/uploads\\\/2020\\\/03\\\/fotelja_na_seni-amin_maluf_v.jpg\",\"width\":160,\"height\":226},{\"@type\":\"BreadcrumbList\",\"@id\":\"https:\\\/\\\/knjigoljubac.ba\\\/bs\\\/product\\\/fotelja-na-seni\\\/#breadcrumb\",\"itemListElement\":[{\"@type\":\"ListItem\",\"position\":1,\"name\":\"Po\u010detna stranica\",\"item\":\"https:\\\/\\\/knjigoljubac.ba\\\/\"},{\"@type\":\"ListItem\",\"position\":2,\"name\":\"Trgovina\",\"item\":\"https:\\\/\\\/knjigoljubac.ba\\\/trgovina\\\/\"},{\"@type\":\"ListItem\",\"position\":3,\"name\":\"Fotelja na Seni\"}]},{\"@type\":\"WebSite\",\"@id\":\"https:\\\/\\\/knjigoljubac.ba\\\/#website\",\"url\":\"https:\\\/\\\/knjigoljubac.ba\\\/\",\"name\":\"KNJIGOLJUBAC\",\"description\":\"Va\u0161a online knji\u017eara\",\"publisher\":{\"@id\":\"https:\\\/\\\/knjigoljubac.ba\\\/#organization\"},\"potentialAction\":[{\"@type\":\"SearchAction\",\"target\":{\"@type\":\"EntryPoint\",\"urlTemplate\":\"https:\\\/\\\/knjigoljubac.ba\\\/?s={search_term_string}\"},\"query-input\":{\"@type\":\"PropertyValueSpecification\",\"valueRequired\":true,\"valueName\":\"search_term_string\"}}],\"inLanguage\":\"bs-BA\"},{\"@type\":\"Organization\",\"@id\":\"https:\\\/\\\/knjigoljubac.ba\\\/#organization\",\"name\":\"KNJIGOLJUBAC\",\"url\":\"https:\\\/\\\/knjigoljubac.ba\\\/\",\"logo\":{\"@type\":\"ImageObject\",\"inLanguage\":\"bs-BA\",\"@id\":\"https:\\\/\\\/knjigoljubac.ba\\\/#\\\/schema\\\/logo\\\/image\\\/\",\"url\":\"https:\\\/\\\/knjigoljubac.ba\\\/wp-content\\\/uploads\\\/2021\\\/09\\\/logo-novi-1024x465.png\",\"contentUrl\":\"https:\\\/\\\/knjigoljubac.ba\\\/wp-content\\\/uploads\\\/2021\\\/09\\\/logo-novi-1024x465.png\",\"width\":1024,\"height\":465,\"caption\":\"KNJIGOLJUBAC\"},\"image\":{\"@id\":\"https:\\\/\\\/knjigoljubac.ba\\\/#\\\/schema\\\/logo\\\/image\\\/\"},\"sameAs\":[\"https:\\\/\\\/www.facebook.com\\\/knjigoljubacba-106067741319857\\\/?ref=pages_you_manage\",\"https:\\\/\\\/www.instagram.com\\\/knjigoljubacbrcko\\\/\"]}]}<\/script>\n<!-- \/ Yoast SEO plugin. -->","yoast_head_json":{"title":"Fotelja na Seni - KNJIGOLJUBAC","robots":{"index":"index","follow":"follow","max-snippet":"max-snippet:-1","max-image-preview":"max-image-preview:large","max-video-preview":"max-video-preview:-1"},"canonical":"https:\/\/knjigoljubac.ba\/bs\/product\/fotelja-na-seni\/","og_locale":"bs_BA","og_type":"article","og_title":"Fotelja na Seni - KNJIGOLJUBAC","og_description":"Pisac: Amin Maluf Format: 13x20 cm Broj strana:\u00a0280 Pismo:\u00a0Latinica Povez:\u00a0Mek Godina izdanja:2017. Izdava\u010d: Laguna","og_url":"https:\/\/knjigoljubac.ba\/bs\/product\/fotelja-na-seni\/","og_site_name":"KNJIGOLJUBAC","article_publisher":"https:\/\/www.facebook.com\/knjigoljubacba-106067741319857\/?ref=pages_you_manage","article_modified_time":"2020-03-24T08:56:45+00:00","og_image":[{"width":160,"height":226,"url":"https:\/\/knjigoljubac.ba\/wp-content\/uploads\/2020\/03\/fotelja_na_seni-amin_maluf_v.jpg","type":"image\/jpeg"}],"twitter_card":"summary_large_image","twitter_misc":{"Est. reading time":"1 minuta"},"schema":{"@context":"https:\/\/schema.org","@graph":[{"@type":"WebPage","@id":"https:\/\/knjigoljubac.ba\/bs\/product\/fotelja-na-seni\/","url":"https:\/\/knjigoljubac.ba\/bs\/product\/fotelja-na-seni\/","name":"Fotelja na Seni - KNJIGOLJUBAC","isPartOf":{"@id":"https:\/\/knjigoljubac.ba\/#website"},"primaryImageOfPage":{"@id":"https:\/\/knjigoljubac.ba\/bs\/product\/fotelja-na-seni\/#primaryimage"},"image":{"@id":"https:\/\/knjigoljubac.ba\/bs\/product\/fotelja-na-seni\/#primaryimage"},"thumbnailUrl":"https:\/\/knjigoljubac.ba\/wp-content\/uploads\/2020\/03\/fotelja_na_seni-amin_maluf_v.jpg","datePublished":"2020-03-24T08:55:32+00:00","dateModified":"2020-03-24T08:56:45+00:00","breadcrumb":{"@id":"https:\/\/knjigoljubac.ba\/bs\/product\/fotelja-na-seni\/#breadcrumb"},"inLanguage":"bs-BA","potentialAction":[{"@type":"ReadAction","target":["https:\/\/knjigoljubac.ba\/bs\/product\/fotelja-na-seni\/"]}]},{"@type":"ImageObject","inLanguage":"bs-BA","@id":"https:\/\/knjigoljubac.ba\/bs\/product\/fotelja-na-seni\/#primaryimage","url":"https:\/\/knjigoljubac.ba\/wp-content\/uploads\/2020\/03\/fotelja_na_seni-amin_maluf_v.jpg","contentUrl":"https:\/\/knjigoljubac.ba\/wp-content\/uploads\/2020\/03\/fotelja_na_seni-amin_maluf_v.jpg","width":160,"height":226},{"@type":"BreadcrumbList","@id":"https:\/\/knjigoljubac.ba\/bs\/product\/fotelja-na-seni\/#breadcrumb","itemListElement":[{"@type":"ListItem","position":1,"name":"Po\u010detna stranica","item":"https:\/\/knjigoljubac.ba\/"},{"@type":"ListItem","position":2,"name":"Trgovina","item":"https:\/\/knjigoljubac.ba\/trgovina\/"},{"@type":"ListItem","position":3,"name":"Fotelja na Seni"}]},{"@type":"WebSite","@id":"https:\/\/knjigoljubac.ba\/#website","url":"https:\/\/knjigoljubac.ba\/","name":"KNJIGOLJUBAC","description":"Va\u0161a online knji\u017eara","publisher":{"@id":"https:\/\/knjigoljubac.ba\/#organization"},"potentialAction":[{"@type":"SearchAction","target":{"@type":"EntryPoint","urlTemplate":"https:\/\/knjigoljubac.ba\/?s={search_term_string}"},"query-input":{"@type":"PropertyValueSpecification","valueRequired":true,"valueName":"search_term_string"}}],"inLanguage":"bs-BA"},{"@type":"Organization","@id":"https:\/\/knjigoljubac.ba\/#organization","name":"KNJIGOLJUBAC","url":"https:\/\/knjigoljubac.ba\/","logo":{"@type":"ImageObject","inLanguage":"bs-BA","@id":"https:\/\/knjigoljubac.ba\/#\/schema\/logo\/image\/","url":"https:\/\/knjigoljubac.ba\/wp-content\/uploads\/2021\/09\/logo-novi-1024x465.png","contentUrl":"https:\/\/knjigoljubac.ba\/wp-content\/uploads\/2021\/09\/logo-novi-1024x465.png","width":1024,"height":465,"caption":"KNJIGOLJUBAC"},"image":{"@id":"https:\/\/knjigoljubac.ba\/#\/schema\/logo\/image\/"},"sameAs":["https:\/\/www.facebook.com\/knjigoljubacba-106067741319857\/?ref=pages_you_manage","https:\/\/www.instagram.com\/knjigoljubacbrcko\/"]}]}},"jetpack_sharing_enabled":true,"_links":{"self":[{"href":"https:\/\/knjigoljubac.ba\/bs\/wp-json\/wp\/v2\/product\/11592","targetHints":{"allow":["GET"]}}],"collection":[{"href":"https:\/\/knjigoljubac.ba\/bs\/wp-json\/wp\/v2\/product"}],"about":[{"href":"https:\/\/knjigoljubac.ba\/bs\/wp-json\/wp\/v2\/types\/product"}],"wp:featuredmedia":[{"embeddable":true,"href":"https:\/\/knjigoljubac.ba\/bs\/wp-json\/wp\/v2\/media\/11594"}],"wp:attachment":[{"href":"https:\/\/knjigoljubac.ba\/bs\/wp-json\/wp\/v2\/media?parent=11592"}],"wp:term":[{"taxonomy":"product_brand","embeddable":true,"href":"https:\/\/knjigoljubac.ba\/bs\/wp-json\/wp\/v2\/product_brand?post=11592"},{"taxonomy":"product_cat","embeddable":true,"href":"https:\/\/knjigoljubac.ba\/bs\/wp-json\/wp\/v2\/product_cat?post=11592"},{"taxonomy":"product_tag","embeddable":true,"href":"https:\/\/knjigoljubac.ba\/bs\/wp-json\/wp\/v2\/product_tag?post=11592"}],"curies":[{"name":"wp","href":"https:\/\/api.w.org\/{rel}","templated":true}]}}