{"id":11124,"date":"2020-02-19T12:53:12","date_gmt":"2020-02-19T12:53:12","guid":{"rendered":"https:\/\/knjigoljubac.ba\/?post_type=product&#038;p=11124"},"modified":"2020-03-24T08:46:10","modified_gmt":"2020-03-24T08:46:10","slug":"var","status":"publish","type":"product","link":"https:\/\/knjigoljubac.ba\/bs\/product\/var\/","title":{"rendered":"VAR"},"content":{"rendered":"<p>\u010cetvorica jevan\u0111elista, uz pomo\u0107 Marije Magdalene i Jude, poku\u0161avaju da doku\u010de istinu o doga\u0111ajima na kosovskom rati\u0161tu godine 1999. Tragaju\u0107i za ratnom pri\u010dom, ispredenom oko \u010carlija \u2013 pi\u0161\u010devog alter ega i junaka romana Krvoslednici i Manchester City Blues \u2013 \u201eistra\u017eitelji\u201c \u0107e i u sebi prepoznati ravnodu\u0161nost, strah, spremnost da se \u201ehrabro\u201c zabije glava u pijesak i odsustvo hrabrosti da se istina prika\u017ee onakvom kakva zaista jeste: gola, sama i \u201ezavarena\u201c na stub sramote! Uprkos dobrim namjerama \u2013 onim istim kojima je poplo\u010dan put do pakla \u2013 \u201enosioci blagovesti\u201c skoro neprimjetno dovode \u010ditaoca pred te\u017eak i vje\u010diti izbor izme\u0111u opojne arome la\u017ei i gorkog ukusa istine.<br \/>\nIspri\u010dan kroz glasove tridesetak likova \u2013 \u010dije se ispovjesti \u201elepe\u201c jedna na drugu \u2013 i zadr\u017eavaju\u0107i prividno linearni tok naracije, ovaj roman pripovijeda \u017eestoku, i u isto vrijeme dirljivu pri\u010du o hrabrosti i \u010dasti, gluposti i mr\u017enji&#8230;<br \/>\nAli i o ljubavi, prije svega.<\/p>","protected":false},"excerpt":{"rendered":"<div id=\"ctl00_ctl00_MainContentHolder_MainContentHolder_productControl_ProductDescriptionsControl_repeaterDescriptionGroups_ctl00_repeaterDescriptionData_ctl00_descriptionItemHolder\" class=\"descriptionItemHolder\"><span class=\"productDescriptionItemKey\">Pisac: Sa\u0161a Stojanovi\u0107<\/span><\/div>\n<div>\u017danr: Roman<\/div>\n<div class=\"descriptionItemHolder\"><span class=\"productDescriptionItemKey\">Jezik izdanja: Srpski<\/span><\/div>\n<div id=\"ctl00_ctl00_MainContentHolder_MainContentHolder_productControl_ProductDescriptionsControl_repeaterDescriptionGroups_ctl00_repeaterDescriptionData_ctl01_descriptionItemHolder\" class=\"descriptionItemHolder\"><span class=\"productDescriptionItemKey\">Godina izdanja:<\/span><span class=\"productDescriptionItemValue\">2012<\/span><\/div>\n<div id=\"ctl00_ctl00_MainContentHolder_MainContentHolder_productControl_ProductDescriptionsControl_repeaterDescriptionGroups_ctl00_repeaterDescriptionData_ctl02_descriptionItemHolder\" class=\"descriptionItemHolder\"><span class=\"productDescriptionItemKey\">Broj stranica:<\/span><span class=\"productDescriptionItemValue\">265<\/span><\/div>\n<div class=\"descriptionItemHolder\"><span class=\"productDescriptionItemKey\">Uvez:<\/span><span class=\"productDescriptionItemValue\">Meki uvez<\/span><\/div>\n<div id=\"ctl00_ctl00_MainContentHolder_MainContentHolder_productControl_ProductDescriptionsControl_repeaterDescriptionGroups_ctl00_repeaterDescriptionData_ctl04_descriptionItemHolder\" class=\"descriptionItemHolder\"><span class=\"productDescriptionItemKey\">Format:<\/span><a id=\"ctl00_ctl00_MainContentHolder_MainContentHolder_productControl_ProductDescriptionsControl_repeaterDescriptionGroups_ctl00_repeaterDescriptionData_ctl04_dataLink\" class=\"productDescriptionItemValue\" href=\"https:\/\/www.knjizara-dominovic.hr\/Data\/205-cm.html?q=ZGRcMjc5OTI0MQ%3d%3d\">20,5 cm<\/a><\/div>\n<div id=\"ctl00_ctl00_MainContentHolder_MainContentHolder_productControl_ProductDescriptionsControl_repeaterDescriptionGroups_ctl00_repeaterDescriptionData_ctl05_descriptionItemHolder\" class=\"descriptionItemHolder\"><span class=\"productDescriptionItemKey\">ISBN:<\/span><span class=\"productDescriptionItemValue\">978-9958-787-67-6<\/span><\/div>\n<div id=\"ctl00_ctl00_MainContentHolder_MainContentHolder_productControl_ProductDescriptionsControl_repeaterDescriptionGroups_ctl00_repeaterDescriptionData_ctl06_descriptionItemHolder\" class=\"descriptionItemHolder\"><span class=\"productDescriptionItemKey\">Izdava\u010d: <\/span><span class=\"productDescriptionItemValue\"><a id=\"ctl00_ctl00_MainContentHolder_MainContentHolder_productControl_ProductDescriptionsControl_repeaterDescriptionGroups_ctl00_repeaterDescriptionData_ctl06_repeaterDescriptionEntities_ctl00_link\" href=\"https:\/\/www.knjizara-dominovic.hr\/Entitet\/ZALIHICA.html?q=ZGVcMjAzOQ%3d%3d\">ZALIHICA<\/a><\/span><\/div>","protected":false},"featured_media":11126,"template":"","meta":[],"product_brand":[],"product_cat":[315],"product_tag":[427,428,324],"class_list":{"0":"post-11124","1":"product","2":"type-product","3":"status-publish","4":"has-post-thumbnail","6":"product_cat-roman","7":"product_tag-sasa-stojanovic","8":"product_tag-var","9":"product_tag-zalihica","11":"first","12":"instock","13":"sale","14":"taxable","15":"shipping-taxable","16":"purchasable","17":"product-type-simple"},"yoast_head":"<!-- This site is optimized with the Yoast SEO plugin v27.5 - https:\/\/yoast.com\/product\/yoast-seo-wordpress\/ -->\n<title>VAR - KNJIGOLJUBAC<\/title>\n<meta name=\"robots\" content=\"index, follow, max-snippet:-1, max-image-preview:large, max-video-preview:-1\" \/>\n<link rel=\"canonical\" href=\"https:\/\/knjigoljubac.ba\/bs\/product\/var\/\" \/>\n<meta property=\"og:locale\" content=\"bs_BA\" \/>\n<meta property=\"og:type\" content=\"article\" \/>\n<meta property=\"og:title\" content=\"VAR - KNJIGOLJUBAC\" \/>\n<meta property=\"og:description\" content=\"Pisac: Sa\u0161a Stojanovi\u0107 \u017danr: Roman Jezik izdanja: Srpski Godina izdanja:2012 Broj stranica:265 Uvez:Meki uvez Format:20,5 cm ISBN:978-9958-787-67-6 Izdava\u010d: ZALIHICA\" \/>\n<meta property=\"og:url\" content=\"https:\/\/knjigoljubac.ba\/bs\/product\/var\/\" \/>\n<meta property=\"og:site_name\" content=\"KNJIGOLJUBAC\" \/>\n<meta property=\"article:publisher\" content=\"https:\/\/www.facebook.com\/knjigoljubacba-106067741319857\/?ref=pages_you_manage\" \/>\n<meta property=\"article:modified_time\" content=\"2020-03-24T08:46:10+00:00\" \/>\n<meta property=\"og:image\" content=\"https:\/\/knjigoljubac.ba\/wp-content\/uploads\/2020\/02\/varr.jpg\" \/>\n\t<meta property=\"og:image:width\" content=\"160\" \/>\n\t<meta property=\"og:image:height\" content=\"226\" \/>\n\t<meta property=\"og:image:type\" content=\"image\/jpeg\" \/>\n<meta name=\"twitter:card\" content=\"summary_large_image\" \/>\n<meta name=\"twitter:label1\" content=\"Est. reading time\" \/>\n\t<meta name=\"twitter:data1\" content=\"1 minuta\" \/>\n<script type=\"application\/ld+json\" class=\"yoast-schema-graph\">{\"@context\":\"https:\\\/\\\/schema.org\",\"@graph\":[{\"@type\":\"WebPage\",\"@id\":\"https:\\\/\\\/knjigoljubac.ba\\\/product\\\/var\\\/\",\"url\":\"https:\\\/\\\/knjigoljubac.ba\\\/product\\\/var\\\/\",\"name\":\"VAR - KNJIGOLJUBAC\",\"isPartOf\":{\"@id\":\"https:\\\/\\\/knjigoljubac.ba\\\/#website\"},\"primaryImageOfPage\":{\"@id\":\"https:\\\/\\\/knjigoljubac.ba\\\/product\\\/var\\\/#primaryimage\"},\"image\":{\"@id\":\"https:\\\/\\\/knjigoljubac.ba\\\/product\\\/var\\\/#primaryimage\"},\"thumbnailUrl\":\"https:\\\/\\\/knjigoljubac.ba\\\/wp-content\\\/uploads\\\/2020\\\/02\\\/varr.jpg\",\"datePublished\":\"2020-02-19T12:53:12+00:00\",\"dateModified\":\"2020-03-24T08:46:10+00:00\",\"breadcrumb\":{\"@id\":\"https:\\\/\\\/knjigoljubac.ba\\\/product\\\/var\\\/#breadcrumb\"},\"inLanguage\":\"bs-BA\",\"potentialAction\":[{\"@type\":\"ReadAction\",\"target\":[\"https:\\\/\\\/knjigoljubac.ba\\\/product\\\/var\\\/\"]}]},{\"@type\":\"ImageObject\",\"inLanguage\":\"bs-BA\",\"@id\":\"https:\\\/\\\/knjigoljubac.ba\\\/product\\\/var\\\/#primaryimage\",\"url\":\"https:\\\/\\\/knjigoljubac.ba\\\/wp-content\\\/uploads\\\/2020\\\/02\\\/varr.jpg\",\"contentUrl\":\"https:\\\/\\\/knjigoljubac.ba\\\/wp-content\\\/uploads\\\/2020\\\/02\\\/varr.jpg\",\"width\":160,\"height\":226},{\"@type\":\"BreadcrumbList\",\"@id\":\"https:\\\/\\\/knjigoljubac.ba\\\/product\\\/var\\\/#breadcrumb\",\"itemListElement\":[{\"@type\":\"ListItem\",\"position\":1,\"name\":\"Po\u010detna stranica\",\"item\":\"https:\\\/\\\/knjigoljubac.ba\\\/\"},{\"@type\":\"ListItem\",\"position\":2,\"name\":\"Trgovina\",\"item\":\"https:\\\/\\\/knjigoljubac.ba\\\/trgovina\\\/\"},{\"@type\":\"ListItem\",\"position\":3,\"name\":\"VAR\"}]},{\"@type\":\"WebSite\",\"@id\":\"https:\\\/\\\/knjigoljubac.ba\\\/#website\",\"url\":\"https:\\\/\\\/knjigoljubac.ba\\\/\",\"name\":\"KNJIGOLJUBAC\",\"description\":\"Va\u0161a online knji\u017eara\",\"publisher\":{\"@id\":\"https:\\\/\\\/knjigoljubac.ba\\\/#organization\"},\"potentialAction\":[{\"@type\":\"SearchAction\",\"target\":{\"@type\":\"EntryPoint\",\"urlTemplate\":\"https:\\\/\\\/knjigoljubac.ba\\\/?s={search_term_string}\"},\"query-input\":{\"@type\":\"PropertyValueSpecification\",\"valueRequired\":true,\"valueName\":\"search_term_string\"}}],\"inLanguage\":\"bs-BA\"},{\"@type\":\"Organization\",\"@id\":\"https:\\\/\\\/knjigoljubac.ba\\\/#organization\",\"name\":\"KNJIGOLJUBAC\",\"url\":\"https:\\\/\\\/knjigoljubac.ba\\\/\",\"logo\":{\"@type\":\"ImageObject\",\"inLanguage\":\"bs-BA\",\"@id\":\"https:\\\/\\\/knjigoljubac.ba\\\/#\\\/schema\\\/logo\\\/image\\\/\",\"url\":\"https:\\\/\\\/knjigoljubac.ba\\\/wp-content\\\/uploads\\\/2021\\\/09\\\/logo-novi-1024x465.png\",\"contentUrl\":\"https:\\\/\\\/knjigoljubac.ba\\\/wp-content\\\/uploads\\\/2021\\\/09\\\/logo-novi-1024x465.png\",\"width\":1024,\"height\":465,\"caption\":\"KNJIGOLJUBAC\"},\"image\":{\"@id\":\"https:\\\/\\\/knjigoljubac.ba\\\/#\\\/schema\\\/logo\\\/image\\\/\"},\"sameAs\":[\"https:\\\/\\\/www.facebook.com\\\/knjigoljubacba-106067741319857\\\/?ref=pages_you_manage\",\"https:\\\/\\\/www.instagram.com\\\/knjigoljubacbrcko\\\/\"]}]}<\/script>\n<!-- \/ Yoast SEO plugin. -->","yoast_head_json":{"title":"VAR - KNJIGOLJUBAC","robots":{"index":"index","follow":"follow","max-snippet":"max-snippet:-1","max-image-preview":"max-image-preview:large","max-video-preview":"max-video-preview:-1"},"canonical":"https:\/\/knjigoljubac.ba\/bs\/product\/var\/","og_locale":"bs_BA","og_type":"article","og_title":"VAR - KNJIGOLJUBAC","og_description":"Pisac: Sa\u0161a Stojanovi\u0107 \u017danr: Roman Jezik izdanja: Srpski Godina izdanja:2012 Broj stranica:265 Uvez:Meki uvez Format:20,5 cm ISBN:978-9958-787-67-6 Izdava\u010d: ZALIHICA","og_url":"https:\/\/knjigoljubac.ba\/bs\/product\/var\/","og_site_name":"KNJIGOLJUBAC","article_publisher":"https:\/\/www.facebook.com\/knjigoljubacba-106067741319857\/?ref=pages_you_manage","article_modified_time":"2020-03-24T08:46:10+00:00","og_image":[{"width":160,"height":226,"url":"https:\/\/knjigoljubac.ba\/wp-content\/uploads\/2020\/02\/varr.jpg","type":"image\/jpeg"}],"twitter_card":"summary_large_image","twitter_misc":{"Est. reading time":"1 minuta"},"schema":{"@context":"https:\/\/schema.org","@graph":[{"@type":"WebPage","@id":"https:\/\/knjigoljubac.ba\/product\/var\/","url":"https:\/\/knjigoljubac.ba\/product\/var\/","name":"VAR - KNJIGOLJUBAC","isPartOf":{"@id":"https:\/\/knjigoljubac.ba\/#website"},"primaryImageOfPage":{"@id":"https:\/\/knjigoljubac.ba\/product\/var\/#primaryimage"},"image":{"@id":"https:\/\/knjigoljubac.ba\/product\/var\/#primaryimage"},"thumbnailUrl":"https:\/\/knjigoljubac.ba\/wp-content\/uploads\/2020\/02\/varr.jpg","datePublished":"2020-02-19T12:53:12+00:00","dateModified":"2020-03-24T08:46:10+00:00","breadcrumb":{"@id":"https:\/\/knjigoljubac.ba\/product\/var\/#breadcrumb"},"inLanguage":"bs-BA","potentialAction":[{"@type":"ReadAction","target":["https:\/\/knjigoljubac.ba\/product\/var\/"]}]},{"@type":"ImageObject","inLanguage":"bs-BA","@id":"https:\/\/knjigoljubac.ba\/product\/var\/#primaryimage","url":"https:\/\/knjigoljubac.ba\/wp-content\/uploads\/2020\/02\/varr.jpg","contentUrl":"https:\/\/knjigoljubac.ba\/wp-content\/uploads\/2020\/02\/varr.jpg","width":160,"height":226},{"@type":"BreadcrumbList","@id":"https:\/\/knjigoljubac.ba\/product\/var\/#breadcrumb","itemListElement":[{"@type":"ListItem","position":1,"name":"Po\u010detna stranica","item":"https:\/\/knjigoljubac.ba\/"},{"@type":"ListItem","position":2,"name":"Trgovina","item":"https:\/\/knjigoljubac.ba\/trgovina\/"},{"@type":"ListItem","position":3,"name":"VAR"}]},{"@type":"WebSite","@id":"https:\/\/knjigoljubac.ba\/#website","url":"https:\/\/knjigoljubac.ba\/","name":"KNJIGOLJUBAC","description":"Va\u0161a online knji\u017eara","publisher":{"@id":"https:\/\/knjigoljubac.ba\/#organization"},"potentialAction":[{"@type":"SearchAction","target":{"@type":"EntryPoint","urlTemplate":"https:\/\/knjigoljubac.ba\/?s={search_term_string}"},"query-input":{"@type":"PropertyValueSpecification","valueRequired":true,"valueName":"search_term_string"}}],"inLanguage":"bs-BA"},{"@type":"Organization","@id":"https:\/\/knjigoljubac.ba\/#organization","name":"KNJIGOLJUBAC","url":"https:\/\/knjigoljubac.ba\/","logo":{"@type":"ImageObject","inLanguage":"bs-BA","@id":"https:\/\/knjigoljubac.ba\/#\/schema\/logo\/image\/","url":"https:\/\/knjigoljubac.ba\/wp-content\/uploads\/2021\/09\/logo-novi-1024x465.png","contentUrl":"https:\/\/knjigoljubac.ba\/wp-content\/uploads\/2021\/09\/logo-novi-1024x465.png","width":1024,"height":465,"caption":"KNJIGOLJUBAC"},"image":{"@id":"https:\/\/knjigoljubac.ba\/#\/schema\/logo\/image\/"},"sameAs":["https:\/\/www.facebook.com\/knjigoljubacba-106067741319857\/?ref=pages_you_manage","https:\/\/www.instagram.com\/knjigoljubacbrcko\/"]}]}},"jetpack_sharing_enabled":true,"_links":{"self":[{"href":"https:\/\/knjigoljubac.ba\/bs\/wp-json\/wp\/v2\/product\/11124","targetHints":{"allow":["GET"]}}],"collection":[{"href":"https:\/\/knjigoljubac.ba\/bs\/wp-json\/wp\/v2\/product"}],"about":[{"href":"https:\/\/knjigoljubac.ba\/bs\/wp-json\/wp\/v2\/types\/product"}],"wp:featuredmedia":[{"embeddable":true,"href":"https:\/\/knjigoljubac.ba\/bs\/wp-json\/wp\/v2\/media\/11126"}],"wp:attachment":[{"href":"https:\/\/knjigoljubac.ba\/bs\/wp-json\/wp\/v2\/media?parent=11124"}],"wp:term":[{"taxonomy":"product_brand","embeddable":true,"href":"https:\/\/knjigoljubac.ba\/bs\/wp-json\/wp\/v2\/product_brand?post=11124"},{"taxonomy":"product_cat","embeddable":true,"href":"https:\/\/knjigoljubac.ba\/bs\/wp-json\/wp\/v2\/product_cat?post=11124"},{"taxonomy":"product_tag","embeddable":true,"href":"https:\/\/knjigoljubac.ba\/bs\/wp-json\/wp\/v2\/product_tag?post=11124"}],"curies":[{"name":"wp","href":"https:\/\/api.w.org\/{rel}","templated":true}]}}