{"id":11119,"date":"2020-02-19T12:44:15","date_gmt":"2020-02-19T12:44:15","guid":{"rendered":"https:\/\/knjigoljubac.ba\/?post_type=product&#038;p=11119"},"modified":"2020-10-17T07:42:53","modified_gmt":"2020-10-17T07:42:53","slug":"rjecnik-sumnji","status":"publish","type":"product","link":"https:\/\/knjigoljubac.ba\/bs\/product\/rjecnik-sumnji\/","title":{"rendered":"RJE\u010cNIK SUMNJI"},"content":{"rendered":"<p>Rje\u010dnik sumnji, novi, \u010detvrti po redu poetski rukopis afirmiranog pjesnika, prozaika, knji\u017eevnog kriti\u010dara, urednika, antologi\u010dara i izdava\u010da Almira Zalihi\u0107a, posve je neobi\u010dna knjiga &#8211; kako u dosada\u0161njem pjesnikovanju ovog autora tako i na mapi suvremenog bh. pjesni\u0161tva uop\u0107e. Dakako, u zadnjem desetlje\u0107u Bosna i Hercegovina, kako je ve\u0107 uo\u010deno, kroz nekoliko pjesni\u010dkih imena, ima izvrsnu poeziju, ali, mora se priznati, i ova Zalihi\u0107eva pjesni\u010dka knjiga uistinu je posebno zna\u010dajan datum. Nesvakida\u0161nja knjiga, koju mo\u017eete po\u010deti \u010ditati na bilo kojoj strani da se otvori &#8211; i potvrdit \u0107e vam se jedno posebno poimanje pjesni\u0161tva: tvrdo, oporo, a istovremeno \u0107ete mo\u0107i shvatiti da je ovaj pjesnik, kojeg znamo, zapravo postao druk\u010diji, i to na na\u010din koji se iz njegove ranije poezije ipak mogao o\u010dekivati. Almir Zalihi\u0107 \u201cpoludio\u201d je, zaboravio se, izgubio sebe, definitivno uronio u poeziju i, kona\u010dno, samjerio svoj pjesni\u010dki dah i sluh s pulsom na\u0161ega svijeta u njegovoj dijalektici, u mijeni i osmozi povijesnoga i duhovnog, ne primaju\u0107i ni jedno ni drugo kao datost kojoj se pjesni\u010dka pneuma i diskurs izri\u010daja moraju povinovati nego, uzimaju\u0107i i jedno i drugo, i svijet i rije\u010d, kao prostor preoblike izraza vlastitosti u kojem ista ta vlastitost nastaje, iznova se ra\u0111aju\u0107i u prostoru koji tek treba ljudski i pjesni\u010dki osmisliti, kojemu tek treba odrediti koordinate, upori\u0161ta, repere i reference. Kona\u010dno je, dakle, ovaj pjesnik, \u201cuprtiv\u0161i\u201d svu bol (na\u0161e\/svoje) epohe, dospio na \u201cvisoravan\u201d na kojoj nema ni\u010dega osim iskustva sru\u0161enosti \u0161to potire i njega samog, kao pjesnika &#8211; tradicionalno shva\u0107enog, i \u201cpustio\u201d samu epohu da kroza nj govori. Kako da govori? Univerzalnim jezikom, naravno. A kako bi nego jezikom koji nastoji dohvatiti \u0161um univerzuma i mogao kazivati onaj ko se zaronio u op\u0107e i pritom izgubio sebe? &#8211; Ko iz mojih zjenica \/ gleda kroz prozor na ulicu? \/\u010cija ruka reda ove znakove na papiru? (Postojim li ja). Pa se, tako, metafora raseljenog lica ispostavlja kao simboli\u010dki iskaz razsredi\u0161tenosti subjektiviteta. (Podsjetimo: naslovi prethodnih triju Zalihi\u0107evih poetskih knjiga jesu &#8211; Raseljeno lice; Raseljeno lice i druge pjesme; Raseljeno lice i druk\u010dije pjesme.) Zalihi\u0107ev do\u017eivljaj svijeta \u0161to ga zatje\u010demo u knjizi Rje\u010dnik sumnji jest iskustvo boli i gor\u010dine. A tako svijet mo\u017ee do\u017eivljavati samo plemenita, da ne ka\u017eemo lijepa du\u0161a koja se svijetu, kao takvom, suprotstavlja &#8211; o pjesniku je rije\u010d: pa onda, dakle, pjesmom &#8211; i to je iskon njegove inspiracije. Individualni pjesni\u010dki glas, tako, propituju\u0107i zna\u010denje, smisao i humanisti\u010dku kvalitetu svijeta koji \u017eivi(mo), donosi nam gorak okus poraza. A da sve to nije problem samo na\u0161ega vremena &#8211; duboko nas pjesnik uvjerava disperzijom svoje pozicije, jer uporno razara tzv. lirski subjekt detemporaliziraju\u0107i ga, ili, bolje re\u0107i, \u201codijevaju\u0107i\u201d ga u ontolo\u0161ku svevremenost\/bezvremenost, u vje\u010dnost kao konstantu dehumanizirane b\u00eeti \u010dovjeka i obesmi\u0161ljene jezgre svijeta: Dr\u017ee\u0107i u svojoj napetoj ruci \/ strijelu \u010diji je vrh u mastilo umo\u010den \/ hodam rubovima vremena \/ kao po sje\u010divu ma\u010da. \/ Znam da su grijehu stani\u0161te usta. \/ Gladna ili sita, \/ svejedno. Poziciju svoga pjesnika Zalihi\u0107, naime, gradi sa svije\u0161\u0107u da je \u010dovjekov svijet neizbje\u017eno povijesna predod\u017eba, pa stoga lirski subjekt \u201cproklizava\u201d iz stati\u010dno-promatra\u010dke u situaciju nepostojanja individualiteta gdje se, potom, kao i pjesni\u010dko ja koje se raslojava, i pjesma rasta\u010de u slutnji polimorfnosti i \u201cnedovr\u0161enosti\u201d kao neminovan rezultat takve optike. Stoga su Zalihi\u0107evi pjesni\u010dki tekstovi, i kad se doimlju posve narativnim, \u010dak anegdotalnim, zapravo \u201ccedulje\u201d \u0161to kane sugerirati univerzalnu analogi\u010dnost svijesti, ali ne u maniri neosimbolista, nego je posrijedi negativ njihove predstave: to je svijest ne samo o potro\u0161enosti nego i o dijaboli\u010dnoj zlo\u0107udnosti preostalih manifestacija, registriranih recidiva biv\u0161e punine svijeta, kao u pjesmi Novo doba koja, uz ostalo, manifestira i gorkoironijsku boju kao jednu od konstantnih obilje\u017eja ove knjige&#8230;<\/p>\n<p>&#8230;<\/p>\n<p>Nesumnjivo, Rje\u010dnik sumnji Almira Zalihi\u0107a, knjiga u kojoj je svijet vi\u0111en i problematiziran u dubini svoga su\u0161tastva, a pjesni\u010dka oblikotvornost dozrela do pripadaju\u0107e adekvacije, istinski je doga\u0111aj u na\u0161oj knji\u017eevnosti. A posve sam siguran da Rje\u010dnik sumnji nije labu\u0111i pjev ovoga pjesnika i da \u0107e slijediti novi rukopisi u kojima \u0107e Zalihi\u0107 vjerojatno unekoliko disciplinirati formu i dodatno \u201cpro\u010di\u0161\u0107avati\u201d jezik, ali on sad mo\u017ee \u0161to god ho\u0107e, jer je osvojio prostor pjesni\u010dkog stanovanja u kojem su mu definitivno otvorena vrata vizije kao alkemijske procesualnosti u kojoj se svaka pojavna forma transponira u pjesmu kao razrje\u0161enje drame bivanja. Pokazao je to u velikom broju pjesama ove neobi\u010dno opse\u017ene knjige a, uz one koje sam spominjao, na kraju izdvajam i pjesmu Suncokret koja, jo\u0161 jednom, maestralno demonstrira umije\u0107e pjesni\u010dkoga govora o su\u0161tinskim slutnjama<\/p>","protected":false},"excerpt":{"rendered":"<p>Autor: Almir Zalihi\u0107<br \/>\n\u017danr: Poezija<br \/>\nBroj strana: 165<br \/>\nUvez: Bro\u0161irano<br \/>\nIzdava\u010d: Zalihica<\/p>","protected":false},"featured_media":11121,"template":"","meta":[],"product_brand":[],"product_cat":[302],"product_tag":[317,426,324],"class_list":{"0":"post-11119","1":"product","2":"type-product","3":"status-publish","4":"has-post-thumbnail","6":"product_cat-poezija","7":"product_tag-almir-zalihic","8":"product_tag-rjecnik-sumnji","9":"product_tag-zalihica","11":"first","12":"instock","13":"taxable","14":"shipping-taxable","15":"purchasable","16":"product-type-simple"},"yoast_head":"<!-- This site is optimized with the Yoast SEO plugin v27.5 - https:\/\/yoast.com\/product\/yoast-seo-wordpress\/ -->\n<title>RJE\u010cNIK SUMNJI - KNJIGOLJUBAC<\/title>\n<meta name=\"robots\" content=\"index, follow, max-snippet:-1, max-image-preview:large, max-video-preview:-1\" \/>\n<link rel=\"canonical\" href=\"https:\/\/knjigoljubac.ba\/bs\/product\/rjecnik-sumnji\/\" \/>\n<meta property=\"og:locale\" content=\"bs_BA\" \/>\n<meta property=\"og:type\" content=\"article\" \/>\n<meta property=\"og:title\" content=\"RJE\u010cNIK SUMNJI - KNJIGOLJUBAC\" \/>\n<meta property=\"og:description\" content=\"Autor: Almir Zalihi\u0107 \u017danr: Poezija Broj strana: 165 Uvez: Bro\u0161irano Izdava\u010d: Zalihica\" \/>\n<meta property=\"og:url\" content=\"https:\/\/knjigoljubac.ba\/bs\/product\/rjecnik-sumnji\/\" \/>\n<meta property=\"og:site_name\" content=\"KNJIGOLJUBAC\" \/>\n<meta property=\"article:publisher\" content=\"https:\/\/www.facebook.com\/knjigoljubacba-106067741319857\/?ref=pages_you_manage\" \/>\n<meta property=\"article:modified_time\" content=\"2020-10-17T07:42:53+00:00\" \/>\n<meta property=\"og:image\" content=\"https:\/\/knjigoljubac.ba\/wp-content\/uploads\/2020\/02\/rjecnik-sumnji.jpg\" \/>\n\t<meta property=\"og:image:width\" content=\"160\" \/>\n\t<meta property=\"og:image:height\" content=\"226\" \/>\n\t<meta property=\"og:image:type\" content=\"image\/jpeg\" \/>\n<meta name=\"twitter:card\" content=\"summary_large_image\" \/>\n<meta name=\"twitter:label1\" content=\"Est. reading time\" \/>\n\t<meta name=\"twitter:data1\" content=\"4 minute\" \/>\n<script type=\"application\/ld+json\" class=\"yoast-schema-graph\">{\"@context\":\"https:\\\/\\\/schema.org\",\"@graph\":[{\"@type\":\"WebPage\",\"@id\":\"https:\\\/\\\/knjigoljubac.ba\\\/product\\\/rjecnik-sumnji\\\/\",\"url\":\"https:\\\/\\\/knjigoljubac.ba\\\/product\\\/rjecnik-sumnji\\\/\",\"name\":\"RJE\u010cNIK SUMNJI - KNJIGOLJUBAC\",\"isPartOf\":{\"@id\":\"https:\\\/\\\/knjigoljubac.ba\\\/#website\"},\"primaryImageOfPage\":{\"@id\":\"https:\\\/\\\/knjigoljubac.ba\\\/product\\\/rjecnik-sumnji\\\/#primaryimage\"},\"image\":{\"@id\":\"https:\\\/\\\/knjigoljubac.ba\\\/product\\\/rjecnik-sumnji\\\/#primaryimage\"},\"thumbnailUrl\":\"https:\\\/\\\/knjigoljubac.ba\\\/wp-content\\\/uploads\\\/2020\\\/02\\\/rjecnik-sumnji.jpg\",\"datePublished\":\"2020-02-19T12:44:15+00:00\",\"dateModified\":\"2020-10-17T07:42:53+00:00\",\"breadcrumb\":{\"@id\":\"https:\\\/\\\/knjigoljubac.ba\\\/product\\\/rjecnik-sumnji\\\/#breadcrumb\"},\"inLanguage\":\"bs-BA\",\"potentialAction\":[{\"@type\":\"ReadAction\",\"target\":[\"https:\\\/\\\/knjigoljubac.ba\\\/product\\\/rjecnik-sumnji\\\/\"]}]},{\"@type\":\"ImageObject\",\"inLanguage\":\"bs-BA\",\"@id\":\"https:\\\/\\\/knjigoljubac.ba\\\/product\\\/rjecnik-sumnji\\\/#primaryimage\",\"url\":\"https:\\\/\\\/knjigoljubac.ba\\\/wp-content\\\/uploads\\\/2020\\\/02\\\/rjecnik-sumnji.jpg\",\"contentUrl\":\"https:\\\/\\\/knjigoljubac.ba\\\/wp-content\\\/uploads\\\/2020\\\/02\\\/rjecnik-sumnji.jpg\",\"width\":160,\"height\":226},{\"@type\":\"BreadcrumbList\",\"@id\":\"https:\\\/\\\/knjigoljubac.ba\\\/product\\\/rjecnik-sumnji\\\/#breadcrumb\",\"itemListElement\":[{\"@type\":\"ListItem\",\"position\":1,\"name\":\"Po\u010detna stranica\",\"item\":\"https:\\\/\\\/knjigoljubac.ba\\\/\"},{\"@type\":\"ListItem\",\"position\":2,\"name\":\"Trgovina\",\"item\":\"https:\\\/\\\/knjigoljubac.ba\\\/trgovina\\\/\"},{\"@type\":\"ListItem\",\"position\":3,\"name\":\"RJE\u010cNIK SUMNJI\"}]},{\"@type\":\"WebSite\",\"@id\":\"https:\\\/\\\/knjigoljubac.ba\\\/#website\",\"url\":\"https:\\\/\\\/knjigoljubac.ba\\\/\",\"name\":\"KNJIGOLJUBAC\",\"description\":\"Va\u0161a online knji\u017eara\",\"publisher\":{\"@id\":\"https:\\\/\\\/knjigoljubac.ba\\\/#organization\"},\"potentialAction\":[{\"@type\":\"SearchAction\",\"target\":{\"@type\":\"EntryPoint\",\"urlTemplate\":\"https:\\\/\\\/knjigoljubac.ba\\\/?s={search_term_string}\"},\"query-input\":{\"@type\":\"PropertyValueSpecification\",\"valueRequired\":true,\"valueName\":\"search_term_string\"}}],\"inLanguage\":\"bs-BA\"},{\"@type\":\"Organization\",\"@id\":\"https:\\\/\\\/knjigoljubac.ba\\\/#organization\",\"name\":\"KNJIGOLJUBAC\",\"url\":\"https:\\\/\\\/knjigoljubac.ba\\\/\",\"logo\":{\"@type\":\"ImageObject\",\"inLanguage\":\"bs-BA\",\"@id\":\"https:\\\/\\\/knjigoljubac.ba\\\/#\\\/schema\\\/logo\\\/image\\\/\",\"url\":\"https:\\\/\\\/knjigoljubac.ba\\\/wp-content\\\/uploads\\\/2021\\\/09\\\/logo-novi-1024x465.png\",\"contentUrl\":\"https:\\\/\\\/knjigoljubac.ba\\\/wp-content\\\/uploads\\\/2021\\\/09\\\/logo-novi-1024x465.png\",\"width\":1024,\"height\":465,\"caption\":\"KNJIGOLJUBAC\"},\"image\":{\"@id\":\"https:\\\/\\\/knjigoljubac.ba\\\/#\\\/schema\\\/logo\\\/image\\\/\"},\"sameAs\":[\"https:\\\/\\\/www.facebook.com\\\/knjigoljubacba-106067741319857\\\/?ref=pages_you_manage\",\"https:\\\/\\\/www.instagram.com\\\/knjigoljubacbrcko\\\/\"]}]}<\/script>\n<!-- \/ Yoast SEO plugin. -->","yoast_head_json":{"title":"RJE\u010cNIK SUMNJI - KNJIGOLJUBAC","robots":{"index":"index","follow":"follow","max-snippet":"max-snippet:-1","max-image-preview":"max-image-preview:large","max-video-preview":"max-video-preview:-1"},"canonical":"https:\/\/knjigoljubac.ba\/bs\/product\/rjecnik-sumnji\/","og_locale":"bs_BA","og_type":"article","og_title":"RJE\u010cNIK SUMNJI - KNJIGOLJUBAC","og_description":"Autor: Almir Zalihi\u0107 \u017danr: Poezija Broj strana: 165 Uvez: Bro\u0161irano Izdava\u010d: Zalihica","og_url":"https:\/\/knjigoljubac.ba\/bs\/product\/rjecnik-sumnji\/","og_site_name":"KNJIGOLJUBAC","article_publisher":"https:\/\/www.facebook.com\/knjigoljubacba-106067741319857\/?ref=pages_you_manage","article_modified_time":"2020-10-17T07:42:53+00:00","og_image":[{"width":160,"height":226,"url":"https:\/\/knjigoljubac.ba\/wp-content\/uploads\/2020\/02\/rjecnik-sumnji.jpg","type":"image\/jpeg"}],"twitter_card":"summary_large_image","twitter_misc":{"Est. reading time":"4 minute"},"schema":{"@context":"https:\/\/schema.org","@graph":[{"@type":"WebPage","@id":"https:\/\/knjigoljubac.ba\/product\/rjecnik-sumnji\/","url":"https:\/\/knjigoljubac.ba\/product\/rjecnik-sumnji\/","name":"RJE\u010cNIK SUMNJI - KNJIGOLJUBAC","isPartOf":{"@id":"https:\/\/knjigoljubac.ba\/#website"},"primaryImageOfPage":{"@id":"https:\/\/knjigoljubac.ba\/product\/rjecnik-sumnji\/#primaryimage"},"image":{"@id":"https:\/\/knjigoljubac.ba\/product\/rjecnik-sumnji\/#primaryimage"},"thumbnailUrl":"https:\/\/knjigoljubac.ba\/wp-content\/uploads\/2020\/02\/rjecnik-sumnji.jpg","datePublished":"2020-02-19T12:44:15+00:00","dateModified":"2020-10-17T07:42:53+00:00","breadcrumb":{"@id":"https:\/\/knjigoljubac.ba\/product\/rjecnik-sumnji\/#breadcrumb"},"inLanguage":"bs-BA","potentialAction":[{"@type":"ReadAction","target":["https:\/\/knjigoljubac.ba\/product\/rjecnik-sumnji\/"]}]},{"@type":"ImageObject","inLanguage":"bs-BA","@id":"https:\/\/knjigoljubac.ba\/product\/rjecnik-sumnji\/#primaryimage","url":"https:\/\/knjigoljubac.ba\/wp-content\/uploads\/2020\/02\/rjecnik-sumnji.jpg","contentUrl":"https:\/\/knjigoljubac.ba\/wp-content\/uploads\/2020\/02\/rjecnik-sumnji.jpg","width":160,"height":226},{"@type":"BreadcrumbList","@id":"https:\/\/knjigoljubac.ba\/product\/rjecnik-sumnji\/#breadcrumb","itemListElement":[{"@type":"ListItem","position":1,"name":"Po\u010detna stranica","item":"https:\/\/knjigoljubac.ba\/"},{"@type":"ListItem","position":2,"name":"Trgovina","item":"https:\/\/knjigoljubac.ba\/trgovina\/"},{"@type":"ListItem","position":3,"name":"RJE\u010cNIK SUMNJI"}]},{"@type":"WebSite","@id":"https:\/\/knjigoljubac.ba\/#website","url":"https:\/\/knjigoljubac.ba\/","name":"KNJIGOLJUBAC","description":"Va\u0161a online knji\u017eara","publisher":{"@id":"https:\/\/knjigoljubac.ba\/#organization"},"potentialAction":[{"@type":"SearchAction","target":{"@type":"EntryPoint","urlTemplate":"https:\/\/knjigoljubac.ba\/?s={search_term_string}"},"query-input":{"@type":"PropertyValueSpecification","valueRequired":true,"valueName":"search_term_string"}}],"inLanguage":"bs-BA"},{"@type":"Organization","@id":"https:\/\/knjigoljubac.ba\/#organization","name":"KNJIGOLJUBAC","url":"https:\/\/knjigoljubac.ba\/","logo":{"@type":"ImageObject","inLanguage":"bs-BA","@id":"https:\/\/knjigoljubac.ba\/#\/schema\/logo\/image\/","url":"https:\/\/knjigoljubac.ba\/wp-content\/uploads\/2021\/09\/logo-novi-1024x465.png","contentUrl":"https:\/\/knjigoljubac.ba\/wp-content\/uploads\/2021\/09\/logo-novi-1024x465.png","width":1024,"height":465,"caption":"KNJIGOLJUBAC"},"image":{"@id":"https:\/\/knjigoljubac.ba\/#\/schema\/logo\/image\/"},"sameAs":["https:\/\/www.facebook.com\/knjigoljubacba-106067741319857\/?ref=pages_you_manage","https:\/\/www.instagram.com\/knjigoljubacbrcko\/"]}]}},"jetpack_sharing_enabled":true,"_links":{"self":[{"href":"https:\/\/knjigoljubac.ba\/bs\/wp-json\/wp\/v2\/product\/11119","targetHints":{"allow":["GET"]}}],"collection":[{"href":"https:\/\/knjigoljubac.ba\/bs\/wp-json\/wp\/v2\/product"}],"about":[{"href":"https:\/\/knjigoljubac.ba\/bs\/wp-json\/wp\/v2\/types\/product"}],"wp:featuredmedia":[{"embeddable":true,"href":"https:\/\/knjigoljubac.ba\/bs\/wp-json\/wp\/v2\/media\/11121"}],"wp:attachment":[{"href":"https:\/\/knjigoljubac.ba\/bs\/wp-json\/wp\/v2\/media?parent=11119"}],"wp:term":[{"taxonomy":"product_brand","embeddable":true,"href":"https:\/\/knjigoljubac.ba\/bs\/wp-json\/wp\/v2\/product_brand?post=11119"},{"taxonomy":"product_cat","embeddable":true,"href":"https:\/\/knjigoljubac.ba\/bs\/wp-json\/wp\/v2\/product_cat?post=11119"},{"taxonomy":"product_tag","embeddable":true,"href":"https:\/\/knjigoljubac.ba\/bs\/wp-json\/wp\/v2\/product_tag?post=11119"}],"curies":[{"name":"wp","href":"https:\/\/api.w.org\/{rel}","templated":true}]}}