{"id":10936,"date":"2020-02-15T08:55:00","date_gmt":"2020-02-15T08:55:00","guid":{"rendered":"https:\/\/knjigoljubac.ba\/?post_type=product&#038;p=10936"},"modified":"2020-02-15T08:56:19","modified_gmt":"2020-02-15T08:56:19","slug":"za-kim-zvono-zvoni","status":"publish","type":"product","link":"https:\/\/knjigoljubac.ba\/bs\/product\/za-kim-zvono-zvoni\/","title":{"rendered":"ZA KIM ZVONO ZVONI"},"content":{"rendered":"<p>Godina je 1937. i \u0160panski gra\u0111anski rat je u punom zamahu. Robert D\u017eordan, ameri\u010dki dobrovoljac koji se pridru\u017eio gerilskim snagama na strani republikanaca, ima zadatak da minira most u Segoviji.<\/p>\n<p>Hemingvej svojim nenadma\u0161nim pripoveda\u010dkim talentom opisuje samo tri dana tog brutalnog sukoba, dovoljno da \u010ditalac shvati svu kompleksnost jedne epohe i velika isku\u0161enja kroz koja su morali da pro\u0111u oni koji su imali nesre\u0107u da u njoj \u017eive.<\/p>\n<p>Autorovo li\u010dno iskustvo iz borbe protiv fa\u0161isti\u010dkih snaga diktatora Fransiska Franka obojilo je roman intenzivno opisima stradanja, kao i unutra\u0161njim dilemama i strahovima glavnih junaka.<\/p>\n<p>Roman \u201eZa kim zvono zvoni\u201d i danas se ubraja me\u0111u najzna\u010dajnija antiratna knji\u017eevna dela, a uvodni citat engleskog pesnika D\u017eona Dona poziv je na humanost i mir, glas protiv bezumlja i razaranja.<\/p>\n<p>Prevod: Ivan Te\u0161i\u0107<\/p>","protected":false},"excerpt":{"rendered":"<p>Pisac: Ernest Hemigvej<br \/>\n<span id=\"ctl00_ctl00_CMSWebPartManager_MainProductPreview_MainProductPreviewTitle_ctl00_rptItem_rptAttributes_0_Literal1_0\">Br. str.:\u00a0<\/span><span id=\"ctl00_ctl00_CMSWebPartManager_MainProductPreview_MainProductPreviewTitle_ctl00_rptItem_rptAttributes_0_litAttribute_0\" class=\"check-attribute-value\">496<\/span><br \/>\n<span id=\"ctl00_ctl00_CMSWebPartManager_MainProductPreview_MainProductPreviewTitle_ctl00_rptItem_rptAttributes_0_Literal1_1\">Povez:\u00a0<\/span><span id=\"ctl00_ctl00_CMSWebPartManager_MainProductPreview_MainProductPreviewTitle_ctl00_rptItem_rptAttributes_0_litAttribute_1\" class=\"check-attribute-value\">bro\u0161<\/span><br \/>\n<span id=\"ctl00_ctl00_CMSWebPartManager_MainProductPreview_MainProductPreviewTitle_ctl00_rptItem_rptAttributes_0_Literal1_2\">Format:\u00a0<\/span><span id=\"ctl00_ctl00_CMSWebPartManager_MainProductPreview_MainProductPreviewTitle_ctl00_rptItem_rptAttributes_0_litAttribute_2\" class=\"check-attribute-value\">20 cm<\/span><br \/>\n<span id=\"ctl00_ctl00_CMSWebPartManager_MainProductPreview_MainProductPreviewTitle_ctl00_rptItem_rptAttributes_0_Literal1_3\">Pismo:\u00a0<\/span><span id=\"ctl00_ctl00_CMSWebPartManager_MainProductPreview_MainProductPreviewTitle_ctl00_rptItem_rptAttributes_0_litAttribute_3\" class=\"check-attribute-value\">latinica<\/span><\/p>\n<p><span id=\"ctl00_ctl00_CMSWebPartManager_MainProductPreview_MainProductPreviewTitle_ctl00_rptItem_rptAttributes_0_litAttribute_3\" class=\"check-attribute-value\"><span id=\"ctl00_ctl00_CMSWebPartManager_MainProductPreview_MainProductPreviewTitle_ctl00_rptItem_Label515_0\">Izdava\u010d:\u00a0<\/span><span id=\"ctl00_ctl00_CMSWebPartManager_MainProductPreview_MainProductPreviewTitle_ctl00_rptItem_Label4_0\">Dereta<\/span><\/span><\/p>","protected":false},"featured_media":10938,"template":"","meta":[],"product_brand":[],"product_cat":[326,315],"product_tag":[396,334,397],"class_list":{"0":"post-10936","1":"product","2":"type-product","3":"status-publish","4":"has-post-thumbnail","6":"product_cat-preporuceno","7":"product_cat-roman","8":"product_tag-hemigvej","9":"product_tag-knjigoljubac","10":"product_tag-za-kim-zvono-zvoni","12":"first","13":"instock","14":"taxable","15":"shipping-taxable","16":"purchasable","17":"product-type-simple"},"yoast_head":"<!-- This site is optimized with the Yoast SEO plugin v27.5 - https:\/\/yoast.com\/product\/yoast-seo-wordpress\/ -->\n<title>ZA KIM ZVONO ZVONI - KNJIGOLJUBAC<\/title>\n<meta name=\"robots\" content=\"index, follow, max-snippet:-1, max-image-preview:large, max-video-preview:-1\" \/>\n<link rel=\"canonical\" href=\"https:\/\/knjigoljubac.ba\/bs\/product\/za-kim-zvono-zvoni\/\" \/>\n<meta property=\"og:locale\" content=\"bs_BA\" \/>\n<meta property=\"og:type\" content=\"article\" \/>\n<meta property=\"og:title\" content=\"ZA KIM ZVONO ZVONI - KNJIGOLJUBAC\" \/>\n<meta property=\"og:description\" content=\"Pisac: Ernest Hemigvej Br. str.:\u00a0496 Povez:\u00a0bro\u0161 Format:\u00a020 cm Pismo:\u00a0latinica  Izdava\u010d:\u00a0Dereta\" \/>\n<meta property=\"og:url\" content=\"https:\/\/knjigoljubac.ba\/bs\/product\/za-kim-zvono-zvoni\/\" \/>\n<meta property=\"og:site_name\" content=\"KNJIGOLJUBAC\" \/>\n<meta property=\"article:publisher\" content=\"https:\/\/www.facebook.com\/knjigoljubacba-106067741319857\/?ref=pages_you_manage\" \/>\n<meta property=\"article:modified_time\" content=\"2020-02-15T08:56:19+00:00\" \/>\n<meta property=\"og:image\" content=\"https:\/\/knjigoljubac.ba\/wp-content\/uploads\/2020\/02\/Za-kim-zvono-zvoni-228x0-000012920277139.jpg\" \/>\n\t<meta property=\"og:image:width\" content=\"160\" \/>\n\t<meta property=\"og:image:height\" content=\"226\" \/>\n\t<meta property=\"og:image:type\" content=\"image\/jpeg\" \/>\n<meta name=\"twitter:card\" content=\"summary_large_image\" \/>\n<meta name=\"twitter:label1\" content=\"Est. reading time\" \/>\n\t<meta name=\"twitter:data1\" content=\"1 minuta\" \/>\n<script type=\"application\/ld+json\" class=\"yoast-schema-graph\">{\"@context\":\"https:\\\/\\\/schema.org\",\"@graph\":[{\"@type\":\"WebPage\",\"@id\":\"https:\\\/\\\/knjigoljubac.ba\\\/product\\\/za-kim-zvono-zvoni\\\/\",\"url\":\"https:\\\/\\\/knjigoljubac.ba\\\/product\\\/za-kim-zvono-zvoni\\\/\",\"name\":\"ZA KIM ZVONO ZVONI - KNJIGOLJUBAC\",\"isPartOf\":{\"@id\":\"https:\\\/\\\/knjigoljubac.ba\\\/#website\"},\"primaryImageOfPage\":{\"@id\":\"https:\\\/\\\/knjigoljubac.ba\\\/product\\\/za-kim-zvono-zvoni\\\/#primaryimage\"},\"image\":{\"@id\":\"https:\\\/\\\/knjigoljubac.ba\\\/product\\\/za-kim-zvono-zvoni\\\/#primaryimage\"},\"thumbnailUrl\":\"https:\\\/\\\/knjigoljubac.ba\\\/wp-content\\\/uploads\\\/2020\\\/02\\\/Za-kim-zvono-zvoni-228x0-000012920277139.jpg\",\"datePublished\":\"2020-02-15T08:55:00+00:00\",\"dateModified\":\"2020-02-15T08:56:19+00:00\",\"breadcrumb\":{\"@id\":\"https:\\\/\\\/knjigoljubac.ba\\\/product\\\/za-kim-zvono-zvoni\\\/#breadcrumb\"},\"inLanguage\":\"bs-BA\",\"potentialAction\":[{\"@type\":\"ReadAction\",\"target\":[\"https:\\\/\\\/knjigoljubac.ba\\\/product\\\/za-kim-zvono-zvoni\\\/\"]}]},{\"@type\":\"ImageObject\",\"inLanguage\":\"bs-BA\",\"@id\":\"https:\\\/\\\/knjigoljubac.ba\\\/product\\\/za-kim-zvono-zvoni\\\/#primaryimage\",\"url\":\"https:\\\/\\\/knjigoljubac.ba\\\/wp-content\\\/uploads\\\/2020\\\/02\\\/Za-kim-zvono-zvoni-228x0-000012920277139.jpg\",\"contentUrl\":\"https:\\\/\\\/knjigoljubac.ba\\\/wp-content\\\/uploads\\\/2020\\\/02\\\/Za-kim-zvono-zvoni-228x0-000012920277139.jpg\",\"width\":160,\"height\":226},{\"@type\":\"BreadcrumbList\",\"@id\":\"https:\\\/\\\/knjigoljubac.ba\\\/product\\\/za-kim-zvono-zvoni\\\/#breadcrumb\",\"itemListElement\":[{\"@type\":\"ListItem\",\"position\":1,\"name\":\"Po\u010detna stranica\",\"item\":\"https:\\\/\\\/knjigoljubac.ba\\\/\"},{\"@type\":\"ListItem\",\"position\":2,\"name\":\"Trgovina\",\"item\":\"https:\\\/\\\/knjigoljubac.ba\\\/trgovina\\\/\"},{\"@type\":\"ListItem\",\"position\":3,\"name\":\"ZA KIM ZVONO ZVONI\"}]},{\"@type\":\"WebSite\",\"@id\":\"https:\\\/\\\/knjigoljubac.ba\\\/#website\",\"url\":\"https:\\\/\\\/knjigoljubac.ba\\\/\",\"name\":\"KNJIGOLJUBAC\",\"description\":\"Va\u0161a online knji\u017eara\",\"publisher\":{\"@id\":\"https:\\\/\\\/knjigoljubac.ba\\\/#organization\"},\"potentialAction\":[{\"@type\":\"SearchAction\",\"target\":{\"@type\":\"EntryPoint\",\"urlTemplate\":\"https:\\\/\\\/knjigoljubac.ba\\\/?s={search_term_string}\"},\"query-input\":{\"@type\":\"PropertyValueSpecification\",\"valueRequired\":true,\"valueName\":\"search_term_string\"}}],\"inLanguage\":\"bs-BA\"},{\"@type\":\"Organization\",\"@id\":\"https:\\\/\\\/knjigoljubac.ba\\\/#organization\",\"name\":\"KNJIGOLJUBAC\",\"url\":\"https:\\\/\\\/knjigoljubac.ba\\\/\",\"logo\":{\"@type\":\"ImageObject\",\"inLanguage\":\"bs-BA\",\"@id\":\"https:\\\/\\\/knjigoljubac.ba\\\/#\\\/schema\\\/logo\\\/image\\\/\",\"url\":\"https:\\\/\\\/knjigoljubac.ba\\\/wp-content\\\/uploads\\\/2021\\\/09\\\/logo-novi-1024x465.png\",\"contentUrl\":\"https:\\\/\\\/knjigoljubac.ba\\\/wp-content\\\/uploads\\\/2021\\\/09\\\/logo-novi-1024x465.png\",\"width\":1024,\"height\":465,\"caption\":\"KNJIGOLJUBAC\"},\"image\":{\"@id\":\"https:\\\/\\\/knjigoljubac.ba\\\/#\\\/schema\\\/logo\\\/image\\\/\"},\"sameAs\":[\"https:\\\/\\\/www.facebook.com\\\/knjigoljubacba-106067741319857\\\/?ref=pages_you_manage\",\"https:\\\/\\\/www.instagram.com\\\/knjigoljubacbrcko\\\/\"]}]}<\/script>\n<!-- \/ Yoast SEO plugin. -->","yoast_head_json":{"title":"ZA KIM ZVONO ZVONI - KNJIGOLJUBAC","robots":{"index":"index","follow":"follow","max-snippet":"max-snippet:-1","max-image-preview":"max-image-preview:large","max-video-preview":"max-video-preview:-1"},"canonical":"https:\/\/knjigoljubac.ba\/bs\/product\/za-kim-zvono-zvoni\/","og_locale":"bs_BA","og_type":"article","og_title":"ZA KIM ZVONO ZVONI - KNJIGOLJUBAC","og_description":"Pisac: Ernest Hemigvej Br. str.:\u00a0496 Povez:\u00a0bro\u0161 Format:\u00a020 cm Pismo:\u00a0latinica  Izdava\u010d:\u00a0Dereta","og_url":"https:\/\/knjigoljubac.ba\/bs\/product\/za-kim-zvono-zvoni\/","og_site_name":"KNJIGOLJUBAC","article_publisher":"https:\/\/www.facebook.com\/knjigoljubacba-106067741319857\/?ref=pages_you_manage","article_modified_time":"2020-02-15T08:56:19+00:00","og_image":[{"width":160,"height":226,"url":"https:\/\/knjigoljubac.ba\/wp-content\/uploads\/2020\/02\/Za-kim-zvono-zvoni-228x0-000012920277139.jpg","type":"image\/jpeg"}],"twitter_card":"summary_large_image","twitter_misc":{"Est. reading time":"1 minuta"},"schema":{"@context":"https:\/\/schema.org","@graph":[{"@type":"WebPage","@id":"https:\/\/knjigoljubac.ba\/product\/za-kim-zvono-zvoni\/","url":"https:\/\/knjigoljubac.ba\/product\/za-kim-zvono-zvoni\/","name":"ZA KIM ZVONO ZVONI - KNJIGOLJUBAC","isPartOf":{"@id":"https:\/\/knjigoljubac.ba\/#website"},"primaryImageOfPage":{"@id":"https:\/\/knjigoljubac.ba\/product\/za-kim-zvono-zvoni\/#primaryimage"},"image":{"@id":"https:\/\/knjigoljubac.ba\/product\/za-kim-zvono-zvoni\/#primaryimage"},"thumbnailUrl":"https:\/\/knjigoljubac.ba\/wp-content\/uploads\/2020\/02\/Za-kim-zvono-zvoni-228x0-000012920277139.jpg","datePublished":"2020-02-15T08:55:00+00:00","dateModified":"2020-02-15T08:56:19+00:00","breadcrumb":{"@id":"https:\/\/knjigoljubac.ba\/product\/za-kim-zvono-zvoni\/#breadcrumb"},"inLanguage":"bs-BA","potentialAction":[{"@type":"ReadAction","target":["https:\/\/knjigoljubac.ba\/product\/za-kim-zvono-zvoni\/"]}]},{"@type":"ImageObject","inLanguage":"bs-BA","@id":"https:\/\/knjigoljubac.ba\/product\/za-kim-zvono-zvoni\/#primaryimage","url":"https:\/\/knjigoljubac.ba\/wp-content\/uploads\/2020\/02\/Za-kim-zvono-zvoni-228x0-000012920277139.jpg","contentUrl":"https:\/\/knjigoljubac.ba\/wp-content\/uploads\/2020\/02\/Za-kim-zvono-zvoni-228x0-000012920277139.jpg","width":160,"height":226},{"@type":"BreadcrumbList","@id":"https:\/\/knjigoljubac.ba\/product\/za-kim-zvono-zvoni\/#breadcrumb","itemListElement":[{"@type":"ListItem","position":1,"name":"Po\u010detna stranica","item":"https:\/\/knjigoljubac.ba\/"},{"@type":"ListItem","position":2,"name":"Trgovina","item":"https:\/\/knjigoljubac.ba\/trgovina\/"},{"@type":"ListItem","position":3,"name":"ZA KIM ZVONO ZVONI"}]},{"@type":"WebSite","@id":"https:\/\/knjigoljubac.ba\/#website","url":"https:\/\/knjigoljubac.ba\/","name":"KNJIGOLJUBAC","description":"Va\u0161a online knji\u017eara","publisher":{"@id":"https:\/\/knjigoljubac.ba\/#organization"},"potentialAction":[{"@type":"SearchAction","target":{"@type":"EntryPoint","urlTemplate":"https:\/\/knjigoljubac.ba\/?s={search_term_string}"},"query-input":{"@type":"PropertyValueSpecification","valueRequired":true,"valueName":"search_term_string"}}],"inLanguage":"bs-BA"},{"@type":"Organization","@id":"https:\/\/knjigoljubac.ba\/#organization","name":"KNJIGOLJUBAC","url":"https:\/\/knjigoljubac.ba\/","logo":{"@type":"ImageObject","inLanguage":"bs-BA","@id":"https:\/\/knjigoljubac.ba\/#\/schema\/logo\/image\/","url":"https:\/\/knjigoljubac.ba\/wp-content\/uploads\/2021\/09\/logo-novi-1024x465.png","contentUrl":"https:\/\/knjigoljubac.ba\/wp-content\/uploads\/2021\/09\/logo-novi-1024x465.png","width":1024,"height":465,"caption":"KNJIGOLJUBAC"},"image":{"@id":"https:\/\/knjigoljubac.ba\/#\/schema\/logo\/image\/"},"sameAs":["https:\/\/www.facebook.com\/knjigoljubacba-106067741319857\/?ref=pages_you_manage","https:\/\/www.instagram.com\/knjigoljubacbrcko\/"]}]}},"jetpack_sharing_enabled":true,"_links":{"self":[{"href":"https:\/\/knjigoljubac.ba\/bs\/wp-json\/wp\/v2\/product\/10936","targetHints":{"allow":["GET"]}}],"collection":[{"href":"https:\/\/knjigoljubac.ba\/bs\/wp-json\/wp\/v2\/product"}],"about":[{"href":"https:\/\/knjigoljubac.ba\/bs\/wp-json\/wp\/v2\/types\/product"}],"wp:featuredmedia":[{"embeddable":true,"href":"https:\/\/knjigoljubac.ba\/bs\/wp-json\/wp\/v2\/media\/10938"}],"wp:attachment":[{"href":"https:\/\/knjigoljubac.ba\/bs\/wp-json\/wp\/v2\/media?parent=10936"}],"wp:term":[{"taxonomy":"product_brand","embeddable":true,"href":"https:\/\/knjigoljubac.ba\/bs\/wp-json\/wp\/v2\/product_brand?post=10936"},{"taxonomy":"product_cat","embeddable":true,"href":"https:\/\/knjigoljubac.ba\/bs\/wp-json\/wp\/v2\/product_cat?post=10936"},{"taxonomy":"product_tag","embeddable":true,"href":"https:\/\/knjigoljubac.ba\/bs\/wp-json\/wp\/v2\/product_tag?post=10936"}],"curies":[{"name":"wp","href":"https:\/\/api.w.org\/{rel}","templated":true}]}}