{"id":10920,"date":"2020-02-15T08:32:20","date_gmt":"2020-02-15T08:32:20","guid":{"rendered":"https:\/\/knjigoljubac.ba\/?post_type=product&#038;p=10920"},"modified":"2020-10-17T08:10:56","modified_gmt":"2020-10-17T08:10:56","slug":"novo-raspece-antologija-savremene-srpske-poezije-1968-2010","status":"publish","type":"product","link":"https:\/\/knjigoljubac.ba\/bs\/product\/novo-raspece-antologija-savremene-srpske-poezije-1968-2010\/","title":{"rendered":"NOVO RASPE\u0106E \/ANTOLOGIJA SAVREMENE  SRPSKE POEZIJE 1968-2010\/"},"content":{"rendered":"<p class=\"BasicParagraph\" style=\"text-align: justify; text-indent: 8.5pt;\"><span style=\"font-size: 8.0pt; line-height: 120%; font-family: 'Arial','sans-serif';\">U vremenu potpuno poreme\u0107enih vrijednosti, u vremenu kada su blasfemija, licemerje, pohlepa i jad, poput \u010detiri jaha\u010da Apokalipse, vehementno zavladale uzdrhtalim svijetom u srpskoj knji\u017eevnosti (u posljednje tri decenije drugog milenijuma) pojavila se, gotovo autohtono i epifanijski, jedna sna\u017ena poezija koja nam je ponudila mogu\u0107nost i kolektivne i li\u010dne katarze; koja nam je ponudila \u201csvemilostivu vodu\u201d u kojoj bi i s kojom bi mogli da operemo svesti\u017eu\u0107e i nezasitne uprljane ruke oboljelog svijeta. Ova poezija je imala ambiciju da probudi i pro\u0161iri vidike savremenog svijeta, da u \u010dovjekovom bi\u0107u otkrije novu mogu\u0107nost postojanja, da objavi kompleksniju slobodu, da poka\u017ee da je pjesma izraz \u010dovjekove nepomirljivosti sa ustaljenim na\u010dinom \u017eivota, odnosno, lirsko razlaganje misaonih i emotivnih tokova, uspona i padova, svih zagonetki i tajni, misterija \u017eivota uop\u0161te. U stvari, ova poezija je predstavljala poku\u0161aj pomijeranja misli i emocija ka ne\u010dem nepoznatom i mogu\u0107em, ona je bila izraz stalnih preobra\u017eaja u \u010dovjeku, ona je bila neprestano traganje koje je (ponekad u molitvenom i ispovjednom, a vi\u0161e u burnom i ekspresivnom tonu) podsticalo kreativne promjene za daljom i dubljom humanizacijom svijeta.<\/span><\/p>","protected":false},"excerpt":{"rendered":"<p>Autor: Zoran Bognar<\/p>\n<p>Format: 170 X 240 mm<\/p>\n<p>Povez: Tvrdi<\/p>\n<p>Broj strana:300<\/p>\n<p>Izdava\u010d: Zalihica<\/p>","protected":false},"featured_media":10922,"template":"","meta":[],"product_brand":[],"product_cat":[305],"product_tag":[392,324,391],"class_list":{"0":"post-10920","1":"product","2":"type-product","3":"status-publish","4":"has-post-thumbnail","6":"product_cat-antologije","7":"product_tag-novo-raspece","8":"product_tag-zalihica","9":"product_tag-zoran-bognar","11":"first","12":"instock","13":"sale","14":"taxable","15":"shipping-taxable","16":"purchasable","17":"product-type-simple"},"yoast_head":"<!-- This site is optimized with the Yoast SEO plugin v27.5 - https:\/\/yoast.com\/product\/yoast-seo-wordpress\/ -->\n<title>NOVO RASPE\u0106E \/ANTOLOGIJA SAVREMENE SRPSKE POEZIJE 1968-2010\/ - KNJIGOLJUBAC<\/title>\n<meta name=\"robots\" content=\"index, follow, max-snippet:-1, max-image-preview:large, max-video-preview:-1\" \/>\n<link rel=\"canonical\" href=\"https:\/\/knjigoljubac.ba\/bs\/product\/novo-raspece-antologija-savremene-srpske-poezije-1968-2010\/\" \/>\n<meta property=\"og:locale\" content=\"bs_BA\" \/>\n<meta property=\"og:type\" content=\"article\" \/>\n<meta property=\"og:title\" content=\"NOVO RASPE\u0106E \/ANTOLOGIJA SAVREMENE SRPSKE POEZIJE 1968-2010\/ - KNJIGOLJUBAC\" \/>\n<meta property=\"og:description\" content=\"Autor: Zoran Bognar  Format: 170 X 240 mm  Povez: Tvrdi  Broj strana:300  Izdava\u010d: Zalihica\" \/>\n<meta property=\"og:url\" content=\"https:\/\/knjigoljubac.ba\/bs\/product\/novo-raspece-antologija-savremene-srpske-poezije-1968-2010\/\" \/>\n<meta property=\"og:site_name\" content=\"KNJIGOLJUBAC\" \/>\n<meta property=\"article:publisher\" content=\"https:\/\/www.facebook.com\/knjigoljubacba-106067741319857\/?ref=pages_you_manage\" \/>\n<meta property=\"article:modified_time\" content=\"2020-10-17T08:10:56+00:00\" \/>\n<meta property=\"og:image\" content=\"https:\/\/knjigoljubac.ba\/wp-content\/uploads\/2020\/02\/bognar.jpg\" \/>\n\t<meta property=\"og:image:width\" content=\"160\" \/>\n\t<meta property=\"og:image:height\" content=\"226\" \/>\n\t<meta property=\"og:image:type\" content=\"image\/jpeg\" \/>\n<meta name=\"twitter:card\" content=\"summary_large_image\" \/>\n<meta name=\"twitter:label1\" content=\"Est. reading time\" \/>\n\t<meta name=\"twitter:data1\" content=\"1 minuta\" \/>\n<script type=\"application\/ld+json\" class=\"yoast-schema-graph\">{\"@context\":\"https:\\\/\\\/schema.org\",\"@graph\":[{\"@type\":\"WebPage\",\"@id\":\"https:\\\/\\\/knjigoljubac.ba\\\/product\\\/novo-raspece-antologija-savremene-srpske-poezije-1968-2010\\\/\",\"url\":\"https:\\\/\\\/knjigoljubac.ba\\\/product\\\/novo-raspece-antologija-savremene-srpske-poezije-1968-2010\\\/\",\"name\":\"NOVO RASPE\u0106E \\\/ANTOLOGIJA SAVREMENE SRPSKE POEZIJE 1968-2010\\\/ - KNJIGOLJUBAC\",\"isPartOf\":{\"@id\":\"https:\\\/\\\/knjigoljubac.ba\\\/#website\"},\"primaryImageOfPage\":{\"@id\":\"https:\\\/\\\/knjigoljubac.ba\\\/product\\\/novo-raspece-antologija-savremene-srpske-poezije-1968-2010\\\/#primaryimage\"},\"image\":{\"@id\":\"https:\\\/\\\/knjigoljubac.ba\\\/product\\\/novo-raspece-antologija-savremene-srpske-poezije-1968-2010\\\/#primaryimage\"},\"thumbnailUrl\":\"https:\\\/\\\/knjigoljubac.ba\\\/wp-content\\\/uploads\\\/2020\\\/02\\\/bognar.jpg\",\"datePublished\":\"2020-02-15T08:32:20+00:00\",\"dateModified\":\"2020-10-17T08:10:56+00:00\",\"breadcrumb\":{\"@id\":\"https:\\\/\\\/knjigoljubac.ba\\\/product\\\/novo-raspece-antologija-savremene-srpske-poezije-1968-2010\\\/#breadcrumb\"},\"inLanguage\":\"bs-BA\",\"potentialAction\":[{\"@type\":\"ReadAction\",\"target\":[\"https:\\\/\\\/knjigoljubac.ba\\\/product\\\/novo-raspece-antologija-savremene-srpske-poezije-1968-2010\\\/\"]}]},{\"@type\":\"ImageObject\",\"inLanguage\":\"bs-BA\",\"@id\":\"https:\\\/\\\/knjigoljubac.ba\\\/product\\\/novo-raspece-antologija-savremene-srpske-poezije-1968-2010\\\/#primaryimage\",\"url\":\"https:\\\/\\\/knjigoljubac.ba\\\/wp-content\\\/uploads\\\/2020\\\/02\\\/bognar.jpg\",\"contentUrl\":\"https:\\\/\\\/knjigoljubac.ba\\\/wp-content\\\/uploads\\\/2020\\\/02\\\/bognar.jpg\",\"width\":160,\"height\":226},{\"@type\":\"BreadcrumbList\",\"@id\":\"https:\\\/\\\/knjigoljubac.ba\\\/product\\\/novo-raspece-antologija-savremene-srpske-poezije-1968-2010\\\/#breadcrumb\",\"itemListElement\":[{\"@type\":\"ListItem\",\"position\":1,\"name\":\"Po\u010detna stranica\",\"item\":\"https:\\\/\\\/knjigoljubac.ba\\\/\"},{\"@type\":\"ListItem\",\"position\":2,\"name\":\"Trgovina\",\"item\":\"https:\\\/\\\/knjigoljubac.ba\\\/trgovina\\\/\"},{\"@type\":\"ListItem\",\"position\":3,\"name\":\"NOVO RASPE\u0106E \\\/ANTOLOGIJA SAVREMENE SRPSKE POEZIJE 1968-2010\\\/\"}]},{\"@type\":\"WebSite\",\"@id\":\"https:\\\/\\\/knjigoljubac.ba\\\/#website\",\"url\":\"https:\\\/\\\/knjigoljubac.ba\\\/\",\"name\":\"KNJIGOLJUBAC\",\"description\":\"Va\u0161a online knji\u017eara\",\"publisher\":{\"@id\":\"https:\\\/\\\/knjigoljubac.ba\\\/#organization\"},\"potentialAction\":[{\"@type\":\"SearchAction\",\"target\":{\"@type\":\"EntryPoint\",\"urlTemplate\":\"https:\\\/\\\/knjigoljubac.ba\\\/?s={search_term_string}\"},\"query-input\":{\"@type\":\"PropertyValueSpecification\",\"valueRequired\":true,\"valueName\":\"search_term_string\"}}],\"inLanguage\":\"bs-BA\"},{\"@type\":\"Organization\",\"@id\":\"https:\\\/\\\/knjigoljubac.ba\\\/#organization\",\"name\":\"KNJIGOLJUBAC\",\"url\":\"https:\\\/\\\/knjigoljubac.ba\\\/\",\"logo\":{\"@type\":\"ImageObject\",\"inLanguage\":\"bs-BA\",\"@id\":\"https:\\\/\\\/knjigoljubac.ba\\\/#\\\/schema\\\/logo\\\/image\\\/\",\"url\":\"https:\\\/\\\/knjigoljubac.ba\\\/wp-content\\\/uploads\\\/2021\\\/09\\\/logo-novi-1024x465.png\",\"contentUrl\":\"https:\\\/\\\/knjigoljubac.ba\\\/wp-content\\\/uploads\\\/2021\\\/09\\\/logo-novi-1024x465.png\",\"width\":1024,\"height\":465,\"caption\":\"KNJIGOLJUBAC\"},\"image\":{\"@id\":\"https:\\\/\\\/knjigoljubac.ba\\\/#\\\/schema\\\/logo\\\/image\\\/\"},\"sameAs\":[\"https:\\\/\\\/www.facebook.com\\\/knjigoljubacba-106067741319857\\\/?ref=pages_you_manage\",\"https:\\\/\\\/www.instagram.com\\\/knjigoljubacbrcko\\\/\"]}]}<\/script>\n<!-- \/ Yoast SEO plugin. -->","yoast_head_json":{"title":"NOVO RASPE\u0106E \/ANTOLOGIJA SAVREMENE SRPSKE POEZIJE 1968-2010\/ - KNJIGOLJUBAC","robots":{"index":"index","follow":"follow","max-snippet":"max-snippet:-1","max-image-preview":"max-image-preview:large","max-video-preview":"max-video-preview:-1"},"canonical":"https:\/\/knjigoljubac.ba\/bs\/product\/novo-raspece-antologija-savremene-srpske-poezije-1968-2010\/","og_locale":"bs_BA","og_type":"article","og_title":"NOVO RASPE\u0106E \/ANTOLOGIJA SAVREMENE SRPSKE POEZIJE 1968-2010\/ - KNJIGOLJUBAC","og_description":"Autor: Zoran Bognar  Format: 170 X 240 mm  Povez: Tvrdi  Broj strana:300  Izdava\u010d: Zalihica","og_url":"https:\/\/knjigoljubac.ba\/bs\/product\/novo-raspece-antologija-savremene-srpske-poezije-1968-2010\/","og_site_name":"KNJIGOLJUBAC","article_publisher":"https:\/\/www.facebook.com\/knjigoljubacba-106067741319857\/?ref=pages_you_manage","article_modified_time":"2020-10-17T08:10:56+00:00","og_image":[{"width":160,"height":226,"url":"https:\/\/knjigoljubac.ba\/wp-content\/uploads\/2020\/02\/bognar.jpg","type":"image\/jpeg"}],"twitter_card":"summary_large_image","twitter_misc":{"Est. reading time":"1 minuta"},"schema":{"@context":"https:\/\/schema.org","@graph":[{"@type":"WebPage","@id":"https:\/\/knjigoljubac.ba\/product\/novo-raspece-antologija-savremene-srpske-poezije-1968-2010\/","url":"https:\/\/knjigoljubac.ba\/product\/novo-raspece-antologija-savremene-srpske-poezije-1968-2010\/","name":"NOVO RASPE\u0106E \/ANTOLOGIJA SAVREMENE SRPSKE POEZIJE 1968-2010\/ - KNJIGOLJUBAC","isPartOf":{"@id":"https:\/\/knjigoljubac.ba\/#website"},"primaryImageOfPage":{"@id":"https:\/\/knjigoljubac.ba\/product\/novo-raspece-antologija-savremene-srpske-poezije-1968-2010\/#primaryimage"},"image":{"@id":"https:\/\/knjigoljubac.ba\/product\/novo-raspece-antologija-savremene-srpske-poezije-1968-2010\/#primaryimage"},"thumbnailUrl":"https:\/\/knjigoljubac.ba\/wp-content\/uploads\/2020\/02\/bognar.jpg","datePublished":"2020-02-15T08:32:20+00:00","dateModified":"2020-10-17T08:10:56+00:00","breadcrumb":{"@id":"https:\/\/knjigoljubac.ba\/product\/novo-raspece-antologija-savremene-srpske-poezije-1968-2010\/#breadcrumb"},"inLanguage":"bs-BA","potentialAction":[{"@type":"ReadAction","target":["https:\/\/knjigoljubac.ba\/product\/novo-raspece-antologija-savremene-srpske-poezije-1968-2010\/"]}]},{"@type":"ImageObject","inLanguage":"bs-BA","@id":"https:\/\/knjigoljubac.ba\/product\/novo-raspece-antologija-savremene-srpske-poezije-1968-2010\/#primaryimage","url":"https:\/\/knjigoljubac.ba\/wp-content\/uploads\/2020\/02\/bognar.jpg","contentUrl":"https:\/\/knjigoljubac.ba\/wp-content\/uploads\/2020\/02\/bognar.jpg","width":160,"height":226},{"@type":"BreadcrumbList","@id":"https:\/\/knjigoljubac.ba\/product\/novo-raspece-antologija-savremene-srpske-poezije-1968-2010\/#breadcrumb","itemListElement":[{"@type":"ListItem","position":1,"name":"Po\u010detna stranica","item":"https:\/\/knjigoljubac.ba\/"},{"@type":"ListItem","position":2,"name":"Trgovina","item":"https:\/\/knjigoljubac.ba\/trgovina\/"},{"@type":"ListItem","position":3,"name":"NOVO RASPE\u0106E \/ANTOLOGIJA SAVREMENE SRPSKE POEZIJE 1968-2010\/"}]},{"@type":"WebSite","@id":"https:\/\/knjigoljubac.ba\/#website","url":"https:\/\/knjigoljubac.ba\/","name":"KNJIGOLJUBAC","description":"Va\u0161a online knji\u017eara","publisher":{"@id":"https:\/\/knjigoljubac.ba\/#organization"},"potentialAction":[{"@type":"SearchAction","target":{"@type":"EntryPoint","urlTemplate":"https:\/\/knjigoljubac.ba\/?s={search_term_string}"},"query-input":{"@type":"PropertyValueSpecification","valueRequired":true,"valueName":"search_term_string"}}],"inLanguage":"bs-BA"},{"@type":"Organization","@id":"https:\/\/knjigoljubac.ba\/#organization","name":"KNJIGOLJUBAC","url":"https:\/\/knjigoljubac.ba\/","logo":{"@type":"ImageObject","inLanguage":"bs-BA","@id":"https:\/\/knjigoljubac.ba\/#\/schema\/logo\/image\/","url":"https:\/\/knjigoljubac.ba\/wp-content\/uploads\/2021\/09\/logo-novi-1024x465.png","contentUrl":"https:\/\/knjigoljubac.ba\/wp-content\/uploads\/2021\/09\/logo-novi-1024x465.png","width":1024,"height":465,"caption":"KNJIGOLJUBAC"},"image":{"@id":"https:\/\/knjigoljubac.ba\/#\/schema\/logo\/image\/"},"sameAs":["https:\/\/www.facebook.com\/knjigoljubacba-106067741319857\/?ref=pages_you_manage","https:\/\/www.instagram.com\/knjigoljubacbrcko\/"]}]}},"jetpack_sharing_enabled":true,"_links":{"self":[{"href":"https:\/\/knjigoljubac.ba\/bs\/wp-json\/wp\/v2\/product\/10920","targetHints":{"allow":["GET"]}}],"collection":[{"href":"https:\/\/knjigoljubac.ba\/bs\/wp-json\/wp\/v2\/product"}],"about":[{"href":"https:\/\/knjigoljubac.ba\/bs\/wp-json\/wp\/v2\/types\/product"}],"wp:featuredmedia":[{"embeddable":true,"href":"https:\/\/knjigoljubac.ba\/bs\/wp-json\/wp\/v2\/media\/10922"}],"wp:attachment":[{"href":"https:\/\/knjigoljubac.ba\/bs\/wp-json\/wp\/v2\/media?parent=10920"}],"wp:term":[{"taxonomy":"product_brand","embeddable":true,"href":"https:\/\/knjigoljubac.ba\/bs\/wp-json\/wp\/v2\/product_brand?post=10920"},{"taxonomy":"product_cat","embeddable":true,"href":"https:\/\/knjigoljubac.ba\/bs\/wp-json\/wp\/v2\/product_cat?post=10920"},{"taxonomy":"product_tag","embeddable":true,"href":"https:\/\/knjigoljubac.ba\/bs\/wp-json\/wp\/v2\/product_tag?post=10920"}],"curies":[{"name":"wp","href":"https:\/\/api.w.org\/{rel}","templated":true}]}}