{"id":10700,"date":"2020-02-09T21:51:38","date_gmt":"2020-02-09T21:51:38","guid":{"rendered":"https:\/\/knjigoljubac.ba\/?post_type=product&#038;p=10700"},"modified":"2021-02-13T06:58:19","modified_gmt":"2021-02-13T06:58:19","slug":"10-minuta-i-38-sekundi-u-ovom-cudnom-svijetu","status":"publish","type":"product","link":"https:\/\/knjigoljubac.ba\/bs\/product\/10-minuta-i-38-sekundi-u-ovom-cudnom-svijetu\/","title":{"rendered":"10 minuta i 38 sekundi u ovom \u010dudnom svijetu"},"content":{"rendered":"<p style=\"font-weight: 300;\">ta ako, u trenutku kada srce prestane kucati, ljudski um ostaje aktivan jo\u0161 nekoliko dragocjenih minuta? Ta\u010dnije, deset minuta i trideset osam sekundi\u2026<\/p>\n<p style=\"font-weight: 300;\">Svaka minuta nakon smrti, Leili donosi novo sje\u0107anje:\u00a0odrastanje uz oca i njegove dvije \u017eene u grandioznoj staroj ku\u0107i u mirnom turskom gradi\u0107u; \u017eene koje depiliraju noge i razmjenjuju tra\u010deve dok su njihovi mu\u017eevi u d\u017eamiji; cigarete i \u010dasopisi sa Zapada koje na povratku iz \u0161kole potajno unosi u roditeljski dom; bijeg u Istanbul da izbjegne ne\u017eeljeni brak; zaljubljenost u studenta koji tokom uli\u010dnih nemira tra\u017ei skloni\u0161te u bordelu u kojem radi.<\/p>\n<p style=\"font-weight: 300;\">Svaka od njenih uspomena, koje ve\u0107 blijede, podsje\u0107a je na prijatelje koje je stekla tokom svog gorko-slatkog \u017eivota \u2013 prijatelje koji u tom trenutku o\u010dajni\u010dki tra\u017ee&#8230;<\/p>\n<p style=\"font-weight: 300;\">&#8220;Jedan od najboljih knji\u017eevnih glasova dana\u0161njice. &#8220;<\/p>\n<p style=\"font-weight: 300;\">Hanif Kureishi<\/p>\n<p style=\"font-weight: 300;\">&#8220;O\u010dekujte uzbudljive, slikovite i prosvjetljuju\u0107e opise \u017eivota na Bliskom istoku nanizane na nje\u017enu nit zapleta, op\u010dinjavaju\u0107im, prekrasnim i odmjerenim knji\u017eevnim glasom Elif \u015eafak.&#8221;<\/p>\n<p style=\"font-weight: 300;\"><em>Vanity Fair<\/em><\/p>","protected":false},"excerpt":{"rendered":"<p>Pisac: Elif \u0160afak<\/p>\n<p>\u017danr: Roman<\/p>\n<p>Broj strana: 326<\/p>\n<p>Uvez: Bro\u0161irano<\/p>\n<p>Izdava\u010d: Buybook<\/p>","protected":false},"featured_media":10701,"template":"","meta":[],"product_brand":[],"product_cat":[315],"product_tag":[357,334,337],"class_list":{"0":"post-10700","1":"product","2":"type-product","3":"status-publish","4":"has-post-thumbnail","6":"product_cat-roman","7":"product_tag-elif-safak","8":"product_tag-knjigoljubac","9":"product_tag-roman","11":"first","12":"instock","13":"taxable","14":"shipping-taxable","15":"purchasable","16":"product-type-simple"},"yoast_head":"<!-- This site is optimized with the Yoast SEO plugin v27.5 - https:\/\/yoast.com\/product\/yoast-seo-wordpress\/ -->\n<title>10 minuta i 38 sekundi u ovom \u010dudnom svijetu - KNJIGOLJUBAC<\/title>\n<meta name=\"robots\" content=\"index, follow, max-snippet:-1, max-image-preview:large, max-video-preview:-1\" \/>\n<link rel=\"canonical\" href=\"https:\/\/knjigoljubac.ba\/bs\/product\/10-minuta-i-38-sekundi-u-ovom-cudnom-svijetu\/\" \/>\n<meta property=\"og:locale\" content=\"bs_BA\" \/>\n<meta property=\"og:type\" content=\"article\" \/>\n<meta property=\"og:title\" content=\"10 minuta i 38 sekundi u ovom \u010dudnom svijetu - KNJIGOLJUBAC\" \/>\n<meta property=\"og:description\" content=\"Pisac: Elif \u0160afak  \u017danr: Roman  Broj strana: 326  Uvez: Bro\u0161irano  Izdava\u010d: Buybook\" \/>\n<meta property=\"og:url\" content=\"https:\/\/knjigoljubac.ba\/bs\/product\/10-minuta-i-38-sekundi-u-ovom-cudnom-svijetu\/\" \/>\n<meta property=\"og:site_name\" content=\"KNJIGOLJUBAC\" \/>\n<meta property=\"article:publisher\" content=\"https:\/\/www.facebook.com\/knjigoljubacba-106067741319857\/?ref=pages_you_manage\" \/>\n<meta property=\"article:modified_time\" content=\"2021-02-13T06:58:19+00:00\" \/>\n<meta property=\"og:image\" content=\"https:\/\/knjigoljubac.ba\/wp-content\/uploads\/2020\/02\/Elif-Safak_-10-minuta-i-38-sekundi-u-ovom-cudnom-svijetu.jpg\" \/>\n\t<meta property=\"og:image:width\" content=\"160\" \/>\n\t<meta property=\"og:image:height\" content=\"226\" \/>\n\t<meta property=\"og:image:type\" content=\"image\/jpeg\" \/>\n<meta name=\"twitter:card\" content=\"summary_large_image\" \/>\n<meta name=\"twitter:label1\" content=\"Est. reading time\" \/>\n\t<meta name=\"twitter:data1\" content=\"1 minuta\" \/>\n<script type=\"application\/ld+json\" class=\"yoast-schema-graph\">{\"@context\":\"https:\\\/\\\/schema.org\",\"@graph\":[{\"@type\":\"WebPage\",\"@id\":\"https:\\\/\\\/knjigoljubac.ba\\\/product\\\/10-minuta-i-38-sekundi-u-ovom-cudnom-svijetu\\\/\",\"url\":\"https:\\\/\\\/knjigoljubac.ba\\\/product\\\/10-minuta-i-38-sekundi-u-ovom-cudnom-svijetu\\\/\",\"name\":\"10 minuta i 38 sekundi u ovom \u010dudnom svijetu - KNJIGOLJUBAC\",\"isPartOf\":{\"@id\":\"https:\\\/\\\/knjigoljubac.ba\\\/#website\"},\"primaryImageOfPage\":{\"@id\":\"https:\\\/\\\/knjigoljubac.ba\\\/product\\\/10-minuta-i-38-sekundi-u-ovom-cudnom-svijetu\\\/#primaryimage\"},\"image\":{\"@id\":\"https:\\\/\\\/knjigoljubac.ba\\\/product\\\/10-minuta-i-38-sekundi-u-ovom-cudnom-svijetu\\\/#primaryimage\"},\"thumbnailUrl\":\"https:\\\/\\\/knjigoljubac.ba\\\/wp-content\\\/uploads\\\/2020\\\/02\\\/Elif-Safak_-10-minuta-i-38-sekundi-u-ovom-cudnom-svijetu.jpg\",\"datePublished\":\"2020-02-09T21:51:38+00:00\",\"dateModified\":\"2021-02-13T06:58:19+00:00\",\"breadcrumb\":{\"@id\":\"https:\\\/\\\/knjigoljubac.ba\\\/product\\\/10-minuta-i-38-sekundi-u-ovom-cudnom-svijetu\\\/#breadcrumb\"},\"inLanguage\":\"bs-BA\",\"potentialAction\":[{\"@type\":\"ReadAction\",\"target\":[\"https:\\\/\\\/knjigoljubac.ba\\\/product\\\/10-minuta-i-38-sekundi-u-ovom-cudnom-svijetu\\\/\"]}]},{\"@type\":\"ImageObject\",\"inLanguage\":\"bs-BA\",\"@id\":\"https:\\\/\\\/knjigoljubac.ba\\\/product\\\/10-minuta-i-38-sekundi-u-ovom-cudnom-svijetu\\\/#primaryimage\",\"url\":\"https:\\\/\\\/knjigoljubac.ba\\\/wp-content\\\/uploads\\\/2020\\\/02\\\/Elif-Safak_-10-minuta-i-38-sekundi-u-ovom-cudnom-svijetu.jpg\",\"contentUrl\":\"https:\\\/\\\/knjigoljubac.ba\\\/wp-content\\\/uploads\\\/2020\\\/02\\\/Elif-Safak_-10-minuta-i-38-sekundi-u-ovom-cudnom-svijetu.jpg\",\"width\":160,\"height\":226},{\"@type\":\"BreadcrumbList\",\"@id\":\"https:\\\/\\\/knjigoljubac.ba\\\/product\\\/10-minuta-i-38-sekundi-u-ovom-cudnom-svijetu\\\/#breadcrumb\",\"itemListElement\":[{\"@type\":\"ListItem\",\"position\":1,\"name\":\"Po\u010detna stranica\",\"item\":\"https:\\\/\\\/knjigoljubac.ba\\\/\"},{\"@type\":\"ListItem\",\"position\":2,\"name\":\"Trgovina\",\"item\":\"https:\\\/\\\/knjigoljubac.ba\\\/trgovina\\\/\"},{\"@type\":\"ListItem\",\"position\":3,\"name\":\"10 minuta i 38 sekundi u ovom \u010dudnom svijetu\"}]},{\"@type\":\"WebSite\",\"@id\":\"https:\\\/\\\/knjigoljubac.ba\\\/#website\",\"url\":\"https:\\\/\\\/knjigoljubac.ba\\\/\",\"name\":\"KNJIGOLJUBAC\",\"description\":\"Va\u0161a online knji\u017eara\",\"publisher\":{\"@id\":\"https:\\\/\\\/knjigoljubac.ba\\\/#organization\"},\"potentialAction\":[{\"@type\":\"SearchAction\",\"target\":{\"@type\":\"EntryPoint\",\"urlTemplate\":\"https:\\\/\\\/knjigoljubac.ba\\\/?s={search_term_string}\"},\"query-input\":{\"@type\":\"PropertyValueSpecification\",\"valueRequired\":true,\"valueName\":\"search_term_string\"}}],\"inLanguage\":\"bs-BA\"},{\"@type\":\"Organization\",\"@id\":\"https:\\\/\\\/knjigoljubac.ba\\\/#organization\",\"name\":\"KNJIGOLJUBAC\",\"url\":\"https:\\\/\\\/knjigoljubac.ba\\\/\",\"logo\":{\"@type\":\"ImageObject\",\"inLanguage\":\"bs-BA\",\"@id\":\"https:\\\/\\\/knjigoljubac.ba\\\/#\\\/schema\\\/logo\\\/image\\\/\",\"url\":\"https:\\\/\\\/knjigoljubac.ba\\\/wp-content\\\/uploads\\\/2021\\\/09\\\/logo-novi-1024x465.png\",\"contentUrl\":\"https:\\\/\\\/knjigoljubac.ba\\\/wp-content\\\/uploads\\\/2021\\\/09\\\/logo-novi-1024x465.png\",\"width\":1024,\"height\":465,\"caption\":\"KNJIGOLJUBAC\"},\"image\":{\"@id\":\"https:\\\/\\\/knjigoljubac.ba\\\/#\\\/schema\\\/logo\\\/image\\\/\"},\"sameAs\":[\"https:\\\/\\\/www.facebook.com\\\/knjigoljubacba-106067741319857\\\/?ref=pages_you_manage\",\"https:\\\/\\\/www.instagram.com\\\/knjigoljubacbrcko\\\/\"]}]}<\/script>\n<!-- \/ Yoast SEO plugin. -->","yoast_head_json":{"title":"10 minuta i 38 sekundi u ovom \u010dudnom svijetu - KNJIGOLJUBAC","robots":{"index":"index","follow":"follow","max-snippet":"max-snippet:-1","max-image-preview":"max-image-preview:large","max-video-preview":"max-video-preview:-1"},"canonical":"https:\/\/knjigoljubac.ba\/bs\/product\/10-minuta-i-38-sekundi-u-ovom-cudnom-svijetu\/","og_locale":"bs_BA","og_type":"article","og_title":"10 minuta i 38 sekundi u ovom \u010dudnom svijetu - KNJIGOLJUBAC","og_description":"Pisac: Elif \u0160afak  \u017danr: Roman  Broj strana: 326  Uvez: Bro\u0161irano  Izdava\u010d: Buybook","og_url":"https:\/\/knjigoljubac.ba\/bs\/product\/10-minuta-i-38-sekundi-u-ovom-cudnom-svijetu\/","og_site_name":"KNJIGOLJUBAC","article_publisher":"https:\/\/www.facebook.com\/knjigoljubacba-106067741319857\/?ref=pages_you_manage","article_modified_time":"2021-02-13T06:58:19+00:00","og_image":[{"width":160,"height":226,"url":"https:\/\/knjigoljubac.ba\/wp-content\/uploads\/2020\/02\/Elif-Safak_-10-minuta-i-38-sekundi-u-ovom-cudnom-svijetu.jpg","type":"image\/jpeg"}],"twitter_card":"summary_large_image","twitter_misc":{"Est. reading time":"1 minuta"},"schema":{"@context":"https:\/\/schema.org","@graph":[{"@type":"WebPage","@id":"https:\/\/knjigoljubac.ba\/product\/10-minuta-i-38-sekundi-u-ovom-cudnom-svijetu\/","url":"https:\/\/knjigoljubac.ba\/product\/10-minuta-i-38-sekundi-u-ovom-cudnom-svijetu\/","name":"10 minuta i 38 sekundi u ovom \u010dudnom svijetu - KNJIGOLJUBAC","isPartOf":{"@id":"https:\/\/knjigoljubac.ba\/#website"},"primaryImageOfPage":{"@id":"https:\/\/knjigoljubac.ba\/product\/10-minuta-i-38-sekundi-u-ovom-cudnom-svijetu\/#primaryimage"},"image":{"@id":"https:\/\/knjigoljubac.ba\/product\/10-minuta-i-38-sekundi-u-ovom-cudnom-svijetu\/#primaryimage"},"thumbnailUrl":"https:\/\/knjigoljubac.ba\/wp-content\/uploads\/2020\/02\/Elif-Safak_-10-minuta-i-38-sekundi-u-ovom-cudnom-svijetu.jpg","datePublished":"2020-02-09T21:51:38+00:00","dateModified":"2021-02-13T06:58:19+00:00","breadcrumb":{"@id":"https:\/\/knjigoljubac.ba\/product\/10-minuta-i-38-sekundi-u-ovom-cudnom-svijetu\/#breadcrumb"},"inLanguage":"bs-BA","potentialAction":[{"@type":"ReadAction","target":["https:\/\/knjigoljubac.ba\/product\/10-minuta-i-38-sekundi-u-ovom-cudnom-svijetu\/"]}]},{"@type":"ImageObject","inLanguage":"bs-BA","@id":"https:\/\/knjigoljubac.ba\/product\/10-minuta-i-38-sekundi-u-ovom-cudnom-svijetu\/#primaryimage","url":"https:\/\/knjigoljubac.ba\/wp-content\/uploads\/2020\/02\/Elif-Safak_-10-minuta-i-38-sekundi-u-ovom-cudnom-svijetu.jpg","contentUrl":"https:\/\/knjigoljubac.ba\/wp-content\/uploads\/2020\/02\/Elif-Safak_-10-minuta-i-38-sekundi-u-ovom-cudnom-svijetu.jpg","width":160,"height":226},{"@type":"BreadcrumbList","@id":"https:\/\/knjigoljubac.ba\/product\/10-minuta-i-38-sekundi-u-ovom-cudnom-svijetu\/#breadcrumb","itemListElement":[{"@type":"ListItem","position":1,"name":"Po\u010detna stranica","item":"https:\/\/knjigoljubac.ba\/"},{"@type":"ListItem","position":2,"name":"Trgovina","item":"https:\/\/knjigoljubac.ba\/trgovina\/"},{"@type":"ListItem","position":3,"name":"10 minuta i 38 sekundi u ovom \u010dudnom svijetu"}]},{"@type":"WebSite","@id":"https:\/\/knjigoljubac.ba\/#website","url":"https:\/\/knjigoljubac.ba\/","name":"KNJIGOLJUBAC","description":"Va\u0161a online knji\u017eara","publisher":{"@id":"https:\/\/knjigoljubac.ba\/#organization"},"potentialAction":[{"@type":"SearchAction","target":{"@type":"EntryPoint","urlTemplate":"https:\/\/knjigoljubac.ba\/?s={search_term_string}"},"query-input":{"@type":"PropertyValueSpecification","valueRequired":true,"valueName":"search_term_string"}}],"inLanguage":"bs-BA"},{"@type":"Organization","@id":"https:\/\/knjigoljubac.ba\/#organization","name":"KNJIGOLJUBAC","url":"https:\/\/knjigoljubac.ba\/","logo":{"@type":"ImageObject","inLanguage":"bs-BA","@id":"https:\/\/knjigoljubac.ba\/#\/schema\/logo\/image\/","url":"https:\/\/knjigoljubac.ba\/wp-content\/uploads\/2021\/09\/logo-novi-1024x465.png","contentUrl":"https:\/\/knjigoljubac.ba\/wp-content\/uploads\/2021\/09\/logo-novi-1024x465.png","width":1024,"height":465,"caption":"KNJIGOLJUBAC"},"image":{"@id":"https:\/\/knjigoljubac.ba\/#\/schema\/logo\/image\/"},"sameAs":["https:\/\/www.facebook.com\/knjigoljubacba-106067741319857\/?ref=pages_you_manage","https:\/\/www.instagram.com\/knjigoljubacbrcko\/"]}]}},"jetpack_sharing_enabled":true,"_links":{"self":[{"href":"https:\/\/knjigoljubac.ba\/bs\/wp-json\/wp\/v2\/product\/10700","targetHints":{"allow":["GET"]}}],"collection":[{"href":"https:\/\/knjigoljubac.ba\/bs\/wp-json\/wp\/v2\/product"}],"about":[{"href":"https:\/\/knjigoljubac.ba\/bs\/wp-json\/wp\/v2\/types\/product"}],"wp:featuredmedia":[{"embeddable":true,"href":"https:\/\/knjigoljubac.ba\/bs\/wp-json\/wp\/v2\/media\/10701"}],"wp:attachment":[{"href":"https:\/\/knjigoljubac.ba\/bs\/wp-json\/wp\/v2\/media?parent=10700"}],"wp:term":[{"taxonomy":"product_brand","embeddable":true,"href":"https:\/\/knjigoljubac.ba\/bs\/wp-json\/wp\/v2\/product_brand?post=10700"},{"taxonomy":"product_cat","embeddable":true,"href":"https:\/\/knjigoljubac.ba\/bs\/wp-json\/wp\/v2\/product_cat?post=10700"},{"taxonomy":"product_tag","embeddable":true,"href":"https:\/\/knjigoljubac.ba\/bs\/wp-json\/wp\/v2\/product_tag?post=10700"}],"curies":[{"name":"wp","href":"https:\/\/api.w.org\/{rel}","templated":true}]}}