{"id":10689,"date":"2020-02-09T21:27:16","date_gmt":"2020-02-09T21:27:16","guid":{"rendered":"https:\/\/knjigoljubac.ba\/?post_type=product&#038;p=10689"},"modified":"2020-10-17T07:55:09","modified_gmt":"2020-10-17T07:55:09","slug":"nezemaljski-izraz-njegovih-ruku","status":"publish","type":"product","link":"https:\/\/knjigoljubac.ba\/bs\/product\/nezemaljski-izraz-njegovih-ruku\/","title":{"rendered":"NEZEMALJSKI IZRAZ NJEGOVIH RUKU"},"content":{"rendered":"<p><em>Nezemaljski izraz njegovih ruku<\/em>\u00a0pripoveda o Sarajevskom atentatu, o na\u0161ima i o njihovima, a ustvari o tome da su i jedni i drugi na\u0161i, i da je ubistvo Franje Ferdinanda posledica modernizacijske i prosvetiteljske misije be\u010dkih vlasti u Bosni. Princip, \u010cabrinovi\u0107 i drugovi deca su svoje epohe, \u0161kolovani na romanu devetnaestog veka, na poeziji Volta Vitmana, na ruskim anarhistima i atentatorima\u2026 Be\u010d ih je opismenio i pru\u017eio im priliku da osvoje i ostvare svoje iluzije. Nikada Bosna i zapadni Balkan nisu bili evropskiji i bli\u017ei Be\u010du, Berlinu i Parizu nego trenutak pre Principovog pucnja.<\/p>\n<p>Miljenko Jergovi\u0107 napisao je i roman i pripremu za roman. Ujedno ovo je i dokumentarni tekst nastao po nizu drugih dokumentarnih tekstova, a iz njega je zatim trebalo da nastane velika fikcija. Da li je nastala? Da li je sve ovo istina, ili je izmi\u0161ljena pripovest, omladinski avanturisti\u010dki roman koji je tu\u017eno zavr\u0161io? Knjiga je to koja tera na razmi\u0161ljanje i promi\u0161ljanje, koja povest ovih prostora propituje bez ideolo\u0161kog bremena, koja poku\u0161ava shvatiti i razjasniti vreme te fikcijom o\u017eiveti ljude i doga\u0111aje koji su mo\u017eda odredili sudbinu kontinenta i nas samih.<\/p>\n<p>&nbsp;<\/p>\n<p>\u201eSpekulacije o mogu\u0107im tokovima istorije imaju smisla samo ukoliko nas dovode do dubljeg i sveobuhvatnijeg razumevanja onog jedinog toka koji se ostvario. Da bi se to desilo, \u017eivot se mora posmatrati u \u0161irokom totalitetu. A ba\u0161 to je uspelo Miljenku Jergovi\u0107u u knjizi Nezemaljski izraz njegovih ruku. Namera mi nije da pi\u0161em prikaz, ve\u0107 da u ovom \u010dasu kada se na svim stranama na\u0161eg regiona preti i zvecka oru\u017ejem, uka\u017eem na lekovitost Jergovi\u0107eve studije koja se \u010dita i kao skica za roman, i kao traktat, i kao esej, i\u2026 ma \u010dita se u jednom dahu!\u201c<br \/>\n&#8211; Dragan Veliki\u0107<\/p>","protected":false},"excerpt":{"rendered":"<p>Pisac: MILJENKO JERGOVI\u0106<\/p>\n<p>\u017danr: rOMAN<\/p>\n<p>Broj strana: 180<\/p>\n<p>Uvez: Bro\u0161irano<\/p>\n<p>Izdava\u010d: BOOKA<\/p>","protected":false},"featured_media":10690,"template":"","meta":[],"product_brand":[],"product_cat":[315],"product_tag":[351,349,350,337],"class_list":{"0":"post-10689","1":"product","2":"type-product","3":"status-publish","4":"has-post-thumbnail","6":"product_cat-roman","7":"product_tag-atentat","8":"product_tag-jergovic","9":"product_tag-ne-zemaljski","10":"product_tag-roman","12":"first","13":"instock","14":"taxable","15":"shipping-taxable","16":"purchasable","17":"product-type-simple"},"yoast_head":"<!-- This site is optimized with the Yoast SEO plugin v27.5 - https:\/\/yoast.com\/product\/yoast-seo-wordpress\/ -->\n<title>NEZEMALJSKI IZRAZ NJEGOVIH RUKU - KNJIGOLJUBAC<\/title>\n<meta name=\"robots\" content=\"index, follow, max-snippet:-1, max-image-preview:large, max-video-preview:-1\" \/>\n<link rel=\"canonical\" href=\"https:\/\/knjigoljubac.ba\/bs\/product\/nezemaljski-izraz-njegovih-ruku\/\" \/>\n<meta property=\"og:locale\" content=\"bs_BA\" \/>\n<meta property=\"og:type\" content=\"article\" \/>\n<meta property=\"og:title\" content=\"NEZEMALJSKI IZRAZ NJEGOVIH RUKU - KNJIGOLJUBAC\" \/>\n<meta property=\"og:description\" content=\"Pisac: MILJENKO JERGOVI\u0106  \u017danr: rOMAN  Broj strana: 180  Uvez: Bro\u0161irano  Izdava\u010d: BOOKA\" \/>\n<meta property=\"og:url\" content=\"https:\/\/knjigoljubac.ba\/bs\/product\/nezemaljski-izraz-njegovih-ruku\/\" \/>\n<meta property=\"og:site_name\" content=\"KNJIGOLJUBAC\" \/>\n<meta property=\"article:publisher\" content=\"https:\/\/www.facebook.com\/knjigoljubacba-106067741319857\/?ref=pages_you_manage\" \/>\n<meta property=\"article:modified_time\" content=\"2020-10-17T07:55:09+00:00\" \/>\n<meta property=\"og:image\" content=\"https:\/\/knjigoljubac.ba\/wp-content\/uploads\/2020\/02\/nezemaljski-izraz-njegovih-ruku-korice8.jpg\" \/>\n\t<meta property=\"og:image:width\" content=\"160\" \/>\n\t<meta property=\"og:image:height\" content=\"226\" \/>\n\t<meta property=\"og:image:type\" content=\"image\/jpeg\" \/>\n<meta name=\"twitter:card\" content=\"summary_large_image\" \/>\n<meta name=\"twitter:label1\" content=\"Est. reading time\" \/>\n\t<meta name=\"twitter:data1\" content=\"2 minute\" \/>\n<script type=\"application\/ld+json\" class=\"yoast-schema-graph\">{\"@context\":\"https:\\\/\\\/schema.org\",\"@graph\":[{\"@type\":\"WebPage\",\"@id\":\"https:\\\/\\\/knjigoljubac.ba\\\/product\\\/nezemaljski-izraz-njegovih-ruku\\\/\",\"url\":\"https:\\\/\\\/knjigoljubac.ba\\\/product\\\/nezemaljski-izraz-njegovih-ruku\\\/\",\"name\":\"NEZEMALJSKI IZRAZ NJEGOVIH RUKU - KNJIGOLJUBAC\",\"isPartOf\":{\"@id\":\"https:\\\/\\\/knjigoljubac.ba\\\/#website\"},\"primaryImageOfPage\":{\"@id\":\"https:\\\/\\\/knjigoljubac.ba\\\/product\\\/nezemaljski-izraz-njegovih-ruku\\\/#primaryimage\"},\"image\":{\"@id\":\"https:\\\/\\\/knjigoljubac.ba\\\/product\\\/nezemaljski-izraz-njegovih-ruku\\\/#primaryimage\"},\"thumbnailUrl\":\"https:\\\/\\\/knjigoljubac.ba\\\/wp-content\\\/uploads\\\/2020\\\/02\\\/nezemaljski-izraz-njegovih-ruku-korice8.jpg\",\"datePublished\":\"2020-02-09T21:27:16+00:00\",\"dateModified\":\"2020-10-17T07:55:09+00:00\",\"breadcrumb\":{\"@id\":\"https:\\\/\\\/knjigoljubac.ba\\\/product\\\/nezemaljski-izraz-njegovih-ruku\\\/#breadcrumb\"},\"inLanguage\":\"bs-BA\",\"potentialAction\":[{\"@type\":\"ReadAction\",\"target\":[\"https:\\\/\\\/knjigoljubac.ba\\\/product\\\/nezemaljski-izraz-njegovih-ruku\\\/\"]}]},{\"@type\":\"ImageObject\",\"inLanguage\":\"bs-BA\",\"@id\":\"https:\\\/\\\/knjigoljubac.ba\\\/product\\\/nezemaljski-izraz-njegovih-ruku\\\/#primaryimage\",\"url\":\"https:\\\/\\\/knjigoljubac.ba\\\/wp-content\\\/uploads\\\/2020\\\/02\\\/nezemaljski-izraz-njegovih-ruku-korice8.jpg\",\"contentUrl\":\"https:\\\/\\\/knjigoljubac.ba\\\/wp-content\\\/uploads\\\/2020\\\/02\\\/nezemaljski-izraz-njegovih-ruku-korice8.jpg\",\"width\":160,\"height\":226},{\"@type\":\"BreadcrumbList\",\"@id\":\"https:\\\/\\\/knjigoljubac.ba\\\/product\\\/nezemaljski-izraz-njegovih-ruku\\\/#breadcrumb\",\"itemListElement\":[{\"@type\":\"ListItem\",\"position\":1,\"name\":\"Po\u010detna stranica\",\"item\":\"https:\\\/\\\/knjigoljubac.ba\\\/\"},{\"@type\":\"ListItem\",\"position\":2,\"name\":\"Trgovina\",\"item\":\"https:\\\/\\\/knjigoljubac.ba\\\/trgovina\\\/\"},{\"@type\":\"ListItem\",\"position\":3,\"name\":\"NEZEMALJSKI IZRAZ NJEGOVIH RUKU\"}]},{\"@type\":\"WebSite\",\"@id\":\"https:\\\/\\\/knjigoljubac.ba\\\/#website\",\"url\":\"https:\\\/\\\/knjigoljubac.ba\\\/\",\"name\":\"KNJIGOLJUBAC\",\"description\":\"Va\u0161a online knji\u017eara\",\"publisher\":{\"@id\":\"https:\\\/\\\/knjigoljubac.ba\\\/#organization\"},\"potentialAction\":[{\"@type\":\"SearchAction\",\"target\":{\"@type\":\"EntryPoint\",\"urlTemplate\":\"https:\\\/\\\/knjigoljubac.ba\\\/?s={search_term_string}\"},\"query-input\":{\"@type\":\"PropertyValueSpecification\",\"valueRequired\":true,\"valueName\":\"search_term_string\"}}],\"inLanguage\":\"bs-BA\"},{\"@type\":\"Organization\",\"@id\":\"https:\\\/\\\/knjigoljubac.ba\\\/#organization\",\"name\":\"KNJIGOLJUBAC\",\"url\":\"https:\\\/\\\/knjigoljubac.ba\\\/\",\"logo\":{\"@type\":\"ImageObject\",\"inLanguage\":\"bs-BA\",\"@id\":\"https:\\\/\\\/knjigoljubac.ba\\\/#\\\/schema\\\/logo\\\/image\\\/\",\"url\":\"https:\\\/\\\/knjigoljubac.ba\\\/wp-content\\\/uploads\\\/2021\\\/09\\\/logo-novi-1024x465.png\",\"contentUrl\":\"https:\\\/\\\/knjigoljubac.ba\\\/wp-content\\\/uploads\\\/2021\\\/09\\\/logo-novi-1024x465.png\",\"width\":1024,\"height\":465,\"caption\":\"KNJIGOLJUBAC\"},\"image\":{\"@id\":\"https:\\\/\\\/knjigoljubac.ba\\\/#\\\/schema\\\/logo\\\/image\\\/\"},\"sameAs\":[\"https:\\\/\\\/www.facebook.com\\\/knjigoljubacba-106067741319857\\\/?ref=pages_you_manage\",\"https:\\\/\\\/www.instagram.com\\\/knjigoljubacbrcko\\\/\"]}]}<\/script>\n<!-- \/ Yoast SEO plugin. -->","yoast_head_json":{"title":"NEZEMALJSKI IZRAZ NJEGOVIH RUKU - KNJIGOLJUBAC","robots":{"index":"index","follow":"follow","max-snippet":"max-snippet:-1","max-image-preview":"max-image-preview:large","max-video-preview":"max-video-preview:-1"},"canonical":"https:\/\/knjigoljubac.ba\/bs\/product\/nezemaljski-izraz-njegovih-ruku\/","og_locale":"bs_BA","og_type":"article","og_title":"NEZEMALJSKI IZRAZ NJEGOVIH RUKU - KNJIGOLJUBAC","og_description":"Pisac: MILJENKO JERGOVI\u0106  \u017danr: rOMAN  Broj strana: 180  Uvez: Bro\u0161irano  Izdava\u010d: BOOKA","og_url":"https:\/\/knjigoljubac.ba\/bs\/product\/nezemaljski-izraz-njegovih-ruku\/","og_site_name":"KNJIGOLJUBAC","article_publisher":"https:\/\/www.facebook.com\/knjigoljubacba-106067741319857\/?ref=pages_you_manage","article_modified_time":"2020-10-17T07:55:09+00:00","og_image":[{"width":160,"height":226,"url":"https:\/\/knjigoljubac.ba\/wp-content\/uploads\/2020\/02\/nezemaljski-izraz-njegovih-ruku-korice8.jpg","type":"image\/jpeg"}],"twitter_card":"summary_large_image","twitter_misc":{"Est. reading time":"2 minute"},"schema":{"@context":"https:\/\/schema.org","@graph":[{"@type":"WebPage","@id":"https:\/\/knjigoljubac.ba\/product\/nezemaljski-izraz-njegovih-ruku\/","url":"https:\/\/knjigoljubac.ba\/product\/nezemaljski-izraz-njegovih-ruku\/","name":"NEZEMALJSKI IZRAZ NJEGOVIH RUKU - KNJIGOLJUBAC","isPartOf":{"@id":"https:\/\/knjigoljubac.ba\/#website"},"primaryImageOfPage":{"@id":"https:\/\/knjigoljubac.ba\/product\/nezemaljski-izraz-njegovih-ruku\/#primaryimage"},"image":{"@id":"https:\/\/knjigoljubac.ba\/product\/nezemaljski-izraz-njegovih-ruku\/#primaryimage"},"thumbnailUrl":"https:\/\/knjigoljubac.ba\/wp-content\/uploads\/2020\/02\/nezemaljski-izraz-njegovih-ruku-korice8.jpg","datePublished":"2020-02-09T21:27:16+00:00","dateModified":"2020-10-17T07:55:09+00:00","breadcrumb":{"@id":"https:\/\/knjigoljubac.ba\/product\/nezemaljski-izraz-njegovih-ruku\/#breadcrumb"},"inLanguage":"bs-BA","potentialAction":[{"@type":"ReadAction","target":["https:\/\/knjigoljubac.ba\/product\/nezemaljski-izraz-njegovih-ruku\/"]}]},{"@type":"ImageObject","inLanguage":"bs-BA","@id":"https:\/\/knjigoljubac.ba\/product\/nezemaljski-izraz-njegovih-ruku\/#primaryimage","url":"https:\/\/knjigoljubac.ba\/wp-content\/uploads\/2020\/02\/nezemaljski-izraz-njegovih-ruku-korice8.jpg","contentUrl":"https:\/\/knjigoljubac.ba\/wp-content\/uploads\/2020\/02\/nezemaljski-izraz-njegovih-ruku-korice8.jpg","width":160,"height":226},{"@type":"BreadcrumbList","@id":"https:\/\/knjigoljubac.ba\/product\/nezemaljski-izraz-njegovih-ruku\/#breadcrumb","itemListElement":[{"@type":"ListItem","position":1,"name":"Po\u010detna stranica","item":"https:\/\/knjigoljubac.ba\/"},{"@type":"ListItem","position":2,"name":"Trgovina","item":"https:\/\/knjigoljubac.ba\/trgovina\/"},{"@type":"ListItem","position":3,"name":"NEZEMALJSKI IZRAZ NJEGOVIH RUKU"}]},{"@type":"WebSite","@id":"https:\/\/knjigoljubac.ba\/#website","url":"https:\/\/knjigoljubac.ba\/","name":"KNJIGOLJUBAC","description":"Va\u0161a online knji\u017eara","publisher":{"@id":"https:\/\/knjigoljubac.ba\/#organization"},"potentialAction":[{"@type":"SearchAction","target":{"@type":"EntryPoint","urlTemplate":"https:\/\/knjigoljubac.ba\/?s={search_term_string}"},"query-input":{"@type":"PropertyValueSpecification","valueRequired":true,"valueName":"search_term_string"}}],"inLanguage":"bs-BA"},{"@type":"Organization","@id":"https:\/\/knjigoljubac.ba\/#organization","name":"KNJIGOLJUBAC","url":"https:\/\/knjigoljubac.ba\/","logo":{"@type":"ImageObject","inLanguage":"bs-BA","@id":"https:\/\/knjigoljubac.ba\/#\/schema\/logo\/image\/","url":"https:\/\/knjigoljubac.ba\/wp-content\/uploads\/2021\/09\/logo-novi-1024x465.png","contentUrl":"https:\/\/knjigoljubac.ba\/wp-content\/uploads\/2021\/09\/logo-novi-1024x465.png","width":1024,"height":465,"caption":"KNJIGOLJUBAC"},"image":{"@id":"https:\/\/knjigoljubac.ba\/#\/schema\/logo\/image\/"},"sameAs":["https:\/\/www.facebook.com\/knjigoljubacba-106067741319857\/?ref=pages_you_manage","https:\/\/www.instagram.com\/knjigoljubacbrcko\/"]}]}},"jetpack_sharing_enabled":true,"_links":{"self":[{"href":"https:\/\/knjigoljubac.ba\/bs\/wp-json\/wp\/v2\/product\/10689","targetHints":{"allow":["GET"]}}],"collection":[{"href":"https:\/\/knjigoljubac.ba\/bs\/wp-json\/wp\/v2\/product"}],"about":[{"href":"https:\/\/knjigoljubac.ba\/bs\/wp-json\/wp\/v2\/types\/product"}],"wp:featuredmedia":[{"embeddable":true,"href":"https:\/\/knjigoljubac.ba\/bs\/wp-json\/wp\/v2\/media\/10690"}],"wp:attachment":[{"href":"https:\/\/knjigoljubac.ba\/bs\/wp-json\/wp\/v2\/media?parent=10689"}],"wp:term":[{"taxonomy":"product_brand","embeddable":true,"href":"https:\/\/knjigoljubac.ba\/bs\/wp-json\/wp\/v2\/product_brand?post=10689"},{"taxonomy":"product_cat","embeddable":true,"href":"https:\/\/knjigoljubac.ba\/bs\/wp-json\/wp\/v2\/product_cat?post=10689"},{"taxonomy":"product_tag","embeddable":true,"href":"https:\/\/knjigoljubac.ba\/bs\/wp-json\/wp\/v2\/product_tag?post=10689"}],"curies":[{"name":"wp","href":"https:\/\/api.w.org\/{rel}","templated":true}]}}