{"id":635,"date":"2015-10-07T07:22:18","date_gmt":"2015-10-07T07:22:18","guid":{"rendered":"http:\/\/wp.smartaddons.com\/themes\/sw_atom\/?page_id=635"},"modified":"2024-12-26T17:13:16","modified_gmt":"2024-12-26T17:13:16","slug":"o-nama","status":"publish","type":"page","link":"https:\/\/knjigoljubac.ba\/bs\/o-nama\/","title":{"rendered":"O nama"},"content":{"rendered":"<div class=\"vc_row wpb_row vc_row-fluid about-v1 vc_custom_1474008242754\"><div class=\"wpb_column vc_column_container vc_col-sm-12\"><div class=\"vc_column-inner vc_custom_1436773236798\"><div class=\"wpb_wrapper\">\n\t<div class=\"wpb_text_column wpb_content_element\" >\n\t\t<div class=\"wpb_wrapper\">\n\t\t\t<h2><strong>O NAMA<\/strong><\/h2>\n<h5>Agencija za izdavanje i prodaju knjiga KNJIGOLJUBAC osnovana je 2015. godine u Br\u010dkom.<\/h5>\n<h5>KNJIGOLJUBAC u saradnji sa IK ZALIHICA iz Sarajeva nastavlja promoviranje doma\u0107e knjige i doma\u0107ih autora. Izdava\u010dka djelatnost odlikuje se profesionalnim i inovativnim pristupom kako temama, \u017eanrovima i autorima, tako i na\u010dinu prezentacije i komunikacije s ljubiteljima dobre knjige.<\/h5>\n<h5>U knji\u017eari KNJIGOLJUBAC na Trgu mladih 15, u centru Br\u010dkog, smije\u0161tena je redakcija\u00a0 izdava\u010dke ku\u0107e.<\/h5>\n<h5>Od 2015. godine Agencija za izdavanje i prodaju knjiga KNJIGOLJUBAC suorganizator je OKTOBARSKOG SALONA KNJIGA u Sarajevu.<\/h5>\n<p>&nbsp;<\/p>\n<p><strong>ABOUT US<\/strong><\/p>\n<p>KNJIGOLJUBAC is founded in 2015.\u00a0year.\u00a0Today, Knjigoljubac is a respected publisher and promoter of the written word in Bosnia and Herzegovina.<br \/>\nIn libraries, NEW BOOK (window), after the word (poetry), look inside (fiction) A special (esoteric, science, arts) published the works of our best writers.<br \/>\nThe library of world literature published translated works of the importants world writers.<br \/>\nPublished in the library of books and manuals are intended for fans of the academic literature, such as those from the fields of mathematics, economics, pedagogy, education, linguistics, philosophy.<br \/>\nLibrary LITERATURE FOR CHILDREN published works for children and teenagers, following the trends in this area both in the field of design and illustration as well as in terms of stylistic variations.<br \/>\nBALKAN Library publishes the most significant writers of the South Slav-speaking world.<br \/>\nThere are also editions MONOGRAPH, journalism, SCIENCE &#8230;<\/p>\n<p>Thanks to the efficiency, agility, good selection of the editorial team, many of our publications have won significant awards and recognition, and some projects initiated by a fairer valuation of creative and dru\u0161tenog involvement of individual authors and their works.<\/p>\n<p>KNJIGOLJUBAC trying to be more than a publisher, to become a sort of cultural center in which to bring together authors, scholars, translators, illustrators, artists, cultural workers.<\/p>\n<p>KNJIGOLJUBAC<br \/>\nTrg mladih 15<br \/>\n76120 Br\u010dko distrikt BiH<br \/>\nBosnia and Herzegovina<br \/>\nE-mail: zalihica@gmail.com<br \/>\nWeb: www.knjioljubac.ba<br \/>\nMob: 00387 61 019 361<br \/>\n00387 65 592 248<\/p>\n\n\t\t<\/div>\n\t<\/div>\n<\/div><\/div><\/div><\/div>","protected":false},"excerpt":{"rendered":"O NAMA Agencija za izdavanje i prodaju knjiga KNJIGOLJUBAC osnovana je 2015. godine u Br\u010dkom. KNJIGOLJUBAC u saradnji sa IK ZALIHICA iz Sarajeva nastavlja promoviranje doma\u0107e knjige i doma\u0107ih autora. Izdava\u010dka djelatnost odlikuje se profesionalnim i inovativnim pristupom kako temama, &hellip; <a href=\"https:\/\/knjigoljubac.ba\/bs\/o-nama\/\">Readmore<\/a>","protected":false},"author":1,"featured_media":0,"parent":0,"menu_order":0,"comment_status":"closed","ping_status":"closed","template":"page-notitle.php","meta":{"footnotes":""},"class_list":["post-635","page","type-page","status-publish","hentry"],"yoast_head":"<!-- This site is optimized with the Yoast SEO plugin v27.5 - https:\/\/yoast.com\/product\/yoast-seo-wordpress\/ -->\n<title>O nama - KNJIGOLJUBAC<\/title>\n<meta name=\"robots\" content=\"index, follow, max-snippet:-1, max-image-preview:large, max-video-preview:-1\" \/>\n<link rel=\"canonical\" href=\"https:\/\/knjigoljubac.ba\/bs\/o-nama\/\" \/>\n<meta property=\"og:locale\" content=\"bs_BA\" \/>\n<meta property=\"og:type\" content=\"article\" \/>\n<meta property=\"og:title\" content=\"O nama - KNJIGOLJUBAC\" \/>\n<meta property=\"og:url\" content=\"https:\/\/knjigoljubac.ba\/bs\/o-nama\/\" \/>\n<meta property=\"og:site_name\" content=\"KNJIGOLJUBAC\" \/>\n<meta property=\"article:publisher\" content=\"https:\/\/www.facebook.com\/knjigoljubacba-106067741319857\/?ref=pages_you_manage\" \/>\n<meta property=\"article:modified_time\" content=\"2024-12-26T17:13:16+00:00\" \/>\n<meta name=\"twitter:card\" content=\"summary_large_image\" \/>\n<meta name=\"twitter:label1\" content=\"Est. reading time\" \/>\n\t<meta name=\"twitter:data1\" content=\"2 minute\" \/>\n<script type=\"application\/ld+json\" class=\"yoast-schema-graph\">{\"@context\":\"https:\\\/\\\/schema.org\",\"@graph\":[{\"@type\":\"WebPage\",\"@id\":\"https:\\\/\\\/knjigoljubac.ba\\\/o-nama\\\/\",\"url\":\"https:\\\/\\\/knjigoljubac.ba\\\/o-nama\\\/\",\"name\":\"O nama - KNJIGOLJUBAC\",\"isPartOf\":{\"@id\":\"https:\\\/\\\/knjigoljubac.ba\\\/#website\"},\"datePublished\":\"2015-10-07T07:22:18+00:00\",\"dateModified\":\"2024-12-26T17:13:16+00:00\",\"breadcrumb\":{\"@id\":\"https:\\\/\\\/knjigoljubac.ba\\\/o-nama\\\/#breadcrumb\"},\"inLanguage\":\"bs-BA\",\"potentialAction\":[{\"@type\":\"ReadAction\",\"target\":[\"https:\\\/\\\/knjigoljubac.ba\\\/o-nama\\\/\"]}]},{\"@type\":\"BreadcrumbList\",\"@id\":\"https:\\\/\\\/knjigoljubac.ba\\\/o-nama\\\/#breadcrumb\",\"itemListElement\":[{\"@type\":\"ListItem\",\"position\":1,\"name\":\"Po\u010detna stranica\",\"item\":\"https:\\\/\\\/knjigoljubac.ba\\\/\"},{\"@type\":\"ListItem\",\"position\":2,\"name\":\"O nama\"}]},{\"@type\":\"WebSite\",\"@id\":\"https:\\\/\\\/knjigoljubac.ba\\\/#website\",\"url\":\"https:\\\/\\\/knjigoljubac.ba\\\/\",\"name\":\"KNJIGOLJUBAC\",\"description\":\"Va\u0161a online knji\u017eara\",\"publisher\":{\"@id\":\"https:\\\/\\\/knjigoljubac.ba\\\/#organization\"},\"potentialAction\":[{\"@type\":\"SearchAction\",\"target\":{\"@type\":\"EntryPoint\",\"urlTemplate\":\"https:\\\/\\\/knjigoljubac.ba\\\/?s={search_term_string}\"},\"query-input\":{\"@type\":\"PropertyValueSpecification\",\"valueRequired\":true,\"valueName\":\"search_term_string\"}}],\"inLanguage\":\"bs-BA\"},{\"@type\":\"Organization\",\"@id\":\"https:\\\/\\\/knjigoljubac.ba\\\/#organization\",\"name\":\"KNJIGOLJUBAC\",\"url\":\"https:\\\/\\\/knjigoljubac.ba\\\/\",\"logo\":{\"@type\":\"ImageObject\",\"inLanguage\":\"bs-BA\",\"@id\":\"https:\\\/\\\/knjigoljubac.ba\\\/#\\\/schema\\\/logo\\\/image\\\/\",\"url\":\"https:\\\/\\\/knjigoljubac.ba\\\/wp-content\\\/uploads\\\/2021\\\/09\\\/logo-novi-1024x465.png\",\"contentUrl\":\"https:\\\/\\\/knjigoljubac.ba\\\/wp-content\\\/uploads\\\/2021\\\/09\\\/logo-novi-1024x465.png\",\"width\":1024,\"height\":465,\"caption\":\"KNJIGOLJUBAC\"},\"image\":{\"@id\":\"https:\\\/\\\/knjigoljubac.ba\\\/#\\\/schema\\\/logo\\\/image\\\/\"},\"sameAs\":[\"https:\\\/\\\/www.facebook.com\\\/knjigoljubacba-106067741319857\\\/?ref=pages_you_manage\",\"https:\\\/\\\/www.instagram.com\\\/knjigoljubacbrcko\\\/\"]}]}<\/script>\n<!-- \/ Yoast SEO plugin. -->","yoast_head_json":{"title":"O nama - KNJIGOLJUBAC","robots":{"index":"index","follow":"follow","max-snippet":"max-snippet:-1","max-image-preview":"max-image-preview:large","max-video-preview":"max-video-preview:-1"},"canonical":"https:\/\/knjigoljubac.ba\/bs\/o-nama\/","og_locale":"bs_BA","og_type":"article","og_title":"O nama - KNJIGOLJUBAC","og_url":"https:\/\/knjigoljubac.ba\/bs\/o-nama\/","og_site_name":"KNJIGOLJUBAC","article_publisher":"https:\/\/www.facebook.com\/knjigoljubacba-106067741319857\/?ref=pages_you_manage","article_modified_time":"2024-12-26T17:13:16+00:00","twitter_card":"summary_large_image","twitter_misc":{"Est. reading time":"2 minute"},"schema":{"@context":"https:\/\/schema.org","@graph":[{"@type":"WebPage","@id":"https:\/\/knjigoljubac.ba\/o-nama\/","url":"https:\/\/knjigoljubac.ba\/o-nama\/","name":"O nama - KNJIGOLJUBAC","isPartOf":{"@id":"https:\/\/knjigoljubac.ba\/#website"},"datePublished":"2015-10-07T07:22:18+00:00","dateModified":"2024-12-26T17:13:16+00:00","breadcrumb":{"@id":"https:\/\/knjigoljubac.ba\/o-nama\/#breadcrumb"},"inLanguage":"bs-BA","potentialAction":[{"@type":"ReadAction","target":["https:\/\/knjigoljubac.ba\/o-nama\/"]}]},{"@type":"BreadcrumbList","@id":"https:\/\/knjigoljubac.ba\/o-nama\/#breadcrumb","itemListElement":[{"@type":"ListItem","position":1,"name":"Po\u010detna stranica","item":"https:\/\/knjigoljubac.ba\/"},{"@type":"ListItem","position":2,"name":"O nama"}]},{"@type":"WebSite","@id":"https:\/\/knjigoljubac.ba\/#website","url":"https:\/\/knjigoljubac.ba\/","name":"KNJIGOLJUBAC","description":"Va\u0161a online knji\u017eara","publisher":{"@id":"https:\/\/knjigoljubac.ba\/#organization"},"potentialAction":[{"@type":"SearchAction","target":{"@type":"EntryPoint","urlTemplate":"https:\/\/knjigoljubac.ba\/?s={search_term_string}"},"query-input":{"@type":"PropertyValueSpecification","valueRequired":true,"valueName":"search_term_string"}}],"inLanguage":"bs-BA"},{"@type":"Organization","@id":"https:\/\/knjigoljubac.ba\/#organization","name":"KNJIGOLJUBAC","url":"https:\/\/knjigoljubac.ba\/","logo":{"@type":"ImageObject","inLanguage":"bs-BA","@id":"https:\/\/knjigoljubac.ba\/#\/schema\/logo\/image\/","url":"https:\/\/knjigoljubac.ba\/wp-content\/uploads\/2021\/09\/logo-novi-1024x465.png","contentUrl":"https:\/\/knjigoljubac.ba\/wp-content\/uploads\/2021\/09\/logo-novi-1024x465.png","width":1024,"height":465,"caption":"KNJIGOLJUBAC"},"image":{"@id":"https:\/\/knjigoljubac.ba\/#\/schema\/logo\/image\/"},"sameAs":["https:\/\/www.facebook.com\/knjigoljubacba-106067741319857\/?ref=pages_you_manage","https:\/\/www.instagram.com\/knjigoljubacbrcko\/"]}]}},"jetpack_sharing_enabled":true,"_links":{"self":[{"href":"https:\/\/knjigoljubac.ba\/bs\/wp-json\/wp\/v2\/pages\/635","targetHints":{"allow":["GET"]}}],"collection":[{"href":"https:\/\/knjigoljubac.ba\/bs\/wp-json\/wp\/v2\/pages"}],"about":[{"href":"https:\/\/knjigoljubac.ba\/bs\/wp-json\/wp\/v2\/types\/page"}],"author":[{"embeddable":true,"href":"https:\/\/knjigoljubac.ba\/bs\/wp-json\/wp\/v2\/users\/1"}],"replies":[{"embeddable":true,"href":"https:\/\/knjigoljubac.ba\/bs\/wp-json\/wp\/v2\/comments?post=635"}],"version-history":[{"count":9,"href":"https:\/\/knjigoljubac.ba\/bs\/wp-json\/wp\/v2\/pages\/635\/revisions"}],"predecessor-version":[{"id":12294,"href":"https:\/\/knjigoljubac.ba\/bs\/wp-json\/wp\/v2\/pages\/635\/revisions\/12294"}],"wp:attachment":[{"href":"https:\/\/knjigoljubac.ba\/bs\/wp-json\/wp\/v2\/media?parent=635"}],"curies":[{"name":"wp","href":"https:\/\/api.w.org\/{rel}","templated":true}]}}